{"id":80,"date":"2024-04-18T07:26:12","date_gmt":"2024-04-18T07:26:12","guid":{"rendered":"https:\/\/www.urmachinery.com\/?page_id=80"},"modified":"2024-04-19T06:33:04","modified_gmt":"2024-04-19T06:33:04","slug":"sobre-nosotros","status":"publish","type":"page","link":"https:\/\/www.urmachinery.com\/es\/about-us\/","title":{"rendered":"Sobre nosotros"},"content":{"rendered":"<div data-elementor-type=\"wp-page\" data-elementor-id=\"80\" class=\"elementor elementor-80\" data-elementor-post-type=\"page\">\n\t\t\t\t<div class=\"elementor-element elementor-element-7287bd52 e-flex e-con-boxed e-con e-parent\" data-id=\"7287bd52\" data-element_type=\"container\" data-e-type=\"container\" data-settings=\"{&quot;background_background&quot;:&quot;classic&quot;}\">\n\t\t\t\t\t<div class=\"e-con-inner\">\n\t\t<div class=\"elementor-element elementor-element-afddccd e-con-full e-flex e-con e-child\" data-id=\"afddccd\" data-element_type=\"container\" data-e-type=\"container\">\n\t\t\t\t<div class=\"elementor-element elementor-element-3f615af elementor-widget__width-inherit elementor-widget-divider--view-line_text elementor-widget-divider--element-align-center elementor-invisible elementor-widget elementor-widget-divider\" data-id=\"3f615af\" data-element_type=\"widget\" data-e-type=\"widget\" data-settings=\"{&quot;_animation&quot;:&quot;fadeInLeft&quot;}\" data-widget_type=\"divider.default\">\n\t\t\t\t<div class=\"elementor-widget-container\">\n\t\t\t\t\t\t\t<div class=\"elementor-divider\">\n\t\t\t<span class=\"elementor-divider-separator\">\n\t\t\t\t\t\t\t<span class=\"elementor-divider__text elementor-divider__element\">\n\t\t\t\tDesde 2008\t\t\t\t<\/span>\n\t\t\t\t\t\t<\/span>\n\t\t<\/div>\n\t\t\t\t\t\t<\/div>\n\t\t\t\t<\/div>\n\t\t\t\t<div class=\"elementor-element elementor-element-39c748fd elementor-widget__width-initial elementor-widget-tablet__width-inherit elementor-widget elementor-widget-heading\" data-id=\"39c748fd\" data-element_type=\"widget\" data-e-type=\"widget\" data-widget_type=\"heading.default\">\n\t\t\t\t<div class=\"elementor-widget-container\">\n\t\t\t\t\t<h2 class=\"elementor-heading-title elementor-size-default\">China Tamiz vibratorio<\/h2>\t\t\t\t<\/div>\n\t\t\t\t<\/div>\n\t\t\t\t<div class=\"elementor-element elementor-element-78786e00 elementor-widget__width-initial elementor-widget-tablet__width-inherit elementor-widget elementor-widget-text-editor\" data-id=\"78786e00\" data-element_type=\"widget\" data-e-type=\"widget\" data-widget_type=\"text-editor.default\">\n\t\t\t\t<div class=\"elementor-widget-container\">\n\t\t\t\t\t\t\t\t\tAAREAL Sieving est\u00e1 ubicada en la ciudad natal de los equipos de vibraci\u00f3n, la ciudad de Xinxiang, provincia de Henan, China. Nos especializamos en el dise\u00f1o y fabricaci\u00f3n de equipos de separaci\u00f3n y filtraci\u00f3n con cribas vibratorias, con m\u00e1s de 20 a\u00f1os de experiencia en la producci\u00f3n de maquinaria y equipos de cribado. Somos una de las marcas l\u00edderes en la industria del cribado fino.\t\t\t\t\t\t\t\t<\/div>\n\t\t\t\t<\/div>\n\t\t\t\t<\/div>\n\t\t\t\t<div class=\"elementor-element elementor-element-5812d76b elementor-widget__width-inherit elementor-invisible elementor-widget elementor-widget-image\" data-id=\"5812d76b\" data-element_type=\"widget\" data-e-type=\"widget\" data-settings=\"{&quot;_animation&quot;:&quot;fadeInUp&quot;}\" data-widget_type=\"image.default\">\n\t\t\t\t<div class=\"elementor-widget-container\">\n\t\t\t\t\t\t\t\t\t\t\t\t\t\t\t<img fetchpriority=\"high\" decoding=\"async\" width=\"1919\" height=\"400\" src=\"https:\/\/www.urmachinery.com\/wp-content\/uploads\/2024\/04\/AAREAL-banner.jpg\" class=\"attachment-full size-full wp-image-239\" alt=\"\" srcset=\"https:\/\/www.urmachinery.com\/wp-content\/uploads\/2024\/04\/AAREAL-banner.jpg 1919w, https:\/\/www.urmachinery.com\/wp-content\/uploads\/2024\/04\/AAREAL-banner-600x125.jpg 600w, https:\/\/www.urmachinery.com\/wp-content\/uploads\/2024\/04\/AAREAL-banner-300x63.jpg 300w, https:\/\/www.urmachinery.com\/wp-content\/uploads\/2024\/04\/AAREAL-banner-1024x213.jpg 1024w, https:\/\/www.urmachinery.com\/wp-content\/uploads\/2024\/04\/AAREAL-banner-768x160.jpg 768w, https:\/\/www.urmachinery.com\/wp-content\/uploads\/2024\/04\/AAREAL-banner-1536x320.jpg 1536w\" sizes=\"(max-width: 1919px) 100vw, 1919px\" \/>\t\t\t\t\t\t\t\t\t\t\t\t\t\t\t<\/div>\n\t\t\t\t<\/div>\n\t\t\t\t\t<\/div>\n\t\t\t\t<\/div>\n\t\t<div class=\"elementor-element elementor-element-3367b04d e-flex e-con-boxed e-con e-parent\" data-id=\"3367b04d\" data-element_type=\"container\" data-e-type=\"container\" data-settings=\"{&quot;background_background&quot;:&quot;classic&quot;}\">\n\t\t\t\t\t<div class=\"e-con-inner\">\n\t\t<div class=\"elementor-element elementor-element-3b80ad30 e-con-full e-flex e-con e-child\" data-id=\"3b80ad30\" data-element_type=\"container\" data-e-type=\"container\">\n\t\t\t\t<div class=\"elementor-element elementor-element-5bbceed7 elementor-widget__width-initial elementor-widget-tablet__width-inherit elementor-widget elementor-widget-text-editor\" data-id=\"5bbceed7\" data-element_type=\"widget\" data-e-type=\"widget\" data-widget_type=\"text-editor.default\">\n\t\t\t\t<div class=\"elementor-widget-container\">\n\t\t\t\t\t\t\t\t\tNuestra f\u00e1brica produce principalmente separadores redondos, tamices vibratorios ultras\u00f3nicos, cribas lineales, separadores de perfil bajo, cribas de tambor, cribas giratorias, cribas de probabilidad, cribas de tr\u00f3mel, tamices centr\u00edfugos de flujo de aire, tamices giratorios, cribas girosc\u00f3picas, cribas vibratorias, tamices vibratorios y ro-tap. tamiz, tamiz de prueba, criba vibratoria, tamiz vibratorio, m\u00e1quina de cribado, m\u00e1quina de tamizado, equipo de tamizado, equipo de separaci\u00f3n, separador vibratorio, equipo de cribado vibratorio, criba vibratoria, separador vibratorio de m\u00faltiples pisos, filtro vibratorio de m\u00faltiples pisos, separador vibratorio silencioso, vibratorio separador, criba ultras\u00f3nica, tamiz vibratorio, criba vibratoria, tamiz vibratorio, criba industrial, separador de grado farmac\u00e9utico, separador ranger, calibrador, criba vibratoria rotativa raspadora, criba vibratoria para alimentos, tamiz vibratorio qu\u00edmico, tamiz industrial, m\u00e1quina de tamiz vibratorio, separador sanitario, filtro m\u00e1quina tamizadora, tamiz clasificador, equipo de tamizado de polvo, etc.\t\t\t\t\t\t\t\t<\/div>\n\t\t\t\t<\/div>\n\t\t\t\t<div class=\"elementor-element elementor-element-49b6968 elementor-widget elementor-widget-heading\" data-id=\"49b6968\" data-element_type=\"widget\" data-e-type=\"widget\" data-widget_type=\"heading.default\">\n\t\t\t\t<div class=\"elementor-widget-container\">\n\t\t\t\t\t<h2 class=\"elementor-heading-title elementor-size-default\">Bienvenido a ver nuestros productos de alta calidad.\n<\/h2>\t\t\t\t<\/div>\n\t\t\t\t<\/div>\n\t\t<div class=\"elementor-element elementor-element-0fe88b1 e-flex e-con-boxed e-con e-child\" data-id=\"0fe88b1\" data-element_type=\"container\" data-e-type=\"container\">\n\t\t\t\t\t<div class=\"e-con-inner\">\n\t\t<div class=\"elementor-element elementor-element-1e6a38a e-flex e-con-boxed e-con e-child\" data-id=\"1e6a38a\" data-element_type=\"container\" data-e-type=\"container\">\n\t\t\t\t\t<div class=\"e-con-inner\">\n\t\t\t\t<div class=\"elementor-element elementor-element-ab20b36 elementor-widget elementor-widget-text-editor\" data-id=\"ab20b36\" data-element_type=\"widget\" data-e-type=\"widget\" data-widget_type=\"text-editor.default\">\n\t\t\t\t<div class=\"elementor-widget-container\">\n\t\t\t\t\t\t\t\t\t<p><strong>1. Separador redondo<\/strong><br \/>Criba vibratoria redonda, tamiz vibratorio redondo, tamiz redondo, criba redonda, m\u00e1quina de tamiz vibratorio redondo, criba giratoria redonda, criba giratoria, criba vibratoria giratoria, tamiz vibratorio giratorio, tamiz vibratorio, criba vibratoria circular, criba vibratoria circular, tamiz vibratorio circular, giroscopio criba, m\u00e1quina de criba girosc\u00f3pica, tamiz girosc\u00f3pico, tamiz giratorio, criba giratoria, tamizadora giratoria, tamiz vibro, separador vibro, criba vibratoria, clasificadora vibro, separador cl\u00e1sico, separador vibratorio, tamiz vibratorio, separadores sanitarios, m\u00e1quina de tamiz de filtro, tamiz industrial, Criba y separadores redondos, desplazador vibro, criba rotativa, separador rotativo, m\u00e1quina de tamiz rotativo, tamiz rotativo, m\u00e1quina tamizadora rotativa, criba vibratoria giratoria, tamizadora rotativa<br \/>\u00a0<br \/><strong>2. Separador rectangular<\/strong><br \/>Criba vibratoria lineal, criba vibratoria horizontal, criba vibratoria rectangular, tamiz rectangular, criba rectangular, criba lineal, tamiz rectangular, criba lineal, m\u00e1quina de tamizado de arena<br \/>\u00a0<br \/><strong>3. Separador ultras\u00f3nico<\/strong><br \/>Criba vibratoria ultras\u00f3nica, tamiz vibratorio ultras\u00f3nico, sistema de eliminaci\u00f3n de tamiz ultras\u00f3nico, criba ultras\u00f3nica, separador de criba ultras\u00f3nico, tamiz ultras\u00f3nico, sistemas de cribado ultras\u00f3nico, criba ultras\u00f3nica, tamiz ultras\u00f3nico, tamizador ultras\u00f3nico, m\u00e1quina de tamizado ultras\u00f3nico, m\u00e1quina de vibraci\u00f3n ultras\u00f3nica<br \/>\u00a0<br \/><strong>4. Separador de flujo de perfil bajo\u00a0<\/strong><br \/>tamiz vibratorio de bajo perfil, separador de bajo perfil, separador de flujo, separador vibro de flujo, criba en l\u00ednea, criba vibratoria en l\u00ednea, criba vibratoria en l\u00ednea, criba de control vibratorio, criba de descarga directa, separador circular de perfil bajo, flujo recto Separador, tamiz de flujo en l\u00ednea, separador vibratorio de flujo, separador vibratorio rotativo de flujo, separador vibratorio de flujo, criba vibratoria de flujo, tamiz de harina, tamiz de harina<br \/>\u00a0<br \/><strong>5. Cribador de vaso<\/strong><br \/>m\u00e1quina de cribado por tambor, tamiz por tambor, criba oscilante, tamiz oscilante, tamiz oscilante, m\u00e1quina de tamiz vibratorio<br \/>\u00a0<br \/><strong>6. Pantalla giratoria<\/strong><br \/>criba giratoria, separador giratorio, tamiz giratorio, m\u00e1quina de criba giratoria, criba giratoria plana, criba giratoria plana, tamiz plano giratorio, criba plana, cribadora de precisi\u00f3n cuadrada, criba alternativa, m\u00e1quina rotex, criba rotex, criba vibratoria rotex, separador de criba giratoria, criba vibratoria giratoria<\/p>\t\t\t\t\t\t\t\t<\/div>\n\t\t\t\t<\/div>\n\t\t\t\t\t<\/div>\n\t\t\t\t<\/div>\n\t\t<div class=\"elementor-element elementor-element-be69f19 e-flex e-con-boxed e-con e-child\" data-id=\"be69f19\" data-element_type=\"container\" data-e-type=\"container\">\n\t\t\t\t\t<div class=\"e-con-inner\">\n\t\t\t\t<div class=\"elementor-element elementor-element-b545fa0 elementor-widget elementor-widget-text-editor\" data-id=\"b545fa0\" data-element_type=\"widget\" data-e-type=\"widget\" data-widget_type=\"text-editor.default\">\n\t\t\t\t<div class=\"elementor-widget-container\">\n\t\t\t\t\t\t\t\t\t<p><strong>7. Tamiz giratorio<\/strong><br \/>criba giratoria cuadrada, criba giratoria, criba oscilante cuadrada, criba giratoria tipo sweco, separador giratorio, separador de criba giratoria, criba vibratoria giratoria<br \/>\u00a0<br \/><strong>8. Tamiz centr\u00edfugo\u00a0<\/strong><br \/>llamado tamiz centr\u00edfugo, tamiz de flujo de aire, tamiz de flujo de aire, tamiz de flujo de aire horizontal, tamiz turbo, tamiz cicl\u00f3nico, tamiz centr\u00edfugo de flujo de aire, tamiz centr\u00edfugo, tamiz centr\u00edfugo de polvo, tamiz rotatorio, tamiz rotativo, tamiz rotativo, clasificador de aire, separador rotativo, tamiz rotativo, rotativo m\u00e1quina de tamiz, tamiz rotatorio<br \/>\u00a0<br \/><strong>9. Pantalla giratoria<\/strong><br \/>criba de tr\u00f3mel, criba vibratoria de tr\u00f3mel, criba vibratoria de tr\u00f3mel, criba de tambor, criba de tambor, m\u00e1quina de criba de tambor, tamiz de tambor, criba de tambor, criba giratoria, tamiz cil\u00edndrico redondo, criba giratoria de cilindro, criba cil\u00edndrica giratoria, criba giratoria de cilindro, criba de rodillos, tamiz de rodillos, criba de tambor giratorio, criba de tambor giratorio, criba rotativa, separador giratorio, m\u00e1quina de tamiz rotativo, criba de tamiz rotativo<br \/>\u00a0<br \/><strong>10. Tamiz de deshidrataci\u00f3n<\/strong><br \/>criba de drenaje, criba de drenaje, criba vibratoria de deshidrataci\u00f3n, criba vibratoria de deshidrataci\u00f3n, criba deshidratadora vibratoria, agitador de deshidrataci\u00f3n, criba esculpida, criba de drenaje mediana, criba de drenaje mediana, criba de drenaje mediana<br \/>\u00a0<br \/><strong>11. Pantalla de probabilidad<\/strong><br \/>criba mogensen, tamiz mogensen, calibrador mogensen, criba mogensen, m\u00e1quina de cribado mogensen, tamiz de probabilidad, criba de probabilidad de vibraci\u00f3n, criba de probabilidad vibratoria, tamiz de probabilidad de vibraci\u00f3n, tamiz de probabilidad vibratoria<br \/>\u00a0<br \/>\u00a0Si tiene alg\u00fan problema con la evaluaci\u00f3n, no dude en\u00a0<a href=\"https:\/\/www.urmachinery.com\/es\/contacto\/\"><strong><u>Cont\u00e1ctenos<\/u><\/strong><\/a><\/p>\t\t\t\t\t\t\t\t<\/div>\n\t\t\t\t<\/div>\n\t\t\t\t\t<\/div>\n\t\t\t\t<\/div>\n\t\t\t\t\t<\/div>\n\t\t\t\t<\/div>\n\t\t\t\t<\/div>\n\t\t\t\t\t<\/div>\n\t\t\t\t<\/div>\n\t\t\t\t<\/div>","protected":false},"excerpt":{"rendered":"<p>Since 2008 China Vibrating Sieve AAREAL Sieving is located in the hometown of vibration equipment, Xinxiang City, Henan Province, China. We specialize in the design and manufacture of vibrating screen separation and filtration equipment, with more than 20 years of experience in the production of screening machinery and equipment. We are one of the leading [&hellip;]<\/p>\n","protected":false},"author":1,"featured_media":0,"parent":0,"menu_order":0,"comment_status":"closed","ping_status":"closed","template":"","meta":{"footnotes":""},"class_list":["post-80","page","type-page","status-publish","hentry"],"_links":{"self":[{"href":"https:\/\/www.urmachinery.com\/es\/wp-json\/wp\/v2\/pages\/80","targetHints":{"allow":["GET"]}}],"collection":[{"href":"https:\/\/www.urmachinery.com\/es\/wp-json\/wp\/v2\/pages"}],"about":[{"href":"https:\/\/www.urmachinery.com\/es\/wp-json\/wp\/v2\/types\/page"}],"author":[{"embeddable":true,"href":"https:\/\/www.urmachinery.com\/es\/wp-json\/wp\/v2\/users\/1"}],"replies":[{"embeddable":true,"href":"https:\/\/www.urmachinery.com\/es\/wp-json\/wp\/v2\/comments?post=80"}],"version-history":[{"count":31,"href":"https:\/\/www.urmachinery.com\/es\/wp-json\/wp\/v2\/pages\/80\/revisions"}],"predecessor-version":[{"id":242,"href":"https:\/\/www.urmachinery.com\/es\/wp-json\/wp\/v2\/pages\/80\/revisions\/242"}],"wp:attachment":[{"href":"https:\/\/www.urmachinery.com\/es\/wp-json\/wp\/v2\/media?parent=80"}],"curies":[{"name":"wp","href":"https:\/\/api.w.org\/{rel}","templated":true}]}}