{"id":1396,"date":"2024-06-04T07:45:01","date_gmt":"2024-06-04T07:45:01","guid":{"rendered":"https:\/\/www.urmachinery.com\/product\/gyratory-sifter-2\/"},"modified":"2024-06-07T06:14:12","modified_gmt":"2024-06-07T06:14:12","slug":"tamiz-giratorio-2","status":"publish","type":"product","link":"https:\/\/www.urmachinery.com\/es\/product\/gyratory-sifter-2\/","title":{"rendered":"Tamiz giratorio"},"content":{"rendered":"<div>\n<p><iframe title=\"M\u00e1quina de criba giratoria para arena de piedras preciosas\" width=\"800\" height=\"600\" src=\"https:\/\/www.youtube.com\/embed\/bfk6GQv-7AU?feature=oembed\" frameborder=\"0\" allow=\"accelerometer; autoplay; clipboard-write; encrypted-media; gyroscope; picture-in-picture; web-share\" referrerpolicy=\"strict-origin-when-cross-origin\" allowfullscreen><\/iframe><\/p>\n<p><iframe title=\"Tamiz giratorio de alta eficiencia para arena y polvo de s\u00edlice con gran capacidad de cribado\" width=\"800\" height=\"450\" src=\"https:\/\/www.youtube.com\/embed\/QclYh6U_k1Q?feature=oembed\" frameborder=\"0\" allow=\"accelerometer; autoplay; clipboard-write; encrypted-media; gyroscope; picture-in-picture; web-share\" referrerpolicy=\"strict-origin-when-cross-origin\" allowfullscreen><\/iframe><\/p>\n<p><strong>Descripci\u00f3n general del tamiz giratorio:<\/strong><br \/>\nEl tamiz giratorio tambi\u00e9n se llama criba giratoria cuadrada, criba giratoria, criba oscilante cuadrada, criba giratoria tipo sweco, separador giratorio, etc. El tamiz giratorio se utiliza ampliamente en el cribado de granularidad m\u00faltiple y gran capacidad de materiales granulares, como arena de s\u00edlice, arena de fractura. , carbonato de calcio, polvo de silicio met\u00e1lico, apuntalante cer\u00e1mico, coque de petr\u00f3leo, carb\u00f3n activado, grafito, fertilizantes, urea, pl\u00e1sticos, soja, az\u00facar, sal, etc.<br \/>\nLa simple b\u00fasqueda de la precisi\u00f3n del tamizado ser\u00e1 a expensas del rendimiento, mientras que la b\u00fasqueda de un gran rendimiento disminuir\u00e1 la precisi\u00f3n. La criba giratoria cuadrada es un tipo de equipo de cribado con las caracter\u00edsticas de baja tasa de fallas, baja tasa de tiempo de inactividad, bajo costo y alto rendimiento, alta precisi\u00f3n y alta eficiencia, que est\u00e1 especialmente dise\u00f1ado para el problema anterior.<br \/>\nEl tamiz giratorio se usa ampliamente en industrias como la qu\u00edmica, metal\u00fargica, de metales ferrosos, metales no ferrosos, alimentaria y abrasiva.<br \/>\nLa m\u00e1quina cribadora puede equiparse con una a cinco capas de criba, e incluso con 10 capas en circunstancias especiales, lo que puede completar el cribado desde malla 12 hasta malla 325. Puede dise\u00f1arse como cribado d\u00faplex para hacerlo m\u00e1s productivo. El dise\u00f1o es compacto y energ\u00e9ticamente eficiente.<\/p>\n<p><strong>Principio de funcionamiento del tamiz giratorio:<\/strong><br \/>\nEl movimiento giratorio total del tamiz giratorio cuadrado puede esparcir, estratificar y separar r\u00e1pidamente el material. El movimiento giratorio \u00fanico puede esparcir r\u00e1pidamente el material a lo largo de todo el ancho de la criba en el extremo de alimentaci\u00f3n, haciendo que las part\u00edculas avancen en contacto con la superficie de la criba. La gran amplitud horizontal puede mejorar el efecto de tamizado de las part\u00edculas de tama\u00f1o cercano y puede mejorar la capacidad de manipulaci\u00f3n de materiales de la m\u00e1quina.<\/p>\n<p><strong>Caracter\u00edsticas del tamiz giratorio:<\/strong><br \/>\n1. El movimiento alternativo giratorio \u00fanico hace que toda la superficie de la criba tenga una eficiencia de cribado equivalente, lo que puede lograr un gran rendimiento y un cribado de alta precisi\u00f3n.<br \/>\n2. La puerta con bisagras de apertura r\u00e1pida y el sistema de tensi\u00f3n r\u00e1pida de la malla de la pantalla garantizan un r\u00e1pido reemplazo e inspecci\u00f3n de la malla de la pantalla.<\/p>\n<p><img decoding=\"async\" src=\"https:\/\/urmachinery.com\/uploads\/allimg\/180428\/1-1P42Q6204U95.png\" alt=\"tamiz giratorio\" \/><\/p>\n<p>3. El exclusivo sistema de suspensi\u00f3n hace que toda la m\u00e1quina funcione sin problemas. La propia m\u00e1quina tamizadora es menos destructiva. La carga din\u00e1mica b\u00e1sica es baja y no es necesario reparar el equipo.<br \/>\n4. El excitador de vibraci\u00f3n no requiere mantenimiento en un plazo de 2 a\u00f1os. Adopte grasa lubricante de alta calidad, anillo de sellado de alta calidad y cojinete de sellado de alta calidad.<\/p>\n<p><img decoding=\"async\" src=\"https:\/\/urmachinery.com\/uploads\/allimg\/180428\/1-1P42Q62140B3.png\" alt=\"pantalla giratoria\" \/><\/p>\n<p>5. El accionamiento de equilibrio din\u00e1mico aumenta la velocidad de rotaci\u00f3n del excitador de 150~180 RPM a 300 RPM.<br \/>\n6. La rotaci\u00f3n de alta velocidad del excitador mejora el valor de aceleraci\u00f3n de la bola el\u00e1stica, de modo que la bola el\u00e1stica impacta la superficie de la pantalla con m\u00e1s fuerza. La malla de la criba no es f\u00e1cil de tapar, lo que prolonga la vida \u00fatil de la criba, reduce el tiempo de inactividad y garantiza la continuidad del cribado.<br \/>\n7. Estructura completamente cerrada y libre de polvo.<br \/>\n8. El movimiento de la m\u00e1quina cribadora, el dise\u00f1o del soporte de protecci\u00f3n de malla de la criba y la limpieza eficaz de la bola el\u00e1stica prolongan la vida \u00fatil de la criba.<br \/>\n9. Funcionamiento suave y bajo nivel de ruido.<br \/>\n10. Mayor capacidad. Se dispone de proyecci\u00f3n d\u00faplex.<br \/>\n11. Descarga de material el\u00e1stico hacia adelante, f\u00e1cil de recoger.<\/p>\n<p><strong>Aplicaci\u00f3n del tamiz giratorio:<\/strong><br \/>\nEl tamiz giratorio se usa ampliamente en industrias qu\u00edmicas, metal\u00fargicas, abrasivas, mineras, canteras, arcilla, vidrio, materiales de construcci\u00f3n, medicina, procesamiento de alimentos, granos, pl\u00e1sticos y otras industrias de clasificaci\u00f3n fina.<br \/>\nPuede usarse para los requisitos de detecci\u00f3n m\u00e1s exigentes de carb\u00f3n activado, fertilizantes, arena de fractura, piedra caliza, coque de petr\u00f3leo, part\u00edculas de pl\u00e1stico, polvo de cloruro de polivinilo, sal, az\u00facar, etc.<\/p>\n<p><strong>Par\u00e1metros t\u00e9cnicos del tamiz giratorio:<\/strong><br \/>\n<img decoding=\"async\" src=\"https:\/\/urmachinery.com\/uploads\/allimg\/180428\/1-1P42Q6240C48.png\" alt=\"\" \/><\/p>\n<table>\n<tbody>\n<tr>\n<td>Modelo<\/td>\n<td>Especificaciones de la superficie de la pantalla<\/td>\n<td>Fuerza<br \/>\n(kilovatios)<\/td>\n<td>Amplitud (mm)<\/td>\n<td>Frecuencia de funcionamiento (r\/min)<\/td>\n<td>\u00c1ngulo de inclinaci\u00f3n de la pantalla (\u00b0)<\/td>\n<td>L*An*Al (mm)<br \/>\n(Referencia)<\/td>\n<\/tr>\n<tr>\n<td>515<\/td>\n<td>500*1500<\/td>\n<td rowspan=\"3\">2.2<\/td>\n<td rowspan=\"12\">20~60<\/td>\n<td rowspan=\"12\">180~300<\/td>\n<td rowspan=\"12\">4~8<\/td>\n<td>2900*1150*1500<\/td>\n<\/tr>\n<tr>\n<td>520<\/td>\n<td>500*2000<\/td>\n<td>2900*1150*1900<\/td>\n<\/tr>\n<tr>\n<td>525<\/td>\n<td>500*2500<\/td>\n<td>3400*1150*1900<\/td>\n<\/tr>\n<tr>\n<td>1025<\/td>\n<td>1000*2500<\/td>\n<td rowspan=\"3\">3<\/td>\n<td>3400*1700*1950<\/td>\n<\/tr>\n<tr>\n<td>1030<\/td>\n<td>1000*3000<\/td>\n<td>3900*1700*1950<\/td>\n<\/tr>\n<tr>\n<td>1036<\/td>\n<td>1000*3600<\/td>\n<td>4500*1700*1950<\/td>\n<\/tr>\n<tr>\n<td>1530<\/td>\n<td>1500*3000<\/td>\n<td rowspan=\"2\">5.5<\/td>\n<td>3900*2200*1950<\/td>\n<\/tr>\n<tr>\n<td>1536<\/td>\n<td>1500*3600<\/td>\n<td>4500*2200*1950<\/td>\n<\/tr>\n<tr>\n<td>1830<\/td>\n<td>1800*3000<\/td>\n<td rowspan=\"2\">7.5<\/td>\n<td>3900*2500*1950<\/td>\n<\/tr>\n<tr>\n<td>1836<\/td>\n<td>1800*3600<\/td>\n<td>4500*2500*1950<\/td>\n<\/tr>\n<tr>\n<td>2030<\/td>\n<td>2000*3000<\/td>\n<td rowspan=\"2\">7.5<\/td>\n<td>3900*2700*1950<\/td>\n<\/tr>\n<tr>\n<td>2036<\/td>\n<td>2000*3600<\/td>\n<td>4500*2700*1950<\/td>\n<\/tr>\n<\/tbody>\n<\/table>\n<p><strong>Nota:<\/strong><br \/>\nTodas las especificaciones de esta serie de m\u00e1quinas cribadoras pueden equiparse con una malla cribadora de una a cinco capas. En circunstancias especiales, se puede equipar con una malla de criba de diez capas.<br \/>\n<span id=\"cke_bm_116E\">\u00a0<\/span><\/p>\n<\/div>","protected":false},"excerpt":{"rendered":"<p>Overview of Gyratory Sifter: Gyratory sifter is also called square gyratory screen, gyratory screener, square swing screen, sweco type gyratory screen, gyratory separator etc.\u00a0Gyratory sifter is widely used in large-capacity, multi-granularity screening of granular materials, such as silica sand, frac sand, calcium carbonate, silicon metal powder, ceramic proppant, petroleum coke, activated carbon, graphite, fertilizer, urea, [&hellip;]<\/p>\n","protected":false},"featured_media":2967,"template":"","meta":[],"product_brand":[],"product_cat":[24],"product_tag":[],"class_list":{"0":"post-1396","1":"product","2":"type-product","3":"status-publish","4":"has-post-thumbnail","6":"product_cat-gyratory-screen","8":"first","9":"instock","10":"shipping-taxable","11":"product-type-external"},"_links":{"self":[{"href":"https:\/\/www.urmachinery.com\/es\/wp-json\/wp\/v2\/product\/1396","targetHints":{"allow":["GET"]}}],"collection":[{"href":"https:\/\/www.urmachinery.com\/es\/wp-json\/wp\/v2\/product"}],"about":[{"href":"https:\/\/www.urmachinery.com\/es\/wp-json\/wp\/v2\/types\/product"}],"wp:featuredmedia":[{"embeddable":true,"href":"https:\/\/www.urmachinery.com\/es\/wp-json\/wp\/v2\/media\/2967"}],"wp:attachment":[{"href":"https:\/\/www.urmachinery.com\/es\/wp-json\/wp\/v2\/media?parent=1396"}],"wp:term":[{"taxonomy":"product_brand","embeddable":true,"href":"https:\/\/www.urmachinery.com\/es\/wp-json\/wp\/v2\/product_brand?post=1396"},{"taxonomy":"product_cat","embeddable":true,"href":"https:\/\/www.urmachinery.com\/es\/wp-json\/wp\/v2\/product_cat?post=1396"},{"taxonomy":"product_tag","embeddable":true,"href":"https:\/\/www.urmachinery.com\/es\/wp-json\/wp\/v2\/product_tag?post=1396"}],"curies":[{"name":"wp","href":"https:\/\/api.w.org\/{rel}","templated":true}]}}