{"id":1402,"date":"2024-06-04T08:48:36","date_gmt":"2024-06-04T08:48:36","guid":{"rendered":"https:\/\/www.urmachinery.com\/product\/gyratory-screen-2\/"},"modified":"2024-06-07T06:13:45","modified_gmt":"2024-06-07T06:13:45","slug":"pantalla-giratoria-2","status":"publish","type":"product","link":"https:\/\/www.urmachinery.com\/es\/product\/gyratory-screen-2\/","title":{"rendered":"Pantalla giratoria"},"content":{"rendered":"<div>\n<p><iframe title=\"Cribador giratorio para la elaboraci\u00f3n de az\u00facar con mayor capacidad y eficiencia de cribado\" width=\"800\" height=\"600\" src=\"https:\/\/www.youtube.com\/embed\/qCnlGxZItjM?feature=oembed\" frameborder=\"0\" allow=\"accelerometer; autoplay; clipboard-write; encrypted-media; gyroscope; picture-in-picture; web-share\" referrerpolicy=\"strict-origin-when-cross-origin\" allowfullscreen><\/iframe><\/p>\n<p><strong>Descripci\u00f3n general de la pantalla giratoria:<\/strong><br \/>\nLa criba giratoria tambi\u00e9n se denomina criba giratoria, separador giratorio, tamiz giratorio, cribadora giratoria, criba giratoria plana, criba giratoria plana, criba plana giratoria, criba plana, cribadora cuadrada de precisi\u00f3n, criba alternativa, etc. Impulsada por un motor ordinario, esta criba La m\u00e1quina impulsa la rueda exc\u00e9ntrica para realizar un movimiento alternativo giratorio. A menudo se utiliza para cribar arena de cuarzo, urea, fertilizantes, resina, cuentas de vidrio, pellets de madera, carbonato de sodio, melamina, t\u00e9, az\u00facar, sal, coque de petr\u00f3leo, etc.<\/p>\n<p><strong>Principio de funcionamiento de la pantalla giratoria:<\/strong><br \/>\nEl movimiento alternativo giratorio de la criba giratoria comienza con un movimiento circular en el extremo de alimentaci\u00f3n, disminuyendo gradualmente a lo largo de la m\u00e1quina hasta llegar a un movimiento el\u00edptico en el medio y, finalmente, a un movimiento casi recto en el extremo de descarga.<\/p>\n<p><img decoding=\"async\" src=\"https:\/\/urmachinery.com\/uploads\/allimg\/180425\/1-1P4251123595L.png\" alt=\"\" \/><\/p>\n<div><strong>Movimiento alternativo giratorio<\/strong><\/div>\n<div><\/div>\n<div>1.Movimiento circular en el extremo de alimentaci\u00f3n.<br \/>\nEl movimiento giratorio en el extremo de alimentaci\u00f3n puede completar r\u00e1pidamente la distribuci\u00f3n, estratificaci\u00f3n, separaci\u00f3n y avance del material a lo largo de todo el ancho de la superficie de la criba.2. Cambiar a movimiento el\u00edptico en el centro<br \/>\nEl movimiento el\u00edptico de carrera larga puede mejorar la estratificaci\u00f3n del material, mejorando la capacidad de cribado y el efecto de cribado de part\u00edculas de tama\u00f1o cercano. 3. Movimiento en l\u00ednea recta en el extremo de descarga<br \/>\nEl movimiento de tamizado lineal en el extremo de descarga casi no hace que las part\u00edculas salten verticalmente, lo que garantiza que el material est\u00e9 en contacto constante con la superficie de la criba.<\/div>\n<div><img decoding=\"async\" src=\"https:\/\/urmachinery.com\/uploads\/allimg\/180425\/1-1P425102Z3333.png\" alt=\"pantalla giratoria\" \/><\/div>\n<div>\n<p><strong>Par\u00e1metros t\u00e9cnicos de la criba giratoria:<\/strong><\/p>\n<\/div>\n<table border=\"1\" cellspacing=\"1\" cellpadding=\"1\">\n<tbody>\n<tr>\n<td>\u00a0Capas<\/td>\n<td>\u00a0Modelo<\/td>\n<td>Tama\u00f1o de pantalla (ancho x largo)<br \/>\n(mm)<\/td>\n<td>Carrera (mm)<\/td>\n<td>Potencia (kilovatios)<\/td>\n<td>Velocidad (RPM)<\/td>\n<td>\u00a0Peso<br \/>\n(KG)<\/td>\n<\/tr>\n<tr>\n<td>1<\/td>\n<td>1014<\/td>\n<td>1000*1400<\/td>\n<td>63.5<\/td>\n<td>1.5<\/td>\n<td>960<\/td>\n<td>715<\/td>\n<\/tr>\n<tr>\n<td>1<\/td>\n<td>1021<\/td>\n<td>1000*2100<\/td>\n<td>63.5<\/td>\n<td>1.5<\/td>\n<td>960<\/td>\n<td>980<\/td>\n<\/tr>\n<tr>\n<td>1<\/td>\n<td>1030<\/td>\n<td>1000*3000<\/td>\n<td>63.5<\/td>\n<td>1.5<\/td>\n<td>960<\/td>\n<td>1200<\/td>\n<\/tr>\n<tr>\n<td>1<\/td>\n<td>1521<\/td>\n<td>1500*2100<\/td>\n<td>63.5<\/td>\n<td>1.5<\/td>\n<td>960<\/td>\n<td>1380<\/td>\n<\/tr>\n<tr>\n<td>1<\/td>\n<td>1530<\/td>\n<td>1500*3000<\/td>\n<td>76<\/td>\n<td>2.2<\/td>\n<td>960<\/td>\n<td>1340<\/td>\n<\/tr>\n<tr>\n<td>1<\/td>\n<td>1536<\/td>\n<td>1500*3600<\/td>\n<td>76<\/td>\n<td>5.5<\/td>\n<td>960<\/td>\n<td>2410<\/td>\n<\/tr>\n<tr>\n<td>2<\/td>\n<td>1236<\/td>\n<td>1200*3600<\/td>\n<td>76<\/td>\n<td>5.5<\/td>\n<td>960<\/td>\n<td>2020<\/td>\n<\/tr>\n<tr>\n<td>2<\/td>\n<td>1021<\/td>\n<td>1000*2100<\/td>\n<td>63.5<\/td>\n<td>1.5<\/td>\n<td>960<\/td>\n<td>1400<\/td>\n<\/tr>\n<tr>\n<td>2<\/td>\n<td>1030<\/td>\n<td>1000*3000<\/td>\n<td>76<\/td>\n<td>4<\/td>\n<td>960<\/td>\n<td>1840<\/td>\n<\/tr>\n<tr>\n<td>2<\/td>\n<td>1521<\/td>\n<td>1500*2100<\/td>\n<td>63.5<\/td>\n<td>4<\/td>\n<td>960<\/td>\n<td>1710<\/td>\n<\/tr>\n<tr>\n<td>2<\/td>\n<td>1836<\/td>\n<td>1800*3600<\/td>\n<td>76<\/td>\n<td>7.5<\/td>\n<td>960<\/td>\n<td>3880<\/td>\n<\/tr>\n<tr>\n<td>2<\/td>\n<td>1530<\/td>\n<td>1500*3000<\/td>\n<td>76<\/td>\n<td>7.5<\/td>\n<td>960<\/td>\n<td>2780<\/td>\n<\/tr>\n<tr>\n<td>2<\/td>\n<td>1536<\/td>\n<td>1500*3600<\/td>\n<td>76<\/td>\n<td>7.5<\/td>\n<td>960<\/td>\n<td>3180<\/td>\n<\/tr>\n<tr>\n<td>3<\/td>\n<td>1021<\/td>\n<td>1000*2100<\/td>\n<td>63.5<\/td>\n<td>5.5<\/td>\n<td>960<\/td>\n<td>2150<\/td>\n<\/tr>\n<tr>\n<td>3<\/td>\n<td>1530<\/td>\n<td>1500*3000<\/td>\n<td>76<\/td>\n<td>5.5<\/td>\n<td>960<\/td>\n<td>3200<\/td>\n<\/tr>\n<tr>\n<td>3<\/td>\n<td>1836<\/td>\n<td>1800*3600<\/td>\n<td>76<\/td>\n<td>7.5<\/td>\n<td>960<\/td>\n<td>4170<\/td>\n<\/tr>\n<tr>\n<td>3<\/td>\n<td>2050<\/td>\n<td>2000*5000<\/td>\n<td>92<\/td>\n<td>11<\/td>\n<td>960<\/td>\n<td>5500<\/td>\n<\/tr>\n<\/tbody>\n<\/table>\n<p><strong>Ventajas de la pantalla giratoria:<\/strong><br \/>\n1. movimiento alternativo giratorio \u00fanico<br \/>\n2. dispositivo autom\u00e1tico de tensi\u00f3n superficial de la pantalla<br \/>\n3. sistema de limpieza de bolas<br \/>\n4. sistema de motor de doble equilibrio<br \/>\n5. Abrazaderas de compensaci\u00f3n c\u00f3modas y r\u00e1pidas para la cubierta de la cabeza<\/p>\n<p><strong>Caracter\u00edsticas de la pantalla giratoria:<\/strong><br \/>\n1. Gran capacidad y alta precisi\u00f3n de cribado, adecuada para el cribado continuo industrial.<br \/>\n2. El efecto de cegamiento de la malla de pantalla antiobstrucci\u00f3n es bueno. Especialmente indicado para el cribado de materiales de f\u00e1cil pegado y pegado a la malla del tamiz.<br \/>\n3. La vida \u00fatil de la pantalla es larga. Es de 5 a 100 veces m\u00e1s que la criba vibratoria ordinaria.<br \/>\n4. El funcionamiento suave no da\u00f1a la estructura original de las part\u00edculas del material.<br \/>\n5. Tres tipos de clips de resorte tensores de pantalla y modo de tracci\u00f3n lateral de la pantalla. F\u00e1cil de quitar y reemplazar la pantalla.<br \/>\n6. No es f\u00e1cil generar electricidad est\u00e1tica, especialmente adecuado para el cribado de materiales inflamables y explosivos, y f\u00e1cil de generar electricidad est\u00e1tica.<br \/>\n7. Funcionamiento fluido, sin requisitos especiales para la planta.<br \/>\n8. Estructura totalmente cerrada, sin polvo, bajo nivel de ruido hasta 70 decibelios.<\/p>\n<p><strong>Abrazaderas Compensadoras:<\/strong><br \/>\n<img decoding=\"async\" src=\"https:\/\/urmachinery.com\/uploads\/allimg\/180425\/1-1P425103439347.png\" alt=\"Abrazaderas Compensadoras\" \/><\/p>\n<div><strong>Pantalla de malla:<\/strong><\/div>\n<div><img fetchpriority=\"high\" decoding=\"async\" class=\"\" src=\"https:\/\/urmachinery.com\/uploads\/allimg\/180425\/1-1P4251035413W.png\" alt=\"Pantalla de malla\" width=\"597\" height=\"209\" \/><\/div>\n<div><strong>Bolas de limpieza de malla:<\/strong><\/div>\n<div><img decoding=\"async\" class=\"\" src=\"https:\/\/urmachinery.com\/uploads\/allimg\/180425\/1-1P4251036431N.png\" alt=\"Bolas de limpieza de malla\" width=\"592\" height=\"391\" \/><\/div>\n<div><strong>Cribas tensadas autom\u00e1ticamente:<\/strong><\/div>\n<div><img decoding=\"async\" class=\"\" src=\"https:\/\/urmachinery.com\/uploads\/allimg\/180425\/1-1P42510422N62.png\" alt=\" Cribas tensadas autom\u00e1ticamente\" width=\"592\" height=\"374\" \/>\u00a0<img loading=\"lazy\" decoding=\"async\" class=\"\" src=\"https:\/\/urmachinery.com\/uploads\/allimg\/180425\/1-1P425104300629.png\" alt=\" Cribas tensadas autom\u00e1ticamente\" width=\"591\" height=\"443\" \/><\/div>\n<div><strong>Marco de pantalla de metal, resistente y duradero:<\/strong><br \/>\n<img loading=\"lazy\" decoding=\"async\" class=\"\" src=\"https:\/\/urmachinery.com\/uploads\/allimg\/180425\/1-1P425104935U9.png\" alt=\"Marco de pantalla de metal, resistente y duradero.\" width=\"592\" height=\"652\" \/><\/div>\n<div><\/div>\n<div><strong>Tres tipos de clips tensores de pantalla:<\/strong><\/div>\n<div><img loading=\"lazy\" decoding=\"async\" class=\"\" src=\"https:\/\/urmachinery.com\/uploads\/allimg\/180425\/1-1P425105014S0.png\" alt=\"Clips tensores de pantalla\" width=\"269\" height=\"201\" \/><img loading=\"lazy\" decoding=\"async\" class=\"\" src=\"https:\/\/urmachinery.com\/uploads\/allimg\/180425\/1-1P425105039347.png\" alt=\"Clips tensores de pantalla\" width=\"282\" height=\"211\" \/><img loading=\"lazy\" decoding=\"async\" class=\"\" src=\"https:\/\/urmachinery.com\/uploads\/allimg\/180425\/1-1P42510505Y11.png\" alt=\"Clips tensores de pantalla\" width=\"267\" height=\"200\" \/><\/div>\n<div><\/div>\n<div><strong>Instalaci\u00f3n de pantalla giratoria:<\/strong><\/div>\n<div>\n<p>1. Instalaci\u00f3n del asiento:<\/p>\n<p>Tipo de avance:<br \/>\n<img loading=\"lazy\" decoding=\"async\" class=\"\" src=\"https:\/\/urmachinery.com\/uploads\/allimg\/180425\/1-1P42510533a23.png\" alt=\"Tipo de avance\" width=\"603\" height=\"453\" \/><\/p>\n<\/div>\n<div><\/div>\n<div>Tipo de descarga directa:<\/div>\n<div><img decoding=\"async\" src=\"https:\/\/urmachinery.com\/uploads\/allimg\/180425\/1-1P425105510620.png\" alt=\"Tipo de descarga directa\" \/><\/div>\n<div><\/div>\n<div>2. Instalaci\u00f3n de suspensi\u00f3n de cables:<br \/>\n<img loading=\"lazy\" decoding=\"async\" class=\"\" src=\"https:\/\/urmachinery.com\/uploads\/allimg\/180425\/1-1P425105FQ47.png\" alt=\"Tipo de suspensi\u00f3n\" width=\"598\" height=\"449\" \/><\/div>\n<div><\/div>\n<div><strong>Aplicaci\u00f3n de pantalla giratoria:<\/strong><\/div>\n<div>Abrasivo: perlas de vidrio, escoria, al\u00famina, arena y otros materiales abrasivos.<br \/>\nPiensos para animales: piensos en polvo y en patatas fritas, pasta de carne y piensos peque\u00f1os.<br \/>\nProductos de carbono: carb\u00f3n coquizable, grafito, carb\u00f3n vegetal, etc.<br \/>\nProductos qu\u00edmicos: cientos de compuestos diferentes<br \/>\nArcilla: clasificaci\u00f3n de productos<br \/>\nFertilizantes: tamizado de materia prima y cribado fino de producto terminado.<br \/>\nIncluyendo nitrato de amonio, fosfato, hidr\u00f3xido de potasio, urea y otros compuestos.<br \/>\nAlimentos: az\u00facar, harina, leche en polvo, caf\u00e9, cereales, arroz, frutos secos, condimentos, cacao en polvo, glucosa, almid\u00f3n, etc.<br \/>\nLimpieza de granos: pelado y limpieza de ma\u00edz, trigo, soja y otros cereales.<br \/>\nMinerales: mena, escombros, piedra caliza, carbonato de sodio y sal.<br \/>\nPapel: pulpa de papel, revestimiento.<br \/>\nTableros de fibra: astillas de madera, escamas, trozos de madera, para fabricar tableros de fibra de alta calidad.<br \/>\nMedicamentos: muchos grandes fabricantes de medicamentos utilizan nuestras m\u00e1quinas de detecci\u00f3n, que cumplen con el dise\u00f1o est\u00e1ndar de salud y GMP, para lograr una separaci\u00f3n y limpieza precisas y efectivas.<br \/>\nPl\u00e1stico: part\u00edculas de pl\u00e1stico, polvo de pl\u00e1stico.<br \/>\nPolvo met\u00e1lico: aluminio, cobre, hierro, n\u00edquel, acero, zinc y muchos otros polvos met\u00e1licos.<br \/>\nReciclaje de recursos: utilizado en el reciclaje de diversos materiales, como el reciclaje de PET, etc.<br \/>\nSiderurgia: clasificaci\u00f3n de granallas de acero y limaduras de metal.<\/div>\n<\/div>","protected":false},"excerpt":{"rendered":"<p>Overview of Gyratory Screen: Gyratory screen\u00a0is also called gyratory screener, gyratory separator, gyratory sifter, gyratory screening machine, planar rotary screen, plane rotary screen, rotary flat sieve, flat screen, square precision screening machine, reciprocating screen etc. Driven by an ordinary motor, this screening machine drives the eccentric wheel to do gyratory reciprocating motion. It is often [&hellip;]<\/p>\n","protected":false},"featured_media":2971,"template":"","meta":[],"product_brand":[],"product_cat":[24],"product_tag":[252,259,258,255,256,253,254,257,262,260,267,264,261,263],"class_list":{"0":"post-1402","1":"product","2":"type-product","3":"status-publish","4":"has-post-thumbnail","6":"product_cat-gyratory-screen","7":"product_tag-gyratory-screen","8":"product_tag-gyratory-screen-separator","9":"product_tag-gyratory-screening-equipment","10":"product_tag-gyratory-screening-machine","11":"product_tag-gyratory-separator","12":"product_tag-gyratory-sifter","13":"product_tag-gyratory-vibrating-screen","14":"product_tag-rectangular-gyratory-screen","15":"product_tag-rotex-apex-screener","16":"product_tag-rotex-screen","17":"product_tag-rotex-screener","18":"product_tag-rotex-screener-for-sale","19":"product_tag-rotex-sifter","20":"product_tag-rotex-vibrating-screen","22":"first","23":"instock","24":"shipping-taxable","25":"product-type-external"},"_links":{"self":[{"href":"https:\/\/www.urmachinery.com\/es\/wp-json\/wp\/v2\/product\/1402","targetHints":{"allow":["GET"]}}],"collection":[{"href":"https:\/\/www.urmachinery.com\/es\/wp-json\/wp\/v2\/product"}],"about":[{"href":"https:\/\/www.urmachinery.com\/es\/wp-json\/wp\/v2\/types\/product"}],"wp:featuredmedia":[{"embeddable":true,"href":"https:\/\/www.urmachinery.com\/es\/wp-json\/wp\/v2\/media\/2971"}],"wp:attachment":[{"href":"https:\/\/www.urmachinery.com\/es\/wp-json\/wp\/v2\/media?parent=1402"}],"wp:term":[{"taxonomy":"product_brand","embeddable":true,"href":"https:\/\/www.urmachinery.com\/es\/wp-json\/wp\/v2\/product_brand?post=1402"},{"taxonomy":"product_cat","embeddable":true,"href":"https:\/\/www.urmachinery.com\/es\/wp-json\/wp\/v2\/product_cat?post=1402"},{"taxonomy":"product_tag","embeddable":true,"href":"https:\/\/www.urmachinery.com\/es\/wp-json\/wp\/v2\/product_tag?post=1402"}],"curies":[{"name":"wp","href":"https:\/\/api.w.org\/{rel}","templated":true}]}}