{"id":1409,"date":"2024-06-05T08:00:36","date_gmt":"2024-06-05T08:00:36","guid":{"rendered":"https:\/\/www.urmachinery.com\/product\/tumbler-screener\/"},"modified":"2024-06-07T05:54:34","modified_gmt":"2024-06-07T05:54:34","slug":"tamiz-de-vaso","status":"publish","type":"product","link":"https:\/\/www.urmachinery.com\/es\/product\/tumbler-screener\/","title":{"rendered":"Cribador de vaso"},"content":{"rendered":"<div>\n<p><iframe title=\"Pantalla de vaso para polvo de PVC\" width=\"800\" height=\"450\" src=\"https:\/\/www.youtube.com\/embed\/3sjP3kjLfSE?feature=oembed\" frameborder=\"0\" allow=\"accelerometer; autoplay; clipboard-write; encrypted-media; gyroscope; picture-in-picture; web-share\" referrerpolicy=\"strict-origin-when-cross-origin\" allowfullscreen><\/iframe><\/p>\n<p><iframe title=\"M\u00e1quina de criba giratoria AAREAL\" width=\"800\" height=\"600\" src=\"https:\/\/www.youtube.com\/embed\/wHwrX2aJWl0?feature=oembed\" frameborder=\"0\" allow=\"accelerometer; autoplay; clipboard-write; encrypted-media; gyroscope; picture-in-picture; web-share\" referrerpolicy=\"strict-origin-when-cross-origin\" allowfullscreen><\/iframe><\/p>\n<p><strong>Descripci\u00f3n general del cribador de vaso:<\/strong><br \/>\nLa criba de tambor tambi\u00e9n se llama m\u00e1quina de criba de tambor, criba de tambor, criba oscilante, criba oscilante, criba oscilante, m\u00e1quina de criba vibratoria, etc. El tamizado m\u00e1s simple es usar las manos con la mirada fija. La m\u00e1quina cribadora de tambor es la simulaci\u00f3n mec\u00e1nica para esto. El tamiz oscilante es la m\u00e1quina de cribado m\u00e1s eficaz que simula el principio del cribado artificial. La precisi\u00f3n del cribado, la eficiencia y la vida \u00fatil de la criba son de 5 a 10 veces mayores que las de la m\u00e1quina de tamiz vibratorio redondo normal. Se adapta a todos los materiales granulares y en polvo finos y ultrafinos, especialmente adecuado para materiales dif\u00edciles de clasificar.<br \/>\nEl tamiz de vaso se utiliza a menudo para filtrar xilitol, aditivos alimentarios, \u00e1cido c\u00edtrico, EPS, PAA, PVC, perlas de vidrio, etc.<\/p>\n<p><strong>Principio de funcionamiento del cribador de vaso:<\/strong><br \/>\n<img decoding=\"async\" src=\"https:\/\/urmachinery.com\/uploads\/allimg\/180426\/1-1P42616111SB.png\" alt=\"tamiz de vaso\" \/><br \/>\nEl tamiz de tambor utiliza el principio de detecci\u00f3n humanoide. Para imitar el movimiento de la acci\u00f3n de cribado artificial y realizar un movimiento circular tridimensional, combine h\u00e1bilmente el tamizado (movimiento circular plano) y el aventamiento (movimiento parab\u00f3lico ascendente), establezca un movimiento de volteo tridimensional horizontal y de lanzamiento, coloque el material en la superficie de la criba. Aparece movimiento espiral involuto. El material recorre una distancia relativamente larga a trav\u00e9s del \u00e1rea relativa y el tiempo de aterrizaje del material en la pantalla es de m\u00e1s de 85%, lo que mejora la velocidad de paso de la pantalla. La precisi\u00f3n de detecci\u00f3n es tan alta como 90%~99%, lo que aumenta el rendimiento.<br \/>\nDe acuerdo con las propiedades f\u00edsicas del material y los diferentes requisitos de cribado de los clientes, podemos ajustar la velocidad de rotaci\u00f3n, la excentricidad, la fuerza radial y la fuerza tangencial independientes y ajustables, para cambiar el tiempo de permanencia del material en la superficie de la criba y la ruta de movimiento. para lograr el mejor efecto de detecci\u00f3n.<br \/>\n<img decoding=\"async\" src=\"https:\/\/urmachinery.com\/uploads\/allimg\/180426\/1-1P426161211O2.png\" alt=\"movimiento de la pantalla del vaso\" \/><br \/>\n<img decoding=\"async\" src=\"https:\/\/urmachinery.com\/uploads\/allimg\/180426\/1-1P426161323A8.png\" alt=\"movimiento de la pantalla del vaso\" \/><img decoding=\"async\" src=\"https:\/\/urmachinery.com\/uploads\/allimg\/180426\/1-1P42616160cI.png\" alt=\"movimiento de la pantalla del vaso\" \/><br \/>\n<strong>Aplicaci\u00f3n del cribador de vaso:<\/strong><br \/>\nProductos qu\u00edmicos, alimentos y especias, pl\u00e1sticos y resinas sint\u00e9ticas, miner\u00eda, medicina, madera y contrachapados, metalurgia, piensos, caucho, forrajes, fertilizantes, az\u00facar, sal, industria renovable, etc.<\/p>\n<p><strong>Caracter\u00edsticas del cribador de vaso:<\/strong><br \/>\n1. El cribado de rocas blandas no destruir\u00e1 la estructura original de las part\u00edculas del material y no es f\u00e1cil producir electricidad est\u00e1tica. Es la mejor opci\u00f3n para materiales inflamables, explosivos y f\u00e1ciles de generar est\u00e1tica. Y extienda efectivamente la vida \u00fatil de las piezas del equipo.<br \/>\n2. Con estructura de montaje tipo bloque de construcci\u00f3n circular, f\u00e1cil montaje y desmontaje. El puerto de descarga puede girar libremente 360 grados.<br \/>\n3. Se puede utilizar hasta 7 capas, puede producir hasta 8 tama\u00f1os de part\u00edculas.<br \/>\n4. La estructura de la pantalla es diversa. No s\u00f3lo se puede empalmar, sino tambi\u00e9n unir integralmente.<br \/>\n5. El valor de aceleraci\u00f3n en direcci\u00f3n vertical de las part\u00edculas del material es bajo, por lo que la malla de la pantalla no es f\u00e1cil de da\u00f1ar, lo que prolonga la vida \u00fatil de la pantalla.<br \/>\n6. Se puede instalar una m\u00e1quina de cribado a gran escala con un dispositivo de elevaci\u00f3n neum\u00e1tico para reducir la dificultad de reemplazo de la criba.<br \/>\n7. El ruido es bajo, 75 dB. Totalmente cerrado y m\u00e1s respetuoso con el medio ambiente.<\/p>\n<p><strong>M\u00e9todo de limpieza de malla para cribadora de vaso:<\/strong><\/p>\n<p>1. Limpieza de pelota de rebote + anillo de PU<br \/>\n<img decoding=\"async\" src=\"https:\/\/urmachinery.com\/uploads\/allimg\/180426\/1-1P426161H4461.png\" alt=\"\" \/><\/p>\n<p>2. Dispositivo de limpieza de cepillos<br \/>\n<img decoding=\"async\" src=\"https:\/\/urmachinery.com\/uploads\/allimg\/180426\/1-1P426161K0601.png\" alt=\"limpieza con cepillo\" \/><\/p>\n<p>3. Dispositivo de limpieza de aire comprimido (limpieza por flujo de aire a chorro)<br \/>\n<img decoding=\"async\" src=\"https:\/\/urmachinery.com\/uploads\/allimg\/180426\/1-1P426161R9445.png\" alt=\"limpieza del flujo de aire\" \/><\/p>\n<p>4. Flujo de aire a chorro + limpieza con cepillo<br \/>\n<img decoding=\"async\" src=\"https:\/\/urmachinery.com\/uploads\/allimg\/180426\/1-1P426161Z42W.png\" alt=\"limpieza con cepillo\" \/><img decoding=\"async\" src=\"https:\/\/urmachinery.com\/uploads\/allimg\/180426\/1-1P426161933a6.png\" alt=\"limpieza del flujo de aire\" \/><\/p>\n<p>5. Limpieza del raspador el\u00e1stico<br \/>\n<img decoding=\"async\" src=\"https:\/\/urmachinery.com\/uploads\/allimg\/180426\/1-1P42616205H01.png\" alt=\"limpieza con raspador\" \/><\/p>\n<p>6. Limpieza con tecnolog\u00eda ultras\u00f3nica<br \/>\n<img decoding=\"async\" src=\"https:\/\/urmachinery.com\/uploads\/allimg\/180426\/1-1P426162151516.png\" alt=\"limpieza ultras\u00f3nica\" \/><\/p>\n<p><strong>Par\u00e1metros t\u00e9cnicos de la cribadora de vaso:<\/strong><br \/>\n<img decoding=\"async\" src=\"https:\/\/urmachinery.com\/uploads\/allimg\/180426\/1-1P4261622194N.png\" alt=\"tamiz de vaso\" \/><\/p>\n<table align=\"center\">\n<tbody>\n<tr>\n<td>Modelo<\/td>\n<td>600<\/td>\n<td>950<\/td>\n<td>1200<\/td>\n<td>1400<\/td>\n<td>1600<\/td>\n<td>1700<\/td>\n<td>2000<\/td>\n<td>2100<\/td>\n<td>2300<\/td>\n<td>2600<\/td>\n<td>2900<\/td>\n<\/tr>\n<tr>\n<td>\u00c1rea de pantalla por capa<\/td>\n<td>0,28m2<\/td>\n<td>0,72m2<\/td>\n<td>1,10m2<\/td>\n<td>1,50m2<\/td>\n<td>1,80m2<\/td>\n<td>2,30m2<\/td>\n<td>2,60m2<\/td>\n<td>3,40m2<\/td>\n<td>3,90m2<\/td>\n<td>5,30m2<\/td>\n<td>6,40m2<\/td>\n<\/tr>\n<tr>\n<td>\u00c1rea neta del sitio<\/td>\n<td>0,36m2<\/td>\n<td>1,20m2<\/td>\n<td>1,57m2<\/td>\n<td>2,20m2<\/td>\n<td>2,50m2<\/td>\n<td>3,20m2<\/td>\n<td>3,54m2<\/td>\n<td>4,60m2<\/td>\n<td>5,30m2<\/td>\n<td>6,76m2<\/td>\n<td>8,60m2<\/td>\n<\/tr>\n<tr>\n<td>Capas<\/td>\n<td colspan=\"10\">1, 2, 3, 4, 5<\/td>\n<td>1, 2, 3, 4<\/td>\n<\/tr>\n<tr>\n<td>Sistema de limpieza<\/td>\n<td colspan=\"11\">Opciones: pelota de goma, cepillo, aire comprimido, cepillo y aire comprimido, ultrasonido, raspador<\/td>\n<\/tr>\n<tr>\n<td>Potencia de accionamiento del motor<\/td>\n<td>0,25 KW<\/td>\n<td>1,5 KW<\/td>\n<td>1,5 KW<\/td>\n<td>2,2 KW<\/td>\n<td>2,2 KW<\/td>\n<td>4.0KW<\/td>\n<td>4.0KW<\/td>\n<td>4.0KW<\/td>\n<td>4.0KW<\/td>\n<td>5,5 KW<\/td>\n<td>5,5 KW<\/td>\n<\/tr>\n<tr>\n<td colspan=\"12\">Altura\/Peso (mm\/kg)<\/td>\n<\/tr>\n<tr>\n<td>Una sola capa<\/td>\n<td>758\/<br \/>\n132<\/td>\n<td>987\/<br \/>\n350<\/td>\n<td>1223\/<br \/>\n420<\/td>\n<td>1359\/<br \/>\n810<\/td>\n<td>1484\/<br \/>\n820<\/td>\n<td>1371\/<br \/>\n900<\/td>\n<td>1534\/<br \/>\n920<\/td>\n<td>1441\/<br \/>\n1450<\/td>\n<td>1450\/<br \/>\n1490<\/td>\n<td>1774\/<br \/>\n1525<\/td>\n<td>1488\/<br \/>\n1675<\/td>\n<\/tr>\n<tr>\n<td>2 capas<\/td>\n<td>837\/<br \/>\n142<\/td>\n<td>1106\/<br \/>\n400<\/td>\n<td>1381\/<br \/>\n480<\/td>\n<td>1498\/<br \/>\n880<\/td>\n<td>1642\/<br \/>\n890<\/td>\n<td>1510\/<br \/>\n980<\/td>\n<td>1692\/<br \/>\n990<\/td>\n<td>1580\/<br \/>\n1530<\/td>\n<td>1589\/<br \/>\n1575<\/td>\n<td>1967\/<br \/>\n1660<\/td>\n<td>1627\/<br \/>\n1790<\/td>\n<\/tr>\n<tr>\n<td>3 capas<\/td>\n<td>916\/<br \/>\n152<\/td>\n<td>1225\/<br \/>\n450<\/td>\n<td>1539\/<br \/>\n520<\/td>\n<td>1637\/<br \/>\n950<\/td>\n<td>1800\/<br \/>\n960<\/td>\n<td>1649\/<br \/>\n1070<\/td>\n<td>1850\/<br \/>\n1080<\/td>\n<td>1719\/<br \/>\n1650<\/td>\n<td>1728\/<br \/>\n1700<\/td>\n<td>2160\/<br \/>\n1810<\/td>\n<td>1766\/<br \/>\n1940<\/td>\n<\/tr>\n<tr>\n<td>4 capas<\/td>\n<td>995\/<br \/>\n162<\/td>\n<td>1344\/<br \/>\n510<\/td>\n<td>1697\/<br \/>\n590<\/td>\n<td>1776\/<br \/>\n1030<\/td>\n<td>1958\/<br \/>\n1040<\/td>\n<td>1788\/<br \/>\n1140<\/td>\n<td>2008\/<br \/>\n1150<\/td>\n<td>1858\/<br \/>\n1760<\/td>\n<td>1867\/<br \/>\n1825<\/td>\n<td>2353\/<br \/>\n1960<\/td>\n<td>1905\/<br \/>\n2090<\/td>\n<\/tr>\n<tr>\n<td>5 capas<\/td>\n<td>1074\/<br \/>\n172<\/td>\n<td>1463\/<br \/>\n580<\/td>\n<td>1855\/<br \/>\n660<\/td>\n<td>1915\/<br \/>\n1110<\/td>\n<td>2116\/<br \/>\n1120<\/td>\n<td>1927\/<br \/>\n1220<\/td>\n<td>2166\/<br \/>\n1230<\/td>\n<td>1997\/<br \/>\n1890<\/td>\n<td>2006\/<br \/>\n1975<\/td>\n<td>2546\/<br \/>\n2130<\/td>\n<td>&#8212;<\/td>\n<\/tr>\n<\/tbody>\n<\/table>\n<p><span id=\"cke_bm_116E\">\u00a0<\/span>\u00a0<span id=\"cke_bm_118E\">\u00a0<\/span><\/p>\n<\/div>","protected":false},"excerpt":{"rendered":"<p>Overview of Tumbler Screener: Tumbler screener is also called tumbler screening machine, tumbler sieve, swinging screen, swinging sieve, rocking sieve, shaking sieve machine etc. The simplest sieving is using your hands with the staring of your eyes. Tumbler screening machine is the mechanical simulation for this. Swinging sieve is the most effective screening machine that [&hellip;]<\/p>\n","protected":false},"featured_media":3012,"template":"","meta":[],"product_brand":[],"product_cat":[36],"product_tag":[1006,1007,1004,1005,1003],"class_list":{"0":"post-1409","1":"product","2":"type-product","3":"status-publish","4":"has-post-thumbnail","6":"product_cat-round-separator","7":"product_tag-allgaier-tumbler-screen","8":"product_tag-gkm-tumbler-screen","9":"product_tag-tumbler-screen-manufacturer","10":"product_tag-tumbler-screen-supplier","11":"product_tag-tumbler-screening-machine","13":"first","14":"instock","15":"shipping-taxable","16":"product-type-external"},"_links":{"self":[{"href":"https:\/\/www.urmachinery.com\/es\/wp-json\/wp\/v2\/product\/1409","targetHints":{"allow":["GET"]}}],"collection":[{"href":"https:\/\/www.urmachinery.com\/es\/wp-json\/wp\/v2\/product"}],"about":[{"href":"https:\/\/www.urmachinery.com\/es\/wp-json\/wp\/v2\/types\/product"}],"wp:featuredmedia":[{"embeddable":true,"href":"https:\/\/www.urmachinery.com\/es\/wp-json\/wp\/v2\/media\/3012"}],"wp:attachment":[{"href":"https:\/\/www.urmachinery.com\/es\/wp-json\/wp\/v2\/media?parent=1409"}],"wp:term":[{"taxonomy":"product_brand","embeddable":true,"href":"https:\/\/www.urmachinery.com\/es\/wp-json\/wp\/v2\/product_brand?post=1409"},{"taxonomy":"product_cat","embeddable":true,"href":"https:\/\/www.urmachinery.com\/es\/wp-json\/wp\/v2\/product_cat?post=1409"},{"taxonomy":"product_tag","embeddable":true,"href":"https:\/\/www.urmachinery.com\/es\/wp-json\/wp\/v2\/product_tag?post=1409"}],"curies":[{"name":"wp","href":"https:\/\/api.w.org\/{rel}","templated":true}]}}