{"id":1418,"date":"2024-06-02T07:00:03","date_gmt":"2024-06-02T07:00:03","guid":{"rendered":"https:\/\/www.urmachinery.com\/product\/rotary-screen\/"},"modified":"2024-06-07T06:32:55","modified_gmt":"2024-06-07T06:32:55","slug":"criba-giratoria","status":"publish","type":"product","link":"https:\/\/www.urmachinery.com\/es\/product\/rotary-screen\/","title":{"rendered":"Criba de tr\u00f3mel rotativa"},"content":{"rendered":"<div>\n<p><strong>Overview of Rotary Trommel Screen:<\/strong><br \/>\nLa criba giratoria tambi\u00e9n se llama criba de tr\u00f3mel, criba vibratoria de tr\u00f3mel, criba vibratoria de tr\u00f3mel, criba de tambor, criba de tambor, criba de tambor, criba giratoria, tamiz cil\u00edndrico redondo, criba giratoria de cilindro, criba cil\u00edndrica giratoria, criba cil\u00edndrica giratoria, criba de rodillos, criba de rodillos etc.<br \/>\nLa criba giratoria es una m\u00e1quina de cribado especial para centrales el\u00e9ctricas, plantas de coque, materiales de construcci\u00f3n, metalurgia, industria qu\u00edmica, miner\u00eda, cer\u00e1mica y otras industrias. Ha superado el problema de obstrucci\u00f3n de la criba causado por la criba vibratoria circular y la criba lineal en el proceso de cribado de materiales h\u00famedos, lo que ha mejorado el rendimiento y la confiabilidad del sistema de cribado y ha sido ampliamente elogiado por los usuarios.<\/p>\n<p><strong>Working Principle of Rotary Trommel Screen:<\/strong><br \/>\nLa criba giratoria se compone de motor, reductor, dispositivo de tambor, rejilla, tapa de sellado, entrada y salida. La m\u00e1quina est\u00e1 inclinada para ser montada sobre bastidor. El motor est\u00e1 conectado con el dispositivo de tambor a trav\u00e9s del acoplamiento mediante reductor, lo que hace que el dispositivo de tambor gire alrededor de su eje.<br \/>\nCuando los materiales ingresan al dispositivo de tambor, como resultado de la inclinaci\u00f3n y rotaci\u00f3n del dispositivo de tambor, los materiales en la superficie de la pantalla se voltean y ruedan, lo que hace que el material calificado (producto de tama\u00f1o inferior) se descargue por la salida en la parte inferior del tambor. y material no calificado (producto de gran tama\u00f1o) descarga a trav\u00e9s de la salida al final del tambor. Debido al material que se voltea y rueda dentro del tambor, el material que est\u00e1 atrapado en el medio del tamiz puede ser expulsado, para evitar que la malla del tamiz se bloquee.<\/p>\n<p><img decoding=\"async\" src=\"https:\/\/urmachinery.com\/uploads\/allimg\/180515\/1-1P51511495N00.png\" alt=\"Estado de ejecuci\u00f3n del material en la pantalla giratoria\" \/><br \/>\nMaterial Running State in the Rotary Trommel Screen<\/p>\n<p><strong>Features of Rotary Trommel Screen:<\/strong><br \/>\n1. Peque\u00f1a potencia y bajo consumo de energ\u00eda. Hay un dispositivo de autolimpieza en el tambor. La malla no se bloquea f\u00e1cilmente.<br \/>\n2. Espacio de ocupaci\u00f3n peque\u00f1o, bajo costo de inversi\u00f3n, operaci\u00f3n estable y confiable, alta eficiencia de detecci\u00f3n y gran producci\u00f3n.<br \/>\n3. Dise\u00f1o de proceso simple, instalaci\u00f3n y mantenimiento convenientes, operaci\u00f3n f\u00e1cil.<br \/>\n4. Tener una gran adaptabilidad a los materiales. Se puede cribar material pegajoso, con mucha humedad, sucio y diverso.<br \/>\n5. El modo de alimentaci\u00f3n es diverso: transmisi\u00f3n manual y mec\u00e1nica. Puede producir en grandes cantidades.<br \/>\n6. La pantalla central adopta un dise\u00f1o de anillo de acero plano anular. Con buena resistencia al desgaste, larga vida \u00fatil, estructura simple y mantenimiento conveniente.<\/p>\n<p><strong>Application of Rotary Trommel Screen:<\/strong><br \/>\nLa criba giratoria se utiliza principalmente para clasificar seg\u00fan el tama\u00f1o de part\u00edcula del material. Es ampliamente utilizado en energ\u00eda el\u00e9ctrica, miner\u00eda, metalurgia, materiales de construcci\u00f3n, industrias qu\u00edmicas y otras industrias de producci\u00f3n. Y se usa com\u00fanmente para clasificar materiales refractarios, carb\u00f3n, fertilizantes qu\u00edmicos, piedra de campo de arena y para cribar carb\u00f3n, coque, cal, grava de minas y otros materiales pegajosos, haciendo que la estructura del producto sea m\u00e1s uniforme y ordenada, para cumplir las necesidades de producci\u00f3n.<\/p>\n<p><strong>Technical Parameters of Rotary Trommel Screen:<\/strong><br \/>\n<img decoding=\"async\" src=\"https:\/\/urmachinery.com\/uploads\/allimg\/180515\/1-1P515115125417.png\" alt=\"criba giratoria\" \/><\/p>\n<p>1. dispositivo impulsor 2. abertura de descarga de material grueso 3. tapa del sello<br \/>\n4. cuerpo del tambor 5. abertura de descarga de material de tama\u00f1o inferior 6. placa de retenci\u00f3n<br \/>\n7. entrada de alimentaci\u00f3n 8. soporte<\/p>\n<table border=\"1\" cellspacing=\"1\" cellpadding=\"1\">\n<tbody>\n<tr>\n<td>Modelo<\/td>\n<td>Capacidad<br \/>\n(t\/h)<\/td>\n<td>Di\u00e1metro del tambor de criba (mm)<\/td>\n<td>Longitud<br \/>\n(metro)<\/td>\n<td>Potencia del motor (kilovatios)<\/td>\n<\/tr>\n<tr>\n<td>600<\/td>\n<td>5-10<\/td>\n<td>\uffe0600<\/td>\n<td>1000<\/td>\n<td>1.5<\/td>\n<\/tr>\n<tr>\n<td>800<\/td>\n<td>8-15<\/td>\n<td>\uffe0800<\/td>\n<td>1200<\/td>\n<td>2.2<\/td>\n<\/tr>\n<tr>\n<td>1000<\/td>\n<td>15-30<\/td>\n<td>\uffe01000<\/td>\n<td>1500<\/td>\n<td>3<\/td>\n<\/tr>\n<tr>\n<td>1200<\/td>\n<td>20-50<\/td>\n<td>\uffe01200<\/td>\n<td>1800<\/td>\n<td>5.5<\/td>\n<\/tr>\n<tr>\n<td>1500<\/td>\n<td>40-80<\/td>\n<td>\uffe01500<\/td>\n<td>2000<\/td>\n<td>7.5<\/td>\n<\/tr>\n<tr>\n<td>1800<\/td>\n<td>80-150<\/td>\n<td>\uffe01800<\/td>\n<td>2000<\/td>\n<td>11<\/td>\n<\/tr>\n<tr>\n<td>2000<\/td>\n<td>130-200<\/td>\n<td>\uffe02000<\/td>\n<td>2500<\/td>\n<td>11<\/td>\n<\/tr>\n<\/tbody>\n<\/table>\n<p>&nbsp;<\/p>\n<\/div>","protected":false},"excerpt":{"rendered":"<p>Overview of Rotary Trommel Screen: Rotary screen\u00a0is also called trommel screen, trommel vibrating screen, trommel vibrating sieve, drum screen, drum sieve, drum screening machine, revolving screen, cylinder round sifter, cylinder rotary screen, revolving cylindrical sieve, cylinder revolving screen, roller screen, roller sieve etc. The rotary screen is the special screening machine for power plant, coking [&hellip;]<\/p>\n","protected":false},"featured_media":3137,"template":"","meta":[],"product_brand":[],"product_cat":[36],"product_tag":[],"class_list":{"0":"post-1418","1":"product","2":"type-product","3":"status-publish","4":"has-post-thumbnail","6":"product_cat-round-separator","8":"first","9":"instock","10":"shipping-taxable","11":"product-type-external"},"_links":{"self":[{"href":"https:\/\/www.urmachinery.com\/es\/wp-json\/wp\/v2\/product\/1418","targetHints":{"allow":["GET"]}}],"collection":[{"href":"https:\/\/www.urmachinery.com\/es\/wp-json\/wp\/v2\/product"}],"about":[{"href":"https:\/\/www.urmachinery.com\/es\/wp-json\/wp\/v2\/types\/product"}],"wp:featuredmedia":[{"embeddable":true,"href":"https:\/\/www.urmachinery.com\/es\/wp-json\/wp\/v2\/media\/3137"}],"wp:attachment":[{"href":"https:\/\/www.urmachinery.com\/es\/wp-json\/wp\/v2\/media?parent=1418"}],"wp:term":[{"taxonomy":"product_brand","embeddable":true,"href":"https:\/\/www.urmachinery.com\/es\/wp-json\/wp\/v2\/product_brand?post=1418"},{"taxonomy":"product_cat","embeddable":true,"href":"https:\/\/www.urmachinery.com\/es\/wp-json\/wp\/v2\/product_cat?post=1418"},{"taxonomy":"product_tag","embeddable":true,"href":"https:\/\/www.urmachinery.com\/es\/wp-json\/wp\/v2\/product_tag?post=1418"}],"curies":[{"name":"wp","href":"https:\/\/api.w.org\/{rel}","templated":true}]}}