{"id":1420,"date":"2024-06-05T06:00:03","date_gmt":"2024-06-05T06:00:03","guid":{"rendered":"https:\/\/www.urmachinery.com\/product\/vortex-screen\/"},"modified":"2024-06-07T05:55:24","modified_gmt":"2024-06-07T05:55:24","slug":"pantalla-de-vortice","status":"publish","type":"product","link":"https:\/\/www.urmachinery.com\/es\/product\/vortex-screen\/","title":{"rendered":"Clasificador de aire de pantalla turbo"},"content":{"rendered":"<p><iframe title=\"reproductor de v\u00eddeos de youtube\" src=\"https:\/\/www.youtube.com\/embed\/lHeZiVNqmAU?si=3RLn1i-T6RhLcWxp\" width=\"1140\" height=\"600\" frameborder=\"0\" allowfullscreen=\"allowfullscreen\"><span data-mce-type=\"bookmark\" style=\"display: inline-block; width: 0px; overflow: hidden; line-height: 0;\" class=\"mce_SELRES_start\"><\/span><\/iframe><\/p>\n<div>\n<p><strong>Descripci\u00f3n general del clasificador de aire con pantalla turbo:<\/strong><br \/>\nLa criba Vortex tambi\u00e9n se llama m\u00e1quina cribadora de viento de alta eficiencia, m\u00e1quina cribadora de alto rendimiento de tipo soplado, etc. Proporciona una criba continua de material seco, logrando una separaci\u00f3n precisa del tama\u00f1o de una micra de alta eficiencia de part\u00edculas de 25 \u00b5m ~ 8500 \u00b5m. Es adecuado para materiales que son dif\u00edciles de cribar con equipos tradicionales como cribas vibratorias, cribas ultras\u00f3nicas, cribas vibratorias, etc. Por ejemplo, part\u00edculas con electricidad est\u00e1tica, materiales f\u00e1ciles de aglomerar y con una gravedad espec\u00edfica ligera, materiales viscosos que contienen agua o aceite y as\u00ed sucesivamente. O se puede utilizar detr\u00e1s del clasificador de flujo de aire para garantizar que el polvo ultrafino no tenga part\u00edculas grandes despu\u00e9s del clasificador.<\/p>\n<p><img decoding=\"async\" src=\"https:\/\/urmachinery.com\/uploads\/allimg\/180509\/1-1P509161300a1.jpg\" alt=\"Pantalla de v\u00f3rtice\" \/><\/p>\n<p><strong>Principio de funcionamiento del clasificador de aire con pantalla turbo:<\/strong><br \/>\nLa pantalla de v\u00f3rtice controla el tama\u00f1o de las part\u00edculas con precisi\u00f3n a trav\u00e9s de la malla de la pantalla.<br \/>\nEl polvo se dispersa en el flujo de aire y a trav\u00e9s de la criba est\u00e1tica, por lo que puede cribar con precisi\u00f3n polvo de tama\u00f1o microm\u00e9trico, lo que no se puede lograr con una m\u00e1quina de tamizado de vibraci\u00f3n o un clasificador de aire.<br \/>\nLa criba vortex tiene una gran contribuci\u00f3n a la diversificaci\u00f3n, alto valor agregado y alta calidad de todo tipo de materias primas y productos en polvo. Adem\u00e1s, para el polvo con humedad, contenido de aceite y carga el\u00e9ctrica que es dif\u00edcil de cribar y cuyo rendimiento no se puede garantizar, es una m\u00e1quina de cribado profesional.<\/p>\n<p><strong>Aplicaci\u00f3n del clasificador de aire con pantalla turbo:<\/strong><br \/>\nLa pantalla Vortex se puede utilizar en alimentos, polvos met\u00e1licos, productos qu\u00edmicos, pl\u00e1sticos, cosm\u00e9ticos, pigmentos, tabaco, productos farmac\u00e9uticos, minerales, electr\u00f3nica, cer\u00e1mica y otras industrias.<\/p>\n<p><strong>Caracter\u00edsticas del clasificador de aire con pantalla Turbo:<\/strong><br \/>\n1. No hay obstrucci\u00f3n debido al cepillo de aire. Por lo tanto, la pantalla de v\u00f3rtice puede tamizar suavemente desde el granular hasta el micropolvo y, finalmente, hasta varias micras de part\u00edculas ultrafinas.<br \/>\n2. Con un principio de funcionamiento \u00fanico y un excelente rendimiento antibloqueo de la pantalla, casi se permite cribar cualquier tipo de polvo independientemente del tama\u00f1o de gravedad espec\u00edfica y sin importar si tiene propiedades del polvo como adhesividad, cohesi\u00f3n, coagulaci\u00f3n, fluidez, higroscopicidad, etc., m\u00e1s adecuado para cribar materiales livianos y electrost\u00e1ticos. Puede completar f\u00e1cilmente el tamizado de part\u00edculas esf\u00e9ricas que la m\u00e1quina de cribado ultras\u00f3nico no puede realizar.<br \/>\n3. Funcionamiento continuo totalmente autom\u00e1tico. Se puede agregar f\u00e1cilmente a la l\u00ednea de producci\u00f3n de molienda y transporte neum\u00e1tico.<br \/>\n4. Solo lleva unos minutos realizar un reemplazo r\u00e1pido de la pantalla.<br \/>\n5. Alta precisi\u00f3n de detecci\u00f3n, baja tasa de fallas y mantenimiento conveniente.<br \/>\n6. Cubra un \u00e1rea peque\u00f1a. La capacidad de procesamiento por unidad de \u00e1rea de pantalla es s\u00faper fuerte.<br \/>\n7. Ligera vibraci\u00f3n, bajo nivel de ruido, estructura completamente cerrada, sin polvo, sin contaminaci\u00f3n.<\/p>\n<p><strong>Par\u00e1metros t\u00e9cnicos del clasificador de aire Turbo Screen:<\/strong><\/p>\n<table border=\"1\" cellspacing=\"1\" cellpadding=\"1\">\n<tbody>\n<tr>\n<td>Modelo<\/td>\n<td>Di\u00e1metro de la pantalla (mm)<\/td>\n<td>Potencia (kilovatios)<\/td>\n<td>Peso (kilogramos)<\/td>\n<\/tr>\n<tr>\n<td>18<\/td>\n<td>458<\/td>\n<td>4<\/td>\n<td>230<\/td>\n<\/tr>\n<tr>\n<td>30<\/td>\n<td>762<\/td>\n<td>5.5<\/td>\n<td>560<\/td>\n<\/tr>\n<tr>\n<td>38<\/td>\n<td>965<\/td>\n<td>7.5<\/td>\n<td>650<\/td>\n<\/tr>\n<tr>\n<td>45<\/td>\n<td>1145<\/td>\n<td>11<\/td>\n<td>820<\/td>\n<\/tr>\n<\/tbody>\n<\/table>\n<p><strong>Ejemplos de procesamiento de diversos polvos del clasificador de aire con pantalla turbo:<\/strong><\/p>\n<table border=\"1\" cellspacing=\"1\" cellpadding=\"1\">\n<tbody>\n<tr>\n<td>Material<\/td>\n<td>Esta\u00f1o para soldar<\/td>\n<td>Polvos de talco<\/td>\n<td>Recubrimiento en polvo<\/td>\n<td>Virador<\/td>\n<td>Polvo de carb\u00f3n<\/td>\n<td>Harina de madera<\/td>\n<\/tr>\n<tr>\n<td>18 modelo<\/td>\n<td>30<\/td>\n<td>100<\/td>\n<td>50<\/td>\n<td>70<\/td>\n<td>50<\/td>\n<td>70<\/td>\n<\/tr>\n<tr>\n<td>Modelo 30<\/td>\n<td>120<\/td>\n<td>420<\/td>\n<td>200<\/td>\n<td>420<\/td>\n<td>200<\/td>\n<td>300<\/td>\n<\/tr>\n<tr>\n<td>Malla de pantalla (\u03bcm)<\/td>\n<td>25<\/td>\n<td>75<\/td>\n<td>75<\/td>\n<td>45<\/td>\n<td>75<\/td>\n<td>150<\/td>\n<\/tr>\n<\/tbody>\n<\/table>\n<p>&nbsp;<\/p>\n<\/div>","protected":false},"excerpt":{"rendered":"<p>\ufeff Overview of Turbo Screen Air Classifier: Vortex screen is also called high efficiency wind screening machine, blow-through type high-performance sieving machine etc. It provides continuous dry material screening, achieving the high efficiency micron-sized accurate separation of 25\u00b5m~8500\u00b5m\u00a0particles. It is suitable for materials that are difficult to screen with traditional equipments such as vibrating screen, [&hellip;]<\/p>\n","protected":false},"featured_media":3147,"template":"","meta":[],"product_brand":[],"product_cat":[38],"product_tag":[292,297,296,298,295,293,294,291],"class_list":{"0":"post-1420","1":"product","2":"type-product","3":"status-publish","4":"has-post-thumbnail","6":"product_cat-turbo-screen","7":"product_tag-air-classifier","8":"product_tag-air-classifier-for-sale","9":"product_tag-air-classifier-machine","10":"product_tag-air-classifier-separator","11":"product_tag-turbo-air-classifier","12":"product_tag-turbo-screen-air-classifier","13":"product_tag-turbo-screen-classifier","14":"product_tag-vortex-screen","16":"first","17":"instock","18":"shipping-taxable","19":"product-type-external"},"_links":{"self":[{"href":"https:\/\/www.urmachinery.com\/es\/wp-json\/wp\/v2\/product\/1420","targetHints":{"allow":["GET"]}}],"collection":[{"href":"https:\/\/www.urmachinery.com\/es\/wp-json\/wp\/v2\/product"}],"about":[{"href":"https:\/\/www.urmachinery.com\/es\/wp-json\/wp\/v2\/types\/product"}],"wp:featuredmedia":[{"embeddable":true,"href":"https:\/\/www.urmachinery.com\/es\/wp-json\/wp\/v2\/media\/3147"}],"wp:attachment":[{"href":"https:\/\/www.urmachinery.com\/es\/wp-json\/wp\/v2\/media?parent=1420"}],"wp:term":[{"taxonomy":"product_brand","embeddable":true,"href":"https:\/\/www.urmachinery.com\/es\/wp-json\/wp\/v2\/product_brand?post=1420"},{"taxonomy":"product_cat","embeddable":true,"href":"https:\/\/www.urmachinery.com\/es\/wp-json\/wp\/v2\/product_cat?post=1420"},{"taxonomy":"product_tag","embeddable":true,"href":"https:\/\/www.urmachinery.com\/es\/wp-json\/wp\/v2\/product_tag?post=1420"}],"curies":[{"name":"wp","href":"https:\/\/api.w.org\/{rel}","templated":true}]}}