{"id":1426,"date":"2024-06-03T07:00:04","date_gmt":"2024-06-03T07:00:04","guid":{"rendered":"https:\/\/www.urmachinery.com\/product\/rectangular-separator\/"},"modified":"2024-06-07T06:34:31","modified_gmt":"2024-06-07T06:34:31","slug":"separador-rectangular","status":"publish","type":"product","link":"https:\/\/www.urmachinery.com\/es\/product\/rectangular-separator\/","title":{"rendered":"Separador rectangular"},"content":{"rendered":"<div>\n<p><iframe title=\"Criba vibratoria lineal para arena.\" width=\"800\" height=\"450\" src=\"https:\/\/www.youtube.com\/embed\/_2pz0jfTztM?feature=oembed\" frameborder=\"0\" allow=\"accelerometer; autoplay; clipboard-write; encrypted-media; gyroscope; picture-in-picture; web-share\" referrerpolicy=\"strict-origin-when-cross-origin\" allowfullscreen><\/iframe><\/p>\n<p><iframe title=\"Tamiz vibratorio lineal de acero inoxidable fabricado por la empresa AAREAL\" width=\"800\" height=\"600\" src=\"https:\/\/www.youtube.com\/embed\/FERPDJ4PrDU?feature=oembed\" frameborder=\"0\" allow=\"accelerometer; autoplay; clipboard-write; encrypted-media; gyroscope; picture-in-picture; web-share\" referrerpolicy=\"strict-origin-when-cross-origin\" allowfullscreen><\/iframe><\/p>\n<p><strong>Descripci\u00f3n general del separador rectangular:<\/strong><br \/>\nEl separador rectangular tambi\u00e9n se llama criba vibratoria lineal, criba vibratoria horizontal, criba vibratoria rectangular, tamiz rectangular, criba rectangular, criba lineal, etc.<br \/>\nImpulsados por dos motores de vibraci\u00f3n, los separadores rectangulares realizan vibraciones rectil\u00edneas. Al ajustar el \u00e1ngulo de instalaci\u00f3n del motor vibratorio, se puede cambiar el \u00e1ngulo de lanzamiento del material para lograr la forma de producci\u00f3n requerida. Dado que los separadores rectangulares hacen que los materiales produzcan una aceleraci\u00f3n muy grande, pueden satisfacer la alta demanda de producci\u00f3n.<br \/>\nEsta m\u00e1quina generalmente se instala horizontalmente y tambi\u00e9n se puede instalar con elevaci\u00f3n o inclinaci\u00f3n hacia abajo para cumplir con diferentes requisitos de producci\u00f3n.<\/p>\n<p><strong>Principio de funcionamiento del separador rectangular:<\/strong><br \/>\n<img decoding=\"async\" src=\"https:\/\/urmachinery.com\/uploads\/allimg\/180509\/1-1P509162303563.png\" alt=\"tamiz vibratorio lineal\" \/><br \/>\nEl separador rectangular es accionado por dos motores vibratorios. Cuando los dos motores de vibraci\u00f3n hacen rotaci\u00f3n sincronizada e invertida, la fuerza de vibraci\u00f3n generada por su bloque exc\u00e9ntrico se compensa entre s\u00ed paralela a la direcci\u00f3n del husillo del motor, superponi\u00e9ndose como una fuerza resultante perpendicular a la direcci\u00f3n del eje del motor, por lo tanto la trayectoria de movimiento de La m\u00e1quina de cribado es una l\u00ednea recta.<br \/>\nLos dos ejes del motor tienen un \u00e1ngulo de inclinaci\u00f3n en direcci\u00f3n vertical con respecto a la superficie de la pantalla. Bajo el efecto combinado de la fuerza de vibraci\u00f3n y la autogravedad del material, los materiales en la superficie de la criba realizan movimientos de salto, para lograr el prop\u00f3sito de cribar y clasificar los materiales. Se puede utilizar para realizar operaciones autom\u00e1ticas en la l\u00ednea de montaje.<\/p>\n<p><strong>Caracter\u00edsticas del separador rectangular:<\/strong><br \/>\n1. Adecuado para operaciones de cribado aproximado de alta capacidad.<br \/>\n2. Diversos tipos de estructuras de pantalla (marco de madera, marco de metal, etc.).<br \/>\n3. Se pueden utilizar abrazaderas de apertura r\u00e1pida para retirarlas f\u00e1cilmente.<br \/>\n4. El \u00e1ngulo de la superficie de la criba se puede ajustar para equilibrar la precisi\u00f3n de la criba y la capacidad de producci\u00f3n.<br \/>\n5. El resorte de goma amortiguador de alta calidad se puede utilizar para minimizar el ruido y al mismo tiempo reducir la gran oscilaci\u00f3n del arranque y parada.<br \/>\n6. El motor se puede instalar debajo, encima o al lado de la caja de la pantalla para adaptarse a diferentes entornos.<br \/>\n7. Se pueden instalar de 1 a 8 capas de pantallas y adopta la bola que rebota para limpiar la pantalla.<br \/>\n8. Estructura completamente cerrada, sin polvo.<\/p>\n<p><strong>Estructura del separador rectangular:<\/strong><br \/>\nEl separador rectangular se compone principalmente de una caja de criba, una malla de criba, un motor de vibraci\u00f3n, un pedestal del motor, un resorte amortiguador y soportes.<br \/>\n1. Caja de criba: soldada con placa de acero, con cierta resistencia y rigidez, es el componente principal de la m\u00e1quina de criba.<br \/>\n2. Malla de criba: la malla de criba es una placa perforada. La rigidez general es buena, s\u00f3lida y fiable.<br \/>\n3. Motor de vibraci\u00f3n: m\u00e9todo de uso y mantenimiento del motor de vibraci\u00f3n para consultar las instrucciones de funcionamiento del motor de vibraci\u00f3n.<br \/>\n4. Pedestal del motor: el pedestal del motor de la m\u00e1quina tamizadora con vibraci\u00f3n descendente (el motor est\u00e1 instalado debajo de la caja del tamiz) se puede mover. El tornillo de conexi\u00f3n debe apretarse antes de su uso. Especialmente la nueva m\u00e1quina de cribado debe apretarse repetidamente tres d\u00edas antes de la prueba, para evitar accidentes causados por el aflojamiento.<br \/>\n5. Resorte amortiguador de vibraciones: para evitar que las vibraciones pasen al suelo y soportar todo el peso de la caja de la criba. Al instalar, el resorte debe estar perpendicular al suelo.<br \/>\n6. Soporte: el soporte se utiliza para soportar la caja de la pantalla. Debe montarse perpendicular al suelo durante la instalaci\u00f3n. La parte del cuerpo del soporte y del tamiz se unir\u00e1 mediante el resorte de compresi\u00f3n.<\/p>\n<p><strong>Aplicaci\u00f3n del separador rectangular:<\/strong><br \/>\nEsta m\u00e1quina tamizadora es adecuada para cribar materiales que tienen entre 0,74 mm y 10 mm, un contenido de agua inferior a 7% y no es pegajoso.<br \/>\nEs ampliamente utilizado en la industria qu\u00edmica, alimentos, pl\u00e1stico, medicina, metalurgia, vidrio, materiales de construcci\u00f3n, granos, fertilizantes, abrasivos, cer\u00e1mica y otras industrias, para el cribado de polvo seco o material granular.<\/p>\n<p><strong>Par\u00e1metros t\u00e9cnicos del separador rectangular:<\/strong><\/p>\n<table border=\"1\" cellspacing=\"1\" cellpadding=\"1\">\n<tbody>\n<tr>\n<td>Modelo<\/td>\n<td>Tama\u00f1o nominal (mm)<\/td>\n<td>Tama\u00f1o de part\u00edcula (mm)<\/td>\n<td>\u00c1ngulo de inclinaci\u00f3n de la pantalla (\u00b0)<\/td>\n<td>Amplitud (mm)<\/td>\n<td>Capa<\/td>\n<td>Potencia (Kw)<\/td>\n<\/tr>\n<tr>\n<td>520<\/td>\n<td>500*2000<\/td>\n<td>0.0074~10<\/td>\n<td>0~7\u00b0<\/td>\n<td>4~10<\/td>\n<td>1~6<\/td>\n<td>2*(0.4~0.75)<\/td>\n<\/tr>\n<tr>\n<td>525<\/td>\n<td>500*2500<\/td>\n<td>0.0074~10<\/td>\n<td>0~7\u00b0<\/td>\n<td>4~10<\/td>\n<td>1~6<\/td>\n<td>2*(0.4~0.75)<\/td>\n<\/tr>\n<tr>\n<td>530<\/td>\n<td>500*3000<\/td>\n<td>0.0074~10<\/td>\n<td>0~7\u00b0<\/td>\n<td>4~10<\/td>\n<td>1~6<\/td>\n<td>2*(0.4~0.75)<\/td>\n<\/tr>\n<tr>\n<td>1020<\/td>\n<td>1000*2000<\/td>\n<td>0.0074~10<\/td>\n<td>0~7\u00b0<\/td>\n<td>4~10<\/td>\n<td>1~6<\/td>\n<td>2*(0.4~0.75)<\/td>\n<\/tr>\n<tr>\n<td>1025<\/td>\n<td>1000*2500<\/td>\n<td>0.0074~10<\/td>\n<td>0~7\u00b0<\/td>\n<td>4~10<\/td>\n<td>1~6<\/td>\n<td>2*(0.4~1.1)<\/td>\n<\/tr>\n<tr>\n<td>1030<\/td>\n<td>1000*3000<\/td>\n<td>0.0074~10<\/td>\n<td>0~7\u00b0<\/td>\n<td>4~10<\/td>\n<td>1~6<\/td>\n<td>2*(1.1~1.5)<\/td>\n<\/tr>\n<tr>\n<td>1040<\/td>\n<td>1000*4000<\/td>\n<td>0.0074~10<\/td>\n<td>0~7\u00b0<\/td>\n<td>4~10<\/td>\n<td>1~6<\/td>\n<td>2*(1.1~1.5)<\/td>\n<\/tr>\n<tr>\n<td>1225<\/td>\n<td>1200*2500<\/td>\n<td>0.0074~10<\/td>\n<td>0~7\u00b0<\/td>\n<td>4~10<\/td>\n<td>1~6<\/td>\n<td>2*(1.1~1.5)<\/td>\n<\/tr>\n<tr>\n<td>1235<\/td>\n<td>1200*3500<\/td>\n<td>0.0074~10<\/td>\n<td>0~7\u00b0<\/td>\n<td>4~10<\/td>\n<td>1~6<\/td>\n<td>2*(1.1~2.2)<\/td>\n<\/tr>\n<tr>\n<td>1250<\/td>\n<td>1200*5000<\/td>\n<td>0.0074~10<\/td>\n<td>0~7\u00b0<\/td>\n<td>4~10<\/td>\n<td>1~6<\/td>\n<td>2*(1.1~2.2)<\/td>\n<\/tr>\n<tr>\n<td>1535<\/td>\n<td>1500*3500<\/td>\n<td>0.0074~10<\/td>\n<td>0~7\u00b0<\/td>\n<td>4~10<\/td>\n<td>1~6<\/td>\n<td>2*(1.1~2.2)<\/td>\n<\/tr>\n<tr>\n<td>1560<\/td>\n<td>1500*6000<\/td>\n<td>0.0074~10<\/td>\n<td>0~7\u00b0<\/td>\n<td>4~10<\/td>\n<td>1~6<\/td>\n<td>2*(2.2~3.7)<\/td>\n<\/tr>\n<tr>\n<td>1845<\/td>\n<td>1800*4500<\/td>\n<td>0.0074~15<\/td>\n<td>0~7\u00b0<\/td>\n<td>4~10<\/td>\n<td>1~6<\/td>\n<td>2*(2.2~3.7)<\/td>\n<\/tr>\n<tr>\n<td>2050<\/td>\n<td>2000*5000<\/td>\n<td>0.0074~15<\/td>\n<td>0~7\u00b0<\/td>\n<td>4~10<\/td>\n<td>1~6<\/td>\n<td>2*(2.2~3.7)<\/td>\n<\/tr>\n<tr>\n<td>2060<\/td>\n<td>2000*6000<\/td>\n<td>0.0074~15<\/td>\n<td>0~7\u00b0<\/td>\n<td>4~10<\/td>\n<td>1~6<\/td>\n<td>2*(2.2~3.7)<\/td>\n<\/tr>\n<\/tbody>\n<\/table>\n<p><strong>Separador sanitario:<\/strong><br \/>\n<img decoding=\"async\" src=\"https:\/\/urmachinery.com\/uploads\/allimg\/180509\/1-1P509163932352.png\" alt=\"tamiz vibratorio lineal\" \/><\/p>\n<p><strong>Salida vertical:<\/strong><br \/>\n<img decoding=\"async\" src=\"https:\/\/urmachinery.com\/uploads\/allimg\/180509\/1-1P5091639563B.jpg\" alt=\"tamiz vibratorio lineal\" \/><\/p>\n<p><strong>Una sola capa:<\/strong><br \/>\n<img decoding=\"async\" src=\"https:\/\/urmachinery.com\/uploads\/allimg\/180509\/1-1P5091640131T.png\" alt=\"tamiz vibratorio lineal\" \/><\/p>\n<p><strong>Multicapa (salidas delanteras):<\/strong><br \/>\n<img decoding=\"async\" src=\"https:\/\/urmachinery.com\/uploads\/allimg\/180509\/1-1P5091640405W.png\" alt=\"tamiz vibratorio lineal\" \/><\/p>\n<p><strong>Separador de granos de pl\u00e1stico:<\/strong><br \/>\n<img decoding=\"async\" src=\"https:\/\/urmachinery.com\/uploads\/allimg\/180509\/1-1P509164103W9.png\" alt=\"tamiz vibratorio lineal\" \/><\/p>\n<p><strong>Separador de detergente en polvo:<\/strong><br \/>\n<img decoding=\"async\" src=\"https:\/\/urmachinery.com\/uploads\/allimg\/180509\/1-1P5091641215L.png\" alt=\"tamiz vibratorio lineal\" \/><\/p>\n<p><strong>Nuevo tipo de separador de resorte:<\/strong><br \/>\n<img decoding=\"async\" src=\"https:\/\/urmachinery.com\/uploads\/allimg\/180509\/1-1P509164142409.png\" alt=\"tamiz vibratorio lineal\" \/><br \/>\n<img decoding=\"async\" src=\"https:\/\/urmachinery.com\/uploads\/allimg\/180509\/1-1P509164202123.png\" alt=\"tamiz vibratorio lineal\" \/><br \/>\n<span id=\"cke_bm_390E\">\u00a0<\/span>\u00a0<span id=\"cke_bm_388E\">\u00a0<\/span><\/p>\n<\/div>","protected":false},"excerpt":{"rendered":"<p>Overview of Rectangular Separator: Rectangular\u00a0separator\u00a0is also called linear vibrating screen, horizonal vibrating screen, rectangular vibrating screen, rectangular sifter, rectangular screener, linear screen etc. Driven by two vibration\u00a0motors, the\u00a0rectangular separators do rectilinear vibration.\u00a0By\u00a0adjusting the installation angle of the vibrating motor, the material throwing angle can be changed to achieve the required form of production.\u00a0Since the rectangular [&hellip;]<\/p>\n","protected":false},"featured_media":1429,"template":"","meta":[],"product_brand":[],"product_cat":[29],"product_tag":[],"class_list":{"0":"post-1426","1":"product","2":"type-product","3":"status-publish","4":"has-post-thumbnail","6":"product_cat-rectangular-separator","8":"first","9":"instock","10":"shipping-taxable","11":"product-type-external"},"_links":{"self":[{"href":"https:\/\/www.urmachinery.com\/es\/wp-json\/wp\/v2\/product\/1426","targetHints":{"allow":["GET"]}}],"collection":[{"href":"https:\/\/www.urmachinery.com\/es\/wp-json\/wp\/v2\/product"}],"about":[{"href":"https:\/\/www.urmachinery.com\/es\/wp-json\/wp\/v2\/types\/product"}],"wp:featuredmedia":[{"embeddable":true,"href":"https:\/\/www.urmachinery.com\/es\/wp-json\/wp\/v2\/media\/1429"}],"wp:attachment":[{"href":"https:\/\/www.urmachinery.com\/es\/wp-json\/wp\/v2\/media?parent=1426"}],"wp:term":[{"taxonomy":"product_brand","embeddable":true,"href":"https:\/\/www.urmachinery.com\/es\/wp-json\/wp\/v2\/product_brand?post=1426"},{"taxonomy":"product_cat","embeddable":true,"href":"https:\/\/www.urmachinery.com\/es\/wp-json\/wp\/v2\/product_cat?post=1426"},{"taxonomy":"product_tag","embeddable":true,"href":"https:\/\/www.urmachinery.com\/es\/wp-json\/wp\/v2\/product_tag?post=1426"}],"curies":[{"name":"wp","href":"https:\/\/api.w.org\/{rel}","templated":true}]}}