{"id":1430,"date":"2024-06-05T05:00:06","date_gmt":"2024-06-05T05:00:06","guid":{"rendered":"https:\/\/www.urmachinery.com\/product\/centrifugal-sifter\/"},"modified":"2024-06-07T05:55:06","modified_gmt":"2024-06-07T05:55:06","slug":"tamiz-centrifugo","status":"publish","type":"product","link":"https:\/\/www.urmachinery.com\/es\/product\/centrifugal-sifter\/","title":{"rendered":"Tamiz centr\u00edfugo de pantalla turbo"},"content":{"rendered":"<div>\n<p><iframe title=\"Tamiz centr\u00edfugo de flujo de aire\" width=\"800\" height=\"450\" src=\"https:\/\/www.youtube.com\/embed\/6gCqR3W00bc?feature=oembed\" frameborder=\"0\" allow=\"accelerometer; autoplay; clipboard-write; encrypted-media; gyroscope; picture-in-picture; web-share\" referrerpolicy=\"strict-origin-when-cross-origin\" allowfullscreen><\/iframe><\/p>\n<p><strong>Overview of Centrifugal Sifter:<\/strong><br \/>\nTurbo screen centrifugal sifter is also called centrifugal sieve, airflow screen, airflow sieve, horizontal airflow screen, turbo sieve, cyclone sieve, airflow centrifugal sifter, centrifugal screener, centrifugal powder sifter, rotary screen, rotary sieve, rotary sifter, air classifier etc.<br \/>\nThis kind of screening\u00a0machine solves the screening problem of materials\u00a0with Multi-fiber, large viscosity, static electricity and easy to adsorb, such as Chinese medicine powder, battery material, starch etc.<\/p>\n<p><strong>Working Principle\u00a0of Centrifugal Sifter:<\/strong><br \/>\nThe machine is made up of motor,\u00a0base, housing, material in and out\u00a0propelling device, screen\u00a0barrel etc.<br \/>\nWhen it works, the material enters from the feed inlet at the upper end of the housing, and the rotating screw feeds the material into the screen\u00a0barrel.<br \/>\nEl material que ingresa al cilindro de la criba es impulsado por un raspador giratorio, que impacta la malla cil\u00edndrica de la criba bajo la acci\u00f3n de la fuerza centr\u00edfuga y la fuerza propulsora del cicl\u00f3n, lo que hace que el material sea m\u00e1s peque\u00f1o que la malla a trav\u00e9s de la criba y se descarga desde la salida fina.<br \/>\nEl polvo grueso es rebotado por la criba, avanza y se descarga desde la salida gruesa bajo la acci\u00f3n de la fuerza propulsora del cicl\u00f3n y el raspador, completando as\u00ed todo el proceso de cribado.<\/p>\n<p><strong>Features\u00a0of Centrifugal Sifter:<\/strong><br \/>\n1. Small size, light weight, steady and no vibration, no noise, good sealing performance, no dust\u00a0and high efficiency.<br \/>\n2. The shell structure is novel. Easy to control. Simple installation\u00a0and low requirement for\u00a0laying foundation.<br \/>\n3. Puede usarse con una sola m\u00e1quina o combinarse con varias m\u00e1quinas. Funcionamiento continuo durante mucho tiempo. Seguro y confiable.<br \/>\n4. La malla de la pantalla es lavada por el cicl\u00f3n y puede limpiarse autom\u00e1ticamente. Puede equiparse con una variedad de cribas de materiales: malla de alambre de acero inoxidable, malla de agujeros perforados de acero inoxidable o acero al carbono. Larga vida \u00fatil. La pantalla de fibra de nailon tiene funci\u00f3n de limpieza autom\u00e1tica y antiest\u00e1tica.<br \/>\n5. Cribado y trituraci\u00f3n en uno. Tiene la funci\u00f3n de triturar el material apelmazado.<br \/>\n6. Sin electricidad est\u00e1tica en la operaci\u00f3n. La fricci\u00f3n en el proceso de selecci\u00f3n es peque\u00f1a. No es f\u00e1cil producir electricidad est\u00e1tica.<br \/>\n7. Esta m\u00e1quina puede combinarse con el sistema de transporte neum\u00e1tico, conectado directamente a la ruta del viento, ahorrando recursos.<br \/>\n8. New design: The gas protection system can deliver the purified air to both ends of the equipment, which can effectively reduce the temperature produced by the equipment during operation. The gas isolation layer is formed on the bearing, thereby preventing dust from entering, effectively prolonging the service life of the bearing, reducing the maintenance frequency and improving the work efficiency.<\/p>\n<p><img decoding=\"async\" src=\"https:\/\/urmachinery.com\/uploads\/allimg\/180509\/1-1P509155KV19.png\" alt=\"stainless steel screen\" \/><img decoding=\"async\" src=\"https:\/\/urmachinery.com\/uploads\/allimg\/180509\/1-1P509155R0218.png\" alt=\"Pantalla de nailon\" \/><br \/>\nStainless Steel Screen \u00a0\u00a0\u00a0\u00a0\u00a0\u00a0\u00a0\u00a0 \u00a0 \u00a0 \u00a0 \u00a0 \u00a0 \u00a0 \u00a0 \u00a0 \u00a0 \u00a0 \u00a0 \u00a0 \u00a0\u00a0\u00a0Nylon Screen<\/p>\n<p><strong>Technical Parameters\u00a0of Centrifugal Sifter:\u00a0<\/strong><\/p>\n<\/div>\n<div>\n<table border=\"1\" cellspacing=\"1\" cellpadding=\"1\">\n<tbody>\n<tr>\n<td>Modelo<\/td>\n<td>Material<\/td>\n<td>Aplicar para<\/td>\n<\/tr>\n<tr>\n<td>18-65<\/td>\n<td>Q235A, SUS304<\/td>\n<td>&lt;\u00a0500\u00a0mesh<\/td>\n<\/tr>\n<tr>\n<td>30-100<\/td>\n<td>Q235A, SUS304<\/td>\n<td>&lt;\u00a0500\u00a0mesh<\/td>\n<\/tr>\n<tr>\n<td>50-130<\/td>\n<td>Q235A, SUS304<\/td>\n<td>&lt;\u00a0500\u00a0mesh<\/td>\n<\/tr>\n<\/tbody>\n<\/table>\n<p><img decoding=\"async\" src=\"https:\/\/urmachinery.com\/uploads\/allimg\/180509\/1-1P509154U0T7.png\" alt=\"Centrifugal Sifter Drawing\" \/><\/p>\n<p><strong>Overall Dimensions\u00a0of Centrifugal Sifter:<\/strong><br \/>\n<img decoding=\"async\" src=\"https:\/\/urmachinery.com\/uploads\/allimg\/180509\/1-1P509155311B9.png\" alt=\"Centrifugal Sifter\" \/><\/p>\n<table border=\"1\" cellspacing=\"1\" cellpadding=\"1\">\n<tbody>\n<tr>\n<td>Modelo<\/td>\n<td>A<\/td>\n<td>B<\/td>\n<td>C<\/td>\n<td>D<\/td>\n<td>mi<\/td>\n<td>F<\/td>\n<td>GRAMO<\/td>\n<td>h<\/td>\n<td>I<\/td>\n<td>j<\/td>\n<\/tr>\n<tr>\n<td>18-65<\/td>\n<td>1430<\/td>\n<td>460<\/td>\n<td>420<\/td>\n<td>1005<\/td>\n<td>135<\/td>\n<td>230<\/td>\n<td>250<\/td>\n<td>330<\/td>\n<td>340<\/td>\n<td>210<\/td>\n<\/tr>\n<tr>\n<td>30-100<\/td>\n<td>1845<\/td>\n<td>655<\/td>\n<td>766<\/td>\n<td>1240<\/td>\n<td>320<\/td>\n<td>285<\/td>\n<td>300<\/td>\n<td>350<\/td>\n<td>380<\/td>\n<td>290<\/td>\n<\/tr>\n<tr>\n<td>50-130<\/td>\n<td>2230<\/td>\n<td>870<\/td>\n<td>790<\/td>\n<td>1775<\/td>\n<td>280<\/td>\n<td>515<\/td>\n<td>150<\/td>\n<td>660<\/td>\n<td>400<\/td>\n<td>485<\/td>\n<\/tr>\n<\/tbody>\n<\/table>\n<p><strong>Note: we can design and manufacture special type of sieving machine according to user&#8217;s requirement.<\/strong><\/p>\n<p><strong>Application\u00a0of Centrifugal Sifter:<\/strong><br \/>\nIt is used for sieving materials of sticky, static and multi-fiber. Applicable to metallurgy, mining, pharmaceutical, food, chemical, metal powder\u00a0and non-metal industries\u00a0etc.<br \/>\nSuch as Chinese medicine powder, battery material, starch, glucose powder, xylitol, soybean protein, peanut protein, vitamin C, sorbitol, ganoderma lucidum powder, malt powder, coffee powder, bread powder, flour, condiments, food additives, traditional Chinese medicine powder, APIs, pharmaceutical raw materials, active pharmaceutical ingredients, pharmaceutical intermediates, glass beads, perlite, silicon carbide, silicon powder, activated carbon, epoxy resin, polyethylene powder, fire extinguishing agent, zircon powder, pigment (phthalocyanin blue, phthalocyanin red, phthalocyanin yellow, yellow lead, high sand ceramic pigments etc.), magnetic material, drill powder, pyrophyllite powder, barium sulfate, lithium manganese oxide, zinc borate, coal ash, silicon powder, glaze, powder coating, pollen, dehydrated vegetable, egg powder, milk powder, soda powder, essence, magnesium oxide, magnesium hydroxide, calcium oxide, silicon nitride, alumina, molybdenum disulfide, cellulose, nanograde titanium dioxide, PVC resin powder, barium sulfate, silica gel powder, guar bean gum, calcium fluoride and other powder materials.<\/p>\n<\/div>","protected":false},"excerpt":{"rendered":"<p>Overview of Centrifugal Sifter: Turbo screen centrifugal sifter is also called centrifugal sieve, airflow screen, airflow sieve, horizontal airflow screen, turbo sieve, cyclone sieve, airflow centrifugal sifter, centrifugal screener, centrifugal powder sifter, rotary screen, rotary sieve, rotary sifter, air classifier etc. This kind of screening\u00a0machine solves the screening problem of materials\u00a0with Multi-fiber, large viscosity, static [&hellip;]<\/p>\n","protected":false},"featured_media":3151,"template":"","meta":[],"product_brand":[],"product_cat":[38],"product_tag":[275,276,277,274,278,279,280,281,282,283,284,285,286,287,288,289,290],"class_list":{"0":"post-1430","1":"product","2":"type-product","3":"status-publish","4":"has-post-thumbnail","6":"product_cat-turbo-screen","7":"product_tag-centrifugal-screen","8":"product_tag-centrifugal-sieve","9":"product_tag-centrifugal-sieving-machine","10":"product_tag-centrifugal-sifter","11":"product_tag-centrifugal-sifter-machine","12":"product_tag-centrifugal-sifter-screener","13":"product_tag-centrifugal-sifter-screens","14":"product_tag-electric-rotary-sieve","15":"product_tag-inline-sifter","16":"product_tag-kemutec-sifter","17":"product_tag-rota-sifter","18":"product_tag-rotary-sieving-machine","19":"product_tag-rotary-sifter","20":"product_tag-rotary-sifter-machine","21":"product_tag-rotating-sifter","22":"product_tag-turbo-sieve","23":"product_tag-turbo-sifter","25":"first","26":"instock","27":"shipping-taxable","28":"product-type-external"},"_links":{"self":[{"href":"https:\/\/www.urmachinery.com\/es\/wp-json\/wp\/v2\/product\/1430","targetHints":{"allow":["GET"]}}],"collection":[{"href":"https:\/\/www.urmachinery.com\/es\/wp-json\/wp\/v2\/product"}],"about":[{"href":"https:\/\/www.urmachinery.com\/es\/wp-json\/wp\/v2\/types\/product"}],"wp:featuredmedia":[{"embeddable":true,"href":"https:\/\/www.urmachinery.com\/es\/wp-json\/wp\/v2\/media\/3151"}],"wp:attachment":[{"href":"https:\/\/www.urmachinery.com\/es\/wp-json\/wp\/v2\/media?parent=1430"}],"wp:term":[{"taxonomy":"product_brand","embeddable":true,"href":"https:\/\/www.urmachinery.com\/es\/wp-json\/wp\/v2\/product_brand?post=1430"},{"taxonomy":"product_cat","embeddable":true,"href":"https:\/\/www.urmachinery.com\/es\/wp-json\/wp\/v2\/product_cat?post=1430"},{"taxonomy":"product_tag","embeddable":true,"href":"https:\/\/www.urmachinery.com\/es\/wp-json\/wp\/v2\/product_tag?post=1430"}],"curies":[{"name":"wp","href":"https:\/\/api.w.org\/{rel}","templated":true}]}}