{"id":1433,"date":"2024-06-02T11:00:51","date_gmt":"2024-06-02T11:00:51","guid":{"rendered":"https:\/\/www.urmachinery.com\/product\/low-profile-flow-thru-separator\/"},"modified":"2024-06-07T06:24:32","modified_gmt":"2024-06-07T06:24:32","slug":"flujo-de-perfil-bajo-a-traves-del-separador","status":"publish","type":"product","link":"https:\/\/www.urmachinery.com\/es\/product\/low-profile-flow-thru-separator\/","title":{"rendered":"Separador de flujo de perfil bajo"},"content":{"rendered":"<div>\n<p><iframe title=\"Tamiz vibratorio de bajo perfil\" width=\"800\" height=\"600\" src=\"https:\/\/www.youtube.com\/embed\/jte2_uD7qm8?feature=oembed\" frameborder=\"0\" allow=\"accelerometer; autoplay; clipboard-write; encrypted-media; gyroscope; picture-in-picture; web-share\" referrerpolicy=\"strict-origin-when-cross-origin\" allowfullscreen><\/iframe><\/p>\n<p><strong>Descripci\u00f3n general del separador de flujo de perfil bajo:<\/strong><br \/>\nEl separador de flujo continuo de perfil bajo tambi\u00e9n se denomina tamiz vibratorio de perfil bajo, separador de perfil bajo, separador de flujo continuo, separador de flujo continuo vibro, criba en l\u00ednea, criba vibratoria en l\u00ednea, criba vibratoria en l\u00ednea, criba de control vibratorio, criba de descarga directa. , separador circular de bajo perfil, separador de flujo recto, tamiz de flujo en l\u00ednea, separador vibratorio de flujo, separador vibratorio rotativo de flujo, separador vibratorio de flujo, criba vibratoria de flujo, tamiz de harina, etc.<br \/>\nEl separador de flujo es un tipo de m\u00e1quina tamizadora con un prop\u00f3sito \u00fanico, desarrollado por el personal t\u00e9cnico de nuestra empresa despu\u00e9s de absorber tecnolog\u00eda japonesa. Puede ser ampliamente utilizado en el tamizado de harina en la producci\u00f3n de fideos instant\u00e1neos, la clasificaci\u00f3n de part\u00edculas en la producci\u00f3n de detergente en polvo, la clasificaci\u00f3n de part\u00edculas en la producci\u00f3n de almid\u00f3n y otras industrias que requieren una gran producci\u00f3n de tamizado.<br \/>\nTiene las caracter\u00edsticas de alta precisi\u00f3n de cribado, gran rendimiento, buen sellado, f\u00e1cil de combinar con la l\u00ednea de producci\u00f3n, descarga autom\u00e1tica de materiales y escoria, producci\u00f3n continua, etc.<br \/>\nHay dos modos de disposici\u00f3n de energ\u00eda: motor simple y motores dobles.<\/p>\n<p><strong>Principio de funcionamiento del separador de flujo de perfil bajo:<\/strong><br \/>\nEl tipo de motor doble es impulsado por dos motores de vibraci\u00f3n horizontales, que producen vibraci\u00f3n tridimensional. No solo hace que el material se distribuya de manera m\u00e1s uniforme, sino que tambi\u00e9n elimina part\u00edculas grandes, manteniendo la superficie de la pantalla limpia y suave. Y el efecto de detecci\u00f3n es mejor.<br \/>\nEl tipo de motor \u00fanico adopta un motor de vibraci\u00f3n horizontal \u00fanico, simple y conveniente.<\/p>\n<p><strong>Caracter\u00edsticas del separador de flujo de perfil bajo:<\/strong><br \/>\n1. Estructura compacta, baja altura de ocupaci\u00f3n (puede ser tan baja como 340 mm)<br \/>\n2. El flujo de material adopta un dise\u00f1o de corriente continua. El producto se descarga directamente desde la parte inferior de la m\u00e1quina tamizadora, f\u00e1cil de conectar con la l\u00ednea de producci\u00f3n.<br \/>\n3. Se utiliza para la alta capacidad de producci\u00f3n de cribado grueso, muy adecuado para el cribado de seguridad de materiales secos con part\u00edculas menos grandes.<br \/>\n4. Peque\u00f1o y ligero.<\/p>\n<p><strong>Par\u00e1metros t\u00e9cnicos del separador de flujo de perfil bajo:<\/strong><br \/>\n<img decoding=\"async\" src=\"https:\/\/urmachinery.com\/uploads\/allimg\/180509\/1-1P509152214322.png\" alt=\"Separador de flujo de perfil bajo\" \/><\/p>\n<table border=\"1\" cellspacing=\"1\" cellpadding=\"1\">\n<tbody>\n<tr>\n<td>Modelo<\/td>\n<td>400<\/td>\n<td>600<\/td>\n<td>800<\/td>\n<td>1000<\/td>\n<td>1200<\/td>\n<td>1300<\/td>\n<td>1500<\/td>\n<\/tr>\n<tr>\n<td>Fuerza<\/td>\n<td>0,1 kw<\/td>\n<td>0,1 kw<\/td>\n<td>0,1 kw<\/td>\n<td>0,2 kw<\/td>\n<td>0,2 kw<\/td>\n<td>0,2 kw<\/td>\n<td>0,4 kw<\/td>\n<\/tr>\n<tr>\n<td>Di\u00e1metro de la pantalla<\/td>\n<td>350 mm<\/td>\n<td>550 mm<\/td>\n<td>750 mm<\/td>\n<td>920 mm<\/td>\n<td>1005mm<\/td>\n<td>1120 mm<\/td>\n<td>1420 mm<\/td>\n<\/tr>\n<\/tbody>\n<\/table>\n<p><strong>\u00a0Aplicaci\u00f3n del separador de flujo de perfil bajo:<\/strong><br \/>\nEl separador de flujo se utiliza a menudo en harina, almid\u00f3n, detergente en polvo, polvo met\u00e1lico, aditivos, industria qu\u00edmica, industrias no mineras y otras industrias para el cribado grueso y fino de part\u00edculas y polvos.<br \/>\nPuede usarse en el sistema de alimentaci\u00f3n de fideos instant\u00e1neos, fideos secos, alimentos peque\u00f1os, bebidas s\u00f3lidas, etc., para separar los objetos extra\u00f1os en las materias primas, como harina, almid\u00f3n, leche en polvo, aditivos, etc.<\/p>\n<p><strong>Dibujo de dimensiones est\u00e1ndar del separador de flujo de perfil bajo:<\/strong><br \/>\n<img decoding=\"async\" src=\"https:\/\/urmachinery.com\/uploads\/allimg\/180509\/1-1P5091522464L.png\" alt=\"Separador de flujo de perfil bajo\" \/><\/p>\n<table border=\"1\" cellspacing=\"1\" cellpadding=\"1\">\n<tbody>\n<tr>\n<td>Di\u00e1metro<\/td>\n<td>A<\/td>\n<td>B<\/td>\n<td>C<\/td>\n<td>D<\/td>\n<td>mi<\/td>\n<td>F<\/td>\n<td>GRAMO<\/td>\n<td>h<\/td>\n<\/tr>\n<tr>\n<td>400<\/td>\n<td>420<\/td>\n<td>260<\/td>\n<td>60<\/td>\n<td>110<\/td>\n<td>150<\/td>\n<td>150<\/td>\n<td>300<\/td>\n<td>365<\/td>\n<\/tr>\n<tr>\n<td>600<\/td>\n<td>450<\/td>\n<td>270<\/td>\n<td>80<\/td>\n<td>120<\/td>\n<td>200<\/td>\n<td>200<\/td>\n<td>380<\/td>\n<td>465<\/td>\n<\/tr>\n<tr>\n<td>800<\/td>\n<td>450<\/td>\n<td>270<\/td>\n<td>80<\/td>\n<td>130<\/td>\n<td>200<\/td>\n<td>200<\/td>\n<td>550<\/td>\n<td>565<\/td>\n<\/tr>\n<tr>\n<td>1000<\/td>\n<td>520<\/td>\n<td>300<\/td>\n<td>100<\/td>\n<td>150<\/td>\n<td>250<\/td>\n<td>250<\/td>\n<td>650<\/td>\n<td>645<\/td>\n<\/tr>\n<tr>\n<td>1200<\/td>\n<td>600<\/td>\n<td>370<\/td>\n<td>110<\/td>\n<td>180<\/td>\n<td>250<\/td>\n<td>250<\/td>\n<td>710<\/td>\n<td>685<\/td>\n<\/tr>\n<tr>\n<td>1300<\/td>\n<td>800<\/td>\n<td>570<\/td>\n<td>110<\/td>\n<td>180<\/td>\n<td>250<\/td>\n<td>250<\/td>\n<td>760<\/td>\n<td>745<\/td>\n<\/tr>\n<tr>\n<td>1500<\/td>\n<td>1100<\/td>\n<td>840<\/td>\n<td>120<\/td>\n<td>200<\/td>\n<td>250<\/td>\n<td>250<\/td>\n<td>950<\/td>\n<td>895<\/td>\n<\/tr>\n<\/tbody>\n<\/table>\n<p><strong>Dos capas de malla de pantalla:<\/strong><\/p>\n<p><img decoding=\"async\" src=\"https:\/\/urmachinery.com\/uploads\/allimg\/180524\/1-1P524102303508.png\" alt=\"separador vibratorio de bajo perfil\" \/><br \/>\n<strong>Tipo de brida:<\/strong><br \/>\n<img decoding=\"async\" src=\"https:\/\/urmachinery.com\/uploads\/allimg\/180524\/1-1P524095ZYW.jpg\" alt=\"tamiz vibratorio de bajo perfil\" \/><br \/>\n<strong>Tipo conveniente:<\/strong><br \/>\n<img decoding=\"async\" src=\"https:\/\/urmachinery.com\/uploads\/allimg\/180524\/1-1P524100004C0.jpg\" alt=\"tamiz vibratorio de bajo perfil\" \/><br \/>\n<strong>Tipo de perfil bajo:<\/strong><br \/>\n<img decoding=\"async\" src=\"https:\/\/urmachinery.com\/uploads\/allimg\/180524\/1-1P52410002R12.jpg\" alt=\"tamiz vibratorio de bajo perfil\" \/><br \/>\n<img decoding=\"async\" src=\"https:\/\/urmachinery.com\/uploads\/allimg\/180524\/1-1P524100231226.png\" alt=\"tamiz vibratorio de bajo perfil\" \/><br \/>\n<img decoding=\"async\" src=\"https:\/\/urmachinery.com\/uploads\/allimg\/180524\/1-1P52410031SG.png\" alt=\"tamiz vibratorio de bajo perfil\" \/><br \/>\n<img decoding=\"async\" src=\"https:\/\/urmachinery.com\/uploads\/allimg\/180524\/1-1P524100632145.png\" alt=\"tamiz vibratorio de bajo perfil\" \/><br \/>\n<strong>Tipo de salto directo:<\/strong><br \/>\n<img decoding=\"async\" src=\"https:\/\/urmachinery.com\/uploads\/allimg\/180524\/1-1P52410040TL.png\" alt=\"tamiz vibratorio de bajo perfil\" \/><img decoding=\"async\" src=\"https:\/\/urmachinery.com\/uploads\/allimg\/180524\/1-1P52410043A10.png\" alt=\"\" \/><br \/>\n<strong>Tipo de gran escala (1800 mm ~ 2100 mm):<\/strong><br \/>\n<img decoding=\"async\" src=\"https:\/\/urmachinery.com\/uploads\/allimg\/180524\/1-1P524100534526.png\" alt=\"tamiz vibratorio de bajo perfil\" \/><br \/>\n<strong>Tipo rectangular:<\/strong><br \/>\n<img decoding=\"async\" src=\"https:\/\/urmachinery.com\/uploads\/allimg\/180524\/1-1P52410055Y94.png\" alt=\"tamiz vibratorio de bajo perfil\" \/><\/p>\n<\/div>","protected":false},"excerpt":{"rendered":"<p>Overview\u00a0of Low Profile Flow-thru Separator: Low profile flow-thru separator\u00a0is also called low-profile vibrating sieve, low profile separator, flow-thru separator, vibro flow-thru separator, inline screen, vibration in-line screen, inline vibro screen, vibrating control screener, direct discharge screen, low profile circular separator, straight-flow separator, flow through inline sifter, flowthru vibrating separator, flow-thru rotary vibrating separator, flow-thru vibro [&hellip;]<\/p>\n","protected":false},"featured_media":1435,"template":"","meta":[],"product_brand":[],"product_cat":[36],"product_tag":[],"class_list":{"0":"post-1433","1":"product","2":"type-product","3":"status-publish","4":"has-post-thumbnail","6":"product_cat-round-separator","8":"first","9":"instock","10":"shipping-taxable","11":"product-type-external"},"_links":{"self":[{"href":"https:\/\/www.urmachinery.com\/es\/wp-json\/wp\/v2\/product\/1433","targetHints":{"allow":["GET"]}}],"collection":[{"href":"https:\/\/www.urmachinery.com\/es\/wp-json\/wp\/v2\/product"}],"about":[{"href":"https:\/\/www.urmachinery.com\/es\/wp-json\/wp\/v2\/types\/product"}],"wp:featuredmedia":[{"embeddable":true,"href":"https:\/\/www.urmachinery.com\/es\/wp-json\/wp\/v2\/media\/1435"}],"wp:attachment":[{"href":"https:\/\/www.urmachinery.com\/es\/wp-json\/wp\/v2\/media?parent=1433"}],"wp:term":[{"taxonomy":"product_brand","embeddable":true,"href":"https:\/\/www.urmachinery.com\/es\/wp-json\/wp\/v2\/product_brand?post=1433"},{"taxonomy":"product_cat","embeddable":true,"href":"https:\/\/www.urmachinery.com\/es\/wp-json\/wp\/v2\/product_cat?post=1433"},{"taxonomy":"product_tag","embeddable":true,"href":"https:\/\/www.urmachinery.com\/es\/wp-json\/wp\/v2\/product_tag?post=1433"}],"curies":[{"name":"wp","href":"https:\/\/api.w.org\/{rel}","templated":true}]}}