{"id":1436,"date":"2024-06-02T13:00:08","date_gmt":"2024-06-02T13:00:08","guid":{"rendered":"https:\/\/www.urmachinery.com\/product\/round-separator\/"},"modified":"2024-06-07T06:24:15","modified_gmt":"2024-06-07T06:24:15","slug":"separador-redondo","status":"publish","type":"product","link":"https:\/\/www.urmachinery.com\/es\/product\/round-separator\/","title":{"rendered":"Separador redondo"},"content":{"rendered":"<div>\n<p><iframe title=\"M\u00e1quina de filtro vibratorio rotativo para jugo de kiwi\" width=\"800\" height=\"450\" src=\"https:\/\/www.youtube.com\/embed\/FdxmpfbsmFU?feature=oembed\" frameborder=\"0\" allow=\"accelerometer; autoplay; clipboard-write; encrypted-media; gyroscope; picture-in-picture; web-share\" referrerpolicy=\"strict-origin-when-cross-origin\" allowfullscreen><\/iframe><\/p>\n<p><iframe title=\"Tamiz Vibratorio Giratorio con Bolas de Limpieza de Malla\" width=\"800\" height=\"600\" src=\"https:\/\/www.youtube.com\/embed\/MTBpk0bYKV0?feature=oembed\" frameborder=\"0\" allow=\"accelerometer; autoplay; clipboard-write; encrypted-media; gyroscope; picture-in-picture; web-share\" referrerpolicy=\"strict-origin-when-cross-origin\" allowfullscreen><\/iframe><\/p>\n<p><strong>Descripci\u00f3n general del separador redondo:<\/strong><br \/>\nEl separador redondo tambi\u00e9n se llama tamiz redondo, criba redonda, m\u00e1quina de tamiz vibratorio redondo, criba giratoria redonda, criba giratoria, criba vibratoria giratoria, tamiz vibratorio giratorio, tamiz vibratorio, criba vibratoria circular, criba vibratoria circular, tamiz vibratorio circular, criba girosc\u00f3pica, giroscopio tamiz, tamiz giratorio, criba giratoria, tamizadora giratoria, tamiz vibratorio, separador vibro, criba vibratoria, niveladora vibratoria, separador cl\u00e1sico, separador vibratorio, tamiz vibratorio, separadores sanitarios, m\u00e1quina tamizadora de filtro, tamiz industrial, etc.<br \/>\nEste tipo de m\u00e1quina de criba realiza movimientos tridimensionales. Se puede utilizar en alimentos, medicinas, industrias qu\u00edmicas, metales, miner\u00eda, abrasivos, cer\u00e1micas, pigmentos, recubrimientos, materiales electr\u00f3nicos, tratamiento de la contaminaci\u00f3n y otras industrias para el cribado, tamizado, clasificaci\u00f3n, clasificaci\u00f3n, filtrado, limpieza y eliminaci\u00f3n en seco y h\u00famedo. desempolvado, eliminaci\u00f3n de impurezas, rotura de grumos, control de calidad, etc.<\/p>\n<p><img decoding=\"async\" src=\"https:\/\/urmachinery.com\/uploads\/allimg\/180428\/1-1P42Q64135218.png\" alt=\"separador redondo\" \/><br \/>\nClasificaci\u00f3n y tamizado Eliminaci\u00f3n de impurezas Separaci\u00f3n s\u00f3lido-l\u00edquido<\/p>\n<p><strong>Principio de funcionamiento del separador redondo:<\/strong><br \/>\n<img decoding=\"async\" src=\"https:\/\/urmachinery.com\/uploads\/allimg\/180428\/1-1P42Q64231c9.png\" alt=\"separador redondo\" \/><br \/>\nEl separador redondo adopta el \u00faltimo motor vibratorio vertical, que produce una vibraci\u00f3n tridimensional horizontal, vertical y oblicua y luego pasa directamente la vibraci\u00f3n a la superficie de la criba.<br \/>\nAl cambiar el \u00e1ngulo del bloque exc\u00e9ntrico superior e inferior del motor, se produce una fuerza de excitaci\u00f3n diferente y se cambia la direcci\u00f3n en la que corre el material.<\/p>\n<p><strong>Caracter\u00edsticas del separador redondo:<\/strong><br \/>\n1. Alta eficiencia, dise\u00f1o refinado y durabilidad. Se puede tamizar cualquier polvo y moco.<br \/>\n2. F\u00e1cil de reemplazar la pantalla, operaci\u00f3n simple y limpieza o lavado conveniente.<br \/>\n3. La malla no est\u00e1 bloqueada. No hay p\u00f3lvora volando. Y se puede tamizar hasta malla 500 o 0,028 mm.<br \/>\n4. Las impurezas y los materiales gruesos se descargan autom\u00e1ticamente y pueden funcionar de forma continua.<br \/>\n5. Dise\u00f1o exclusivo de llama de pantalla. La vida \u00fatil de la pantalla es larga. S\u00f3lo 3~5 minutos para reemplazar la pantalla.<br \/>\n6. Tama\u00f1o peque\u00f1o, que no ocupa espacio y f\u00e1cil de mover.<br \/>\n7. La pantalla de la m\u00e1quina puede alcanzar hasta 5 capas, pero se recomiendan 3 capas.<\/p>\n<p><strong>Par\u00e1metros t\u00e9cnicos del separador redondo:<\/strong><\/p>\n<table border=\"1\" cellspacing=\"1\" cellpadding=\"1\">\n<tbody>\n<tr>\n<td>Modelo<\/td>\n<td>Fuerza<br \/>\n(kilovatios)<\/td>\n<td>Di\u00e1metro de la pantalla<br \/>\n(mm)<\/td>\n<td>\u00c1rea de detecci\u00f3n efectiva<br \/>\n(m2)<\/td>\n<td>Capas<\/td>\n<\/tr>\n<tr>\n<td>400<\/td>\n<td>0.37<\/td>\n<td>350<\/td>\n<td>0.0962<\/td>\n<td>1~3<\/td>\n<\/tr>\n<tr>\n<td>600<\/td>\n<td>0.55<\/td>\n<td>550<\/td>\n<td>0.2375<\/td>\n<td>1~3<\/td>\n<\/tr>\n<tr>\n<td>800<\/td>\n<td>0.75<\/td>\n<td>750<\/td>\n<td>0.4416<\/td>\n<td>1~3<\/td>\n<\/tr>\n<tr>\n<td>1000<\/td>\n<td>1.1<\/td>\n<td>920<\/td>\n<td>0.6644<\/td>\n<td>1~3<\/td>\n<\/tr>\n<tr>\n<td>1200<\/td>\n<td>1.5<\/td>\n<td>1120<\/td>\n<td>0.9847<\/td>\n<td>1~3<\/td>\n<\/tr>\n<tr>\n<td>1500<\/td>\n<td>2.2<\/td>\n<td>1420<\/td>\n<td>1.5829<\/td>\n<td>1~3<\/td>\n<\/tr>\n<tr>\n<td>1800<\/td>\n<td>3.0<\/td>\n<td>1720<\/td>\n<td>2.3223<\/td>\n<td>1~3<\/td>\n<\/tr>\n<tr>\n<td>2000<\/td>\n<td>3.0<\/td>\n<td>1920<\/td>\n<td>2.89<\/td>\n<td>1~3<\/td>\n<\/tr>\n<\/tbody>\n<\/table>\n<p><strong>Aplicaci\u00f3n del separador redondo:<\/strong><br \/>\nIndustria qu\u00edmica: PVC, \u00e1cido c\u00edtrico, materiales para electrodos, fertilizantes de resina, polvo de moldeo de urea-formaldeh\u00eddo, cosm\u00e9ticos, pintura al \u00f3leo, etc.<br \/>\nIndustria farmac\u00e9utica: lactosa, glucosa, vitaminas, polvos de medicina tradicional china, preparados, etc.<br \/>\nIndustria metal\u00fargica y minera: polvo de aleaci\u00f3n, polvo de molibdeno, polvo de acero inoxidable, polvo de tungsteno, polvo de aluminio, polvo de n\u00edquel, polvo de cobalto, al\u00famina, perlas de vidrio, grafito, caol\u00edn, sales minerales, etc.<br \/>\nAbrasivo y revestimiento: pasta de aluminio y plata, revestimiento en polvo, \u00f3xido de hierro rojo, polvo l\u00e1ser, pigmento nacarado, revestimiento para fabricaci\u00f3n de papel, pigmento org\u00e1nico en polvo de carbono, etc.<br \/>\nMateriales electr\u00f3nicos: polvo fluorescente, plomo negro artificial, etc.<br \/>\nIndustria alimentaria: pan de trigo, harina panificable, az\u00facar en polvo, leche en polvo, almid\u00f3n, jugo, jugo de vegetales, glutamato monos\u00f3dico, especias, levadura, condimentos, tofu, helado, chocolate en polvo, papa en polvo, etc.<br \/>\nTratamiento de la contaminaci\u00f3n: efluentes de aceite usado y de fabricaci\u00f3n de papel, efluentes de aguas residuales de cervecer\u00edas, aguas residuales de te\u00f1ido y acabado, carb\u00f3n activado, etc.<\/p>\n<p><strong>Varias formas de criba vibratoria giratoria:<\/strong><\/p>\n<p><img decoding=\"async\" src=\"https:\/\/urmachinery.com\/uploads\/allimg\/180428\/1-1P42Q64412250.png\" alt=\"separador redondo\" \/><\/p>\n<div>\u00a0 \u00a0 \u00a0 \u00a0 \u00a0 \u00a0 \u00a0 \u00a0 \u00a0 \u00a0 \u00a0 \u00a0Tipo est\u00e1ndar<\/div>\n<p><img decoding=\"async\" src=\"https:\/\/urmachinery.com\/uploads\/allimg\/180428\/1-1P42Q64450J6.png\" alt=\"separador redondo\" \/><br \/>\nCon puerta de descarga<\/p>\n<div><img decoding=\"async\" src=\"https:\/\/urmachinery.com\/uploads\/allimg\/180428\/1-1P42Q64530503.png\" alt=\"separador redondo\" \/><br \/>\nAumento de 67% del \u00c1rea de Pantalla<\/div>\n<p><img decoding=\"async\" src=\"https:\/\/urmachinery.com\/uploads\/allimg\/180428\/1-1P42Q6462I30.png\" alt=\"separador redondo\" \/><br \/>\nTipos m\u00f3viles<\/p>\n<p><img decoding=\"async\" src=\"https:\/\/urmachinery.com\/uploads\/allimg\/180428\/1-1P42Q64G0Z7.png\" alt=\"separador redondo\" \/><br \/>\nTipo de borde agregado<\/p>\n<p><img decoding=\"async\" src=\"https:\/\/urmachinery.com\/uploads\/allimg\/180428\/1-1P42Q64JI26.png\" alt=\"separador redondo\" \/><br \/>\nTipo de abrazadera de liberaci\u00f3n r\u00e1pida<\/p>\n<p><img decoding=\"async\" src=\"https:\/\/urmachinery.com\/uploads\/allimg\/180428\/1-1P42Q64R1K7.png\" alt=\"separador redondo\" \/><br \/>\nTipo de pulverizaci\u00f3n de agua<\/p>\n<p><img decoding=\"async\" src=\"https:\/\/urmachinery.com\/uploads\/allimg\/180428\/1-1P42Q64U3T9.png\" alt=\"separador redondo\" \/><br \/>\nTipo a prueba de explosiones<\/p>\n<p><img decoding=\"async\" src=\"https:\/\/urmachinery.com\/uploads\/allimg\/180428\/1-1P42Q64926330.png\" alt=\"separador redondo\" \/><br \/>\nTipo ultras\u00f3nico<\/p>\n<p><img decoding=\"async\" src=\"https:\/\/urmachinery.com\/uploads\/allimg\/180428\/1-1P42Q64955K9.png\" alt=\"separador redondo\" \/><br \/>\nTipo limpio<\/p>\n<p><img decoding=\"async\" src=\"https:\/\/urmachinery.com\/uploads\/allimg\/180428\/1-1P42QA0309A.png\" alt=\"separador redondo\" \/><br \/>\nAlimentaci\u00f3n y detecci\u00f3n todo en uno<\/p>\n<p><img decoding=\"async\" src=\"https:\/\/urmachinery.com\/uploads\/allimg\/180428\/1-1P42QA0552a.png\" alt=\"separador redondo\" \/><br \/>\nCon sistema de cepillo giratorio<\/p>\n<p><img decoding=\"async\" src=\"https:\/\/urmachinery.com\/uploads\/allimg\/180428\/1-1P42QA1332P.png\" alt=\"separador redondo\" \/><br \/>\nMaterial PP\/PE Tipo anticorrosi\u00f3n<\/p>\n<p><img decoding=\"async\" src=\"https:\/\/urmachinery.com\/uploads\/allimg\/180428\/1-1P42QA2121R.png\" alt=\"separador redondo\" \/><br \/>\nTipo de gran capacidad<\/p>\n<p><img decoding=\"async\" src=\"https:\/\/urmachinery.com\/uploads\/allimg\/180428\/1-1P42QA512505.jpg\" alt=\"separador redondo\" \/><br \/>\nTipo grande con 2000 mm de di\u00e1metro<\/p>\n<p><img decoding=\"async\" src=\"https:\/\/urmachinery.com\/uploads\/allimg\/180428\/1-1P42QA544O5.jpg\" alt=\"separador redondo\" \/><br \/>\nCon removedor de hierro\n<\/div>","protected":false},"excerpt":{"rendered":"<p>Overview of Round Separator: Round separator is also called round sifter, round screener, round vibro sieve machine, round gyratory screen, rotary screen, rotatory vibrating screen, rotary vibrating sieve, vibrating sifter, circular vibratory screen,\u00a0circular vibrating\u00a0screen,\u00a0circular vibrating sieve, gyro screen, gyro sifter, gyratory sifter, gyratory screen, gyratory sieving machine, vibro sifter, vibro separator, vibro screen, vibro grader, [&hellip;]<\/p>\n","protected":false},"featured_media":1439,"template":"","meta":[],"product_brand":[],"product_cat":[36],"product_tag":[],"class_list":{"0":"post-1436","1":"product","2":"type-product","3":"status-publish","4":"has-post-thumbnail","6":"product_cat-round-separator","8":"first","9":"instock","10":"shipping-taxable","11":"product-type-external"},"_links":{"self":[{"href":"https:\/\/www.urmachinery.com\/es\/wp-json\/wp\/v2\/product\/1436","targetHints":{"allow":["GET"]}}],"collection":[{"href":"https:\/\/www.urmachinery.com\/es\/wp-json\/wp\/v2\/product"}],"about":[{"href":"https:\/\/www.urmachinery.com\/es\/wp-json\/wp\/v2\/types\/product"}],"wp:featuredmedia":[{"embeddable":true,"href":"https:\/\/www.urmachinery.com\/es\/wp-json\/wp\/v2\/media\/1439"}],"wp:attachment":[{"href":"https:\/\/www.urmachinery.com\/es\/wp-json\/wp\/v2\/media?parent=1436"}],"wp:term":[{"taxonomy":"product_brand","embeddable":true,"href":"https:\/\/www.urmachinery.com\/es\/wp-json\/wp\/v2\/product_brand?post=1436"},{"taxonomy":"product_cat","embeddable":true,"href":"https:\/\/www.urmachinery.com\/es\/wp-json\/wp\/v2\/product_cat?post=1436"},{"taxonomy":"product_tag","embeddable":true,"href":"https:\/\/www.urmachinery.com\/es\/wp-json\/wp\/v2\/product_tag?post=1436"}],"curies":[{"name":"wp","href":"https:\/\/api.w.org\/{rel}","templated":true}]}}