{"id":1443,"date":"2024-06-02T10:00:39","date_gmt":"2024-06-02T10:00:39","guid":{"rendered":"https:\/\/www.urmachinery.com\/product\/airflow-conveying-sifter\/"},"modified":"2024-06-07T06:33:06","modified_gmt":"2024-06-07T06:33:06","slug":"tamiz-de-transporte-de-flujo-de-aire","status":"publish","type":"product","link":"https:\/\/www.urmachinery.com\/es\/product\/airflow-conveying-sifter\/","title":{"rendered":"Tamiz de transporte de flujo de aire"},"content":{"rendered":"<div>\n<p>El tamiz de transporte de flujo de aire tambi\u00e9n se llama tamiz neum\u00e1tico en l\u00ednea, criba vibratoria de transporte de flujo de aire. Se utiliza para cribar materiales secos transportados por flujo de aire. Y tambi\u00e9n se puede utilizar para separar part\u00edculas m\u00e1s peque\u00f1as de part\u00edculas m\u00e1s grandes y para eliminar materias extra\u00f1as. Este tamiz tamiza el material seco \u00fanicamente mientras se transporta neum\u00e1ticamente.<br \/>\nLos marcos superior e inferior est\u00e1n conectados por un tubo de derivaci\u00f3n, que se utiliza para equilibrar la presi\u00f3n superior e inferior de la pantalla para evitar una vida \u00fatil demasiado corta.<br \/>\nSe utiliza principalmente en harina, almid\u00f3n, sal, az\u00facar, pl\u00e1sticos, etc.<\/p>\n<p><img decoding=\"async\" src=\"https:\/\/urmachinery.com\/uploads\/allimg\/180428\/1-1P42Q4492R12.png\" alt=\"tamiz en l\u00ednea neum\u00e1tico\" \/><\/p>\n<\/div>","protected":false},"excerpt":{"rendered":"<p>Airflow conveying sifter is also called pneumatic inline sifter, airflow conveying\u00a0vibration screen. It is used for screening dry materials transported by airflow. And it can also be used to separate smaller particles from larger particles, and to remove foreign matter.\u00a0This sifter screens dry material only while being pneumatically conveyed. The upper and lower frames are [&hellip;]<\/p>\n","protected":false},"featured_media":1444,"template":"","meta":[],"product_brand":[],"product_cat":[36],"product_tag":[],"class_list":{"0":"post-1443","1":"product","2":"type-product","3":"status-publish","4":"has-post-thumbnail","6":"product_cat-round-separator","8":"first","9":"instock","10":"shipping-taxable","11":"product-type-external"},"_links":{"self":[{"href":"https:\/\/www.urmachinery.com\/es\/wp-json\/wp\/v2\/product\/1443","targetHints":{"allow":["GET"]}}],"collection":[{"href":"https:\/\/www.urmachinery.com\/es\/wp-json\/wp\/v2\/product"}],"about":[{"href":"https:\/\/www.urmachinery.com\/es\/wp-json\/wp\/v2\/types\/product"}],"wp:featuredmedia":[{"embeddable":true,"href":"https:\/\/www.urmachinery.com\/es\/wp-json\/wp\/v2\/media\/1444"}],"wp:attachment":[{"href":"https:\/\/www.urmachinery.com\/es\/wp-json\/wp\/v2\/media?parent=1443"}],"wp:term":[{"taxonomy":"product_brand","embeddable":true,"href":"https:\/\/www.urmachinery.com\/es\/wp-json\/wp\/v2\/product_brand?post=1443"},{"taxonomy":"product_cat","embeddable":true,"href":"https:\/\/www.urmachinery.com\/es\/wp-json\/wp\/v2\/product_cat?post=1443"},{"taxonomy":"product_tag","embeddable":true,"href":"https:\/\/www.urmachinery.com\/es\/wp-json\/wp\/v2\/product_tag?post=1443"}],"curies":[{"name":"wp","href":"https:\/\/api.w.org\/{rel}","templated":true}]}}