{"id":1448,"date":"2024-05-29T10:00:48","date_gmt":"2024-05-29T10:00:48","guid":{"rendered":"https:\/\/www.urmachinery.com\/product\/dust-free-feeding-station\/"},"modified":"2024-06-07T06:41:20","modified_gmt":"2024-06-07T06:41:20","slug":"estacion-de-alimentacion-libre-de-polvo","status":"publish","type":"product","link":"https:\/\/www.urmachinery.com\/es\/product\/dust-free-feeding-station\/","title":{"rendered":"Estaci\u00f3n de volcado de bolsas"},"content":{"rendered":"<div>\n<p><iframe title=\"Estaci\u00f3n de alimentaci\u00f3n libre de polvo\" width=\"800\" height=\"450\" src=\"https:\/\/www.youtube.com\/embed\/QJkx7sB2CeQ?feature=oembed\" frameborder=\"0\" allow=\"accelerometer; autoplay; clipboard-write; encrypted-media; gyroscope; picture-in-picture; web-share\" referrerpolicy=\"strict-origin-when-cross-origin\" allowfullscreen><\/iframe><\/p>\n<p><strong>Descripci\u00f3n general de la estaci\u00f3n de alimentaci\u00f3n libre de polvo:<\/strong><br \/>\nLa estaci\u00f3n de alimentaci\u00f3n libre de polvo tambi\u00e9n se denomina estaci\u00f3n volcadora de bolsas, sistema de cribado de volcado de bolsas, volcado de bolsas de perfil bajo, volcado de bolsas sanitarias con recolector de polvo integral, etc.<br \/>\nEl sistema de contenci\u00f3n de calidad del sistema de cribado volcador de bolsas reduce eficazmente la cantidad de part\u00edculas de polvo que se escapan al entorno de trabajo, al tiempo que canaliza eficientemente los materiales de las bolsas hacia el separador del sistema cribador volcador de bolsas. El sistema de contenci\u00f3n de polvo est\u00e1 integrado con un separador de flujo de perfil bajo y alto rendimiento. El volcador de bolsas elimina la necesidad de horas de mano de obra costosas y que requieren mucho tiempo para limpiar el material derramado al capturar part\u00edculas de polvo en el aire antes de que puedan ingresar al medio ambiente.<br \/>\nEl volcador de bolsas puede complementarse con un sistema integral opcional de recolecci\u00f3n de polvo para eliminar pr\u00e1cticamente todo el polvo da\u00f1ino que ingrese al ambiente de trabajo.<\/p>\n<p><strong>Principio de funcionamiento de la estaci\u00f3n de alimentaci\u00f3n libre de polvo:<\/strong><br \/>\nDebido a la acci\u00f3n del ventilador recolector de polvo durante el desembalaje, se puede evitar que el polvo del material vuele por todas partes. Cuando el material se desempaqueta y se vierte en el siguiente procedimiento, s\u00f3lo es necesario desempacar manualmente el material y colocarlo en el sistema.<br \/>\nA trav\u00e9s de una criba vibratoria (criba de seguridad, criba vibratoria de perfil bajo), se pueden interceptar los materiales a granel y los objetos extra\u00f1os para garantizar la descarga de las part\u00edculas requeridas.<\/p>\n<p><strong>Estructura de la estaci\u00f3n de alimentaci\u00f3n libre de polvo:<\/strong><br \/>\nLa estaci\u00f3n de alimentaci\u00f3n libre de polvo consta de una plataforma de alimentaci\u00f3n, un cuchar\u00f3n de descarga, un sistema de eliminaci\u00f3n de polvo y una criba vibratoria, etc.<\/p>\n<p><strong>Caracter\u00edsticas de la estaci\u00f3n de alimentaci\u00f3n libre de polvo:<\/strong><br \/>\n1. Funci\u00f3n de eliminaci\u00f3n de polvo. Evite que el material produzca polvo al desembalar y alimentar, reduciendo el consumo de material y energ\u00eda.<br \/>\n2. El equipo adopta un control inteligente. Automatizaci\u00f3n eficiente, funcionamiento sencillo, alta eficiencia y ahorro energ\u00e9tico.<br \/>\n3. El interior no tiene ning\u00fan dise\u00f1o de \u00e1ngulo muerto. F\u00e1cil de quitar y limpiar, y con poco mantenimiento.<br \/>\n4. Minimizar la p\u00e9rdida de productos. Principio de soplado inverso para lograr la reutilizaci\u00f3n de materiales. El principio de golpe inverso se utiliza para realizar la reutilizaci\u00f3n del material.<br \/>\n5. Es aplicable a sistemas desde integraci\u00f3n simple hasta integraci\u00f3n completa, transfiriendo materiales a trav\u00e9s de un sistema transportador por vac\u00edo.<br \/>\n6. Puede usarse en combinaci\u00f3n con criba vibratoria, separador de hierro y otros m\u00f3dulos. Dise\u00f1o impermeable completo para una f\u00e1cil limpieza.<\/p>\n<p><strong>Aplicaci\u00f3n de la estaci\u00f3n de alimentaci\u00f3n libre de polvo:<\/strong><br \/>\nLa estaci\u00f3n de alimentaci\u00f3n libre de polvo es adecuada para desempacar, alimentar, cribar y descargar materiales de bolsas peque\u00f1as en industrias farmac\u00e9utica, qu\u00edmica, alimentaria, de materiales para bater\u00edas y otras industrias.<br \/>\nTambi\u00e9n es aplicable al proceso de alimentaci\u00f3n de sustancia farmacol\u00f3gica a granel est\u00e9ril. Todo el proceso de alimentaci\u00f3n puede proteger eficazmente al operador y el entorno externo, lo que cumple con los requisitos de producci\u00f3n GMP y FDA.<\/p>\n<p><strong>Volcador de bolsas sanitarias con colector de polvo integral:<\/strong><br \/>\nEl vertedero de bolsas sanitarias con recolector de polvo integral reduce la exposici\u00f3n de los trabajadores al polvo molesto. El sistema de recolecci\u00f3n de polvo del volcador de sacos est\u00e1 dise\u00f1ado para funcionar exclusivamente con el volcador de sacos, un sistema probado que se utiliza para cribar material en las estaciones de descarga de sacos. El sistema de recolecci\u00f3n de polvo de descarga de bolsas mejora la contenci\u00f3n de part\u00edculas al proporcionar un vac\u00edo sustancial debajo de la rejilla de descarga de bolsas en lugar de arriba. Esto tira el polvo hacia abajo y lejos del operador, mejorando en gran medida el flujo de part\u00edculas en el aire hacia los filtros del sistema de recolecci\u00f3n.<br \/>\nPor lo general, los clientes utilizan nuestros separadores de bajo perfil para extraer trozos grandes y piezas de bolsas de ingredientes que se incluyen en mezclas secas y h\u00famedas. Este nuevo producto incorpora estante y rejilla para abrir y descargar la bolsa adem\u00e1s de un sistema integrado de eliminaci\u00f3n de polvo con soplador autolimpiante y filtros de cartucho. Adem\u00e1s, se puede agregar un im\u00e1n para eliminar restos de metal.<br \/>\n<img decoding=\"async\" src=\"https:\/\/urmachinery.com\/uploads\/allimg\/180524\/1-1P52410335M20.jpg\" alt=\"estaci\u00f3n de alimentaci\u00f3n y cribado libre de polvo\" \/><img decoding=\"async\" src=\"https:\/\/urmachinery.com\/uploads\/allimg\/180524\/1-1P524103422132.jpg\" alt=\"estaci\u00f3n de alimentaci\u00f3n y cribado libre de polvo\" \/><\/p>\n<\/div>","protected":false},"excerpt":{"rendered":"<p>Overview of\u00a0Dust-free Feeding Station: Dust-free feeding station is also called bag dumper station, bag dump screener system, low profile bag dump, sanitary bag dump with integral dust collector\u00a0etc. The quality containment system of the bag dump screener system effectively reduces the amount of dust particles escaping into the work environment, while efficiently channelling materials from [&hellip;]<\/p>\n","protected":false},"featured_media":3169,"template":"","meta":[],"product_brand":[],"product_cat":[41],"product_tag":[1224,1227,1223,1226,1225],"class_list":{"0":"post-1448","1":"product","2":"type-product","3":"status-publish","4":"has-post-thumbnail","6":"product_cat-other-feeding-equipment","7":"product_tag-bag-dump-station","8":"product_tag-bag-dump-station-manufacturer","9":"product_tag-bag-tipping-station","10":"product_tag-bag-tipping-station-manufacturer","11":"product_tag-bag-tipping-unit","13":"first","14":"instock","15":"shipping-taxable","16":"product-type-external"},"_links":{"self":[{"href":"https:\/\/www.urmachinery.com\/es\/wp-json\/wp\/v2\/product\/1448","targetHints":{"allow":["GET"]}}],"collection":[{"href":"https:\/\/www.urmachinery.com\/es\/wp-json\/wp\/v2\/product"}],"about":[{"href":"https:\/\/www.urmachinery.com\/es\/wp-json\/wp\/v2\/types\/product"}],"wp:featuredmedia":[{"embeddable":true,"href":"https:\/\/www.urmachinery.com\/es\/wp-json\/wp\/v2\/media\/3169"}],"wp:attachment":[{"href":"https:\/\/www.urmachinery.com\/es\/wp-json\/wp\/v2\/media?parent=1448"}],"wp:term":[{"taxonomy":"product_brand","embeddable":true,"href":"https:\/\/www.urmachinery.com\/es\/wp-json\/wp\/v2\/product_brand?post=1448"},{"taxonomy":"product_cat","embeddable":true,"href":"https:\/\/www.urmachinery.com\/es\/wp-json\/wp\/v2\/product_cat?post=1448"},{"taxonomy":"product_tag","embeddable":true,"href":"https:\/\/www.urmachinery.com\/es\/wp-json\/wp\/v2\/product_tag?post=1448"}],"curies":[{"name":"wp","href":"https:\/\/api.w.org\/{rel}","templated":true}]}}