{"id":1451,"date":"2024-06-02T08:00:34","date_gmt":"2024-06-02T08:00:34","guid":{"rendered":"https:\/\/www.urmachinery.com\/product\/feeding-and-screening-system\/"},"modified":"2024-06-07T06:23:10","modified_gmt":"2024-06-07T06:23:10","slug":"sistema-de-alimentacion-y-cribado","status":"publish","type":"product","link":"https:\/\/www.urmachinery.com\/es\/product\/feeding-and-screening-system\/","title":{"rendered":"Sistema de alimentaci\u00f3n y cribado"},"content":{"rendered":"<div>\n<p><iframe title=\"Estaci\u00f3n de alimentaci\u00f3n y detecci\u00f3n AAREAL\" width=\"800\" height=\"450\" src=\"https:\/\/www.youtube.com\/embed\/fwPJZ2uyAO0?feature=oembed\" frameborder=\"0\" allow=\"accelerometer; autoplay; clipboard-write; encrypted-media; gyroscope; picture-in-picture; web-share\" referrerpolicy=\"strict-origin-when-cross-origin\" allowfullscreen><\/iframe><\/p>\n<div>El sistema de alimentaci\u00f3n y cribado tambi\u00e9n se denomina m\u00e1quina todo en uno de alimentaci\u00f3n y cribado. Establece el almacenamiento, la alimentaci\u00f3n y el cribado de polvo en su conjunto. Con un tanque de almacenamiento y un controlador que puede ajustar la cantidad de alimentaci\u00f3n, mejora efectivamente las condiciones de trabajo de la m\u00e1quina de cribado, mejora la precisi\u00f3n del cribado y la calidad del producto, y ahorra en gran medida costos, espacio y energ\u00eda. Es un sistema de detecci\u00f3n realmente delicado.<\/div>\n<div>\u00a0 El sistema de eliminaci\u00f3n de polvo puede reducir eficazmente las part\u00edculas de polvo que se difunden en el entorno de trabajo y transportar eficazmente el material en bolsas a la criba vibratoria para su cribado o eliminaci\u00f3n de impurezas, a fin de evitar la p\u00e9rdida de material y mejorar el entorno de trabajo.<br \/>\n<img decoding=\"async\" src=\"https:\/\/urmachinery.com\/uploads\/allimg\/180524\/1-1P524104Q2633.jpg\" alt=\"m\u00e1quina todo en uno de alimentaci\u00f3n y cribado\" \/><br \/>\n<img decoding=\"async\" src=\"https:\/\/urmachinery.com\/uploads\/allimg\/180524\/1-1P524104S3H8.jpg\" alt=\"m\u00e1quina todo en uno de alimentaci\u00f3n y cribado\" \/><img decoding=\"async\" src=\"https:\/\/urmachinery.com\/uploads\/allimg\/180524\/1-1P524104UE21.jpg\" alt=\"\" \/><\/div>\n<\/div>","protected":false},"excerpt":{"rendered":"<p>Feeding and screening system is also called feeding and screening all-in-one machine. It sets powder storage, feeding and screening as a whole. With a storage tank and the controller that can adjust the feeding quantity, it effectively improves the working conditions of screening machine, improves the screening accuracy and product quality, and greatly saves cost, [&hellip;]<\/p>\n","protected":false},"featured_media":1453,"template":"","meta":[],"product_brand":[],"product_cat":[36],"product_tag":[],"class_list":{"0":"post-1451","1":"product","2":"type-product","3":"status-publish","4":"has-post-thumbnail","6":"product_cat-round-separator","8":"first","9":"instock","10":"shipping-taxable","11":"product-type-external"},"_links":{"self":[{"href":"https:\/\/www.urmachinery.com\/es\/wp-json\/wp\/v2\/product\/1451","targetHints":{"allow":["GET"]}}],"collection":[{"href":"https:\/\/www.urmachinery.com\/es\/wp-json\/wp\/v2\/product"}],"about":[{"href":"https:\/\/www.urmachinery.com\/es\/wp-json\/wp\/v2\/types\/product"}],"wp:featuredmedia":[{"embeddable":true,"href":"https:\/\/www.urmachinery.com\/es\/wp-json\/wp\/v2\/media\/1453"}],"wp:attachment":[{"href":"https:\/\/www.urmachinery.com\/es\/wp-json\/wp\/v2\/media?parent=1451"}],"wp:term":[{"taxonomy":"product_brand","embeddable":true,"href":"https:\/\/www.urmachinery.com\/es\/wp-json\/wp\/v2\/product_brand?post=1451"},{"taxonomy":"product_cat","embeddable":true,"href":"https:\/\/www.urmachinery.com\/es\/wp-json\/wp\/v2\/product_cat?post=1451"},{"taxonomy":"product_tag","embeddable":true,"href":"https:\/\/www.urmachinery.com\/es\/wp-json\/wp\/v2\/product_tag?post=1451"}],"curies":[{"name":"wp","href":"https:\/\/api.w.org\/{rel}","templated":true}]}}