{"id":1454,"date":"2024-06-02T09:00:44","date_gmt":"2024-06-02T09:00:44","guid":{"rendered":"https:\/\/www.urmachinery.com\/product\/rotary-brush-system\/"},"modified":"2024-06-07T06:22:49","modified_gmt":"2024-06-07T06:22:49","slug":"sistema-de-cepillo-giratorio","status":"publish","type":"product","link":"https:\/\/www.urmachinery.com\/es\/product\/rotary-brush-system\/","title":{"rendered":"Sistema de cepillo giratorio"},"content":{"rendered":"<div>\n<p><iframe title=\"Tamiz vibratorio AAREAL con sistema de cepillo giratorio\" width=\"800\" height=\"450\" src=\"https:\/\/www.youtube.com\/embed\/DH4DOhrQJgY?feature=oembed\" frameborder=\"0\" allow=\"accelerometer; autoplay; clipboard-write; encrypted-media; gyroscope; picture-in-picture; web-share\" referrerpolicy=\"strict-origin-when-cross-origin\" allowfullscreen><\/iframe><\/p>\n<p><iframe title=\"Tamiz vibratorio en l\u00ednea con sistema de cepillo giratorio\" width=\"800\" height=\"450\" src=\"https:\/\/www.youtube.com\/embed\/1NrR3L5fG8k?feature=oembed\" frameborder=\"0\" allow=\"accelerometer; autoplay; clipboard-write; encrypted-media; gyroscope; picture-in-picture; web-share\" referrerpolicy=\"strict-origin-when-cross-origin\" allowfullscreen><\/iframe><\/p>\n<p><strong>Descripci\u00f3n general:<\/strong><br \/>\nEl sistema de cepillo giratorio tambi\u00e9n se conoce como sistema raspador. El sistema de cepillo giratorio est\u00e1 dise\u00f1ado para evitar que la pantalla se obstruya durante el funcionamiento y romper cualquier grumo de part\u00edculas.<br \/>\nEl sistema de cepillo giratorio se puede utilizar para separadores redondos de criba m\u00faltiple, separadores de perfil bajo de una sola capa y separadores vibratorios silenciosos de alto rendimiento. El cepillo giratorio funciona independientemente del separador a baja velocidad. Los grumos se rompen mediante movimientos de raspado horizontales y movimientos de trituraci\u00f3n verticales entre el cepillo y la rejilla. Las part\u00edculas demasiado grandes para pasar a trav\u00e9s de ellas se eliminan para evitar la obstrucci\u00f3n de la criba, lo que mejora la eficiencia y la productividad del material que se agrupa f\u00e1cilmente.<\/p>\n<p>Es adecuado para materiales con las siguientes caracter\u00edsticas:<br \/>\n1. Alto contenido de agua, alto nivel de humedad.<br \/>\n2. Alto contenido de aceite.<br \/>\n3. Productos sin refinar con una mezcla de impurezas y mayor distribuci\u00f3n de tama\u00f1o.<br \/>\n4. Productos que forman grumos con facilidad.<\/p>\n<p><strong>Principio de funcionamiento:<\/strong><br \/>\nLa criba vibratoria con sistema de cepillo giratorio combina amasado, extrusi\u00f3n, corte y cribado en uno.<br \/>\nLa criba vibratoria raspadora, como su nombre lo indica, acelera el efecto de cribado y la velocidad de los materiales a trav\u00e9s de la malla de la criba d\u00e1ndole al material una fuerza externa, mejorando la capacidad de cribado de la criba vibratoria.<\/p>\n<p><strong>Solicitud:<\/strong><br \/>\nSe utiliza para material est\u00e1tico, en forma de bola y aglomerado durante el cribado. Puede romper estos granos falsos y obtener una capacidad de tamizado m\u00e1s grande y m\u00e1s r\u00e1pida y una mayor precisi\u00f3n de tamizado.<br \/>\nLa m\u00e1quina cribadora con raspador es adecuada para cribar granos no verdaderos que no cumplen con los requisitos despu\u00e9s del secado, o cribar polvo que tiene las caracter\u00edsticas de adsorci\u00f3n, f\u00e1cil de reunir, f\u00e1cil de iniciar con electricidad est\u00e1tica y f\u00e1cil de aglomerar, o filtrado del l\u00edquido viscoso.<\/p>\n<p><strong>Caracter\u00edsticas<\/strong>:<br \/>\n1. Separar y romper: adecuado para productos crudos, sin refinar, con mayor distribuci\u00f3n de tama\u00f1o e impurezas. Capaz de romper y separar objetos ligeros en una sola unidad, aumenta enormemente la productividad.<br \/>\n2. M\u00f3vil y ajustable: el chasis m\u00f3vil permite una r\u00e1pida reubicaci\u00f3n. El cepillo se puede levantar para cambiar, limpiar y mantener r\u00e1pidamente la pantalla.<br \/>\n3. Funcionamiento sencillo: controlado independientemente del separador, mediante un panel de control de f\u00e1cil manejo.<br \/>\n4. Durable, no da\u00f1a la pantalla: el cepillo no hace contacto con la pantalla, evita el desgaste prematuro.<br \/>\n5. Acero inoxidable: todas las piezas de contacto en acero inoxidable SUS304. Actualizaciones SUS316L totales o parciales disponibles.<br \/>\n6. Cepillo de velocidad variable disponible bajo pedido.<\/div>","protected":false},"excerpt":{"rendered":"<p>Overview: Rotary brush system is also known as scraper system. The rotary brush system is designed to keep the screen clear from clogging during operation, and break up any lumps of particles. The rotary brush system can be used for multi-screen round separator, single-layer low-profile separator and noiseless high performance vibrating separator. Rotary brush operates [&hellip;]<\/p>\n","protected":false},"featured_media":1457,"template":"","meta":[],"product_brand":[],"product_cat":[36],"product_tag":[],"class_list":{"0":"post-1454","1":"product","2":"type-product","3":"status-publish","4":"has-post-thumbnail","6":"product_cat-round-separator","8":"first","9":"instock","10":"shipping-taxable","11":"product-type-external"},"_links":{"self":[{"href":"https:\/\/www.urmachinery.com\/es\/wp-json\/wp\/v2\/product\/1454","targetHints":{"allow":["GET"]}}],"collection":[{"href":"https:\/\/www.urmachinery.com\/es\/wp-json\/wp\/v2\/product"}],"about":[{"href":"https:\/\/www.urmachinery.com\/es\/wp-json\/wp\/v2\/types\/product"}],"wp:featuredmedia":[{"embeddable":true,"href":"https:\/\/www.urmachinery.com\/es\/wp-json\/wp\/v2\/media\/1457"}],"wp:attachment":[{"href":"https:\/\/www.urmachinery.com\/es\/wp-json\/wp\/v2\/media?parent=1454"}],"wp:term":[{"taxonomy":"product_brand","embeddable":true,"href":"https:\/\/www.urmachinery.com\/es\/wp-json\/wp\/v2\/product_brand?post=1454"},{"taxonomy":"product_cat","embeddable":true,"href":"https:\/\/www.urmachinery.com\/es\/wp-json\/wp\/v2\/product_cat?post=1454"},{"taxonomy":"product_tag","embeddable":true,"href":"https:\/\/www.urmachinery.com\/es\/wp-json\/wp\/v2\/product_tag?post=1454"}],"curies":[{"name":"wp","href":"https:\/\/api.w.org\/{rel}","templated":true}]}}