{"id":1461,"date":"2024-06-01T08:00:24","date_gmt":"2024-06-01T08:00:24","guid":{"rendered":"https:\/\/www.urmachinery.com\/product\/test-sieve-2\/"},"modified":"2024-06-07T06:28:00","modified_gmt":"2024-06-07T06:28:00","slug":"tamiz-de-prueba-2","status":"publish","type":"product","link":"https:\/\/www.urmachinery.com\/es\/product\/test-sieve-2\/","title":{"rendered":"Tamiz de prueba"},"content":{"rendered":"<div>\n<p><strong>Descripci\u00f3n general del tamiz de prueba:<\/strong><br \/>\nEl tamiz de prueba tambi\u00e9n se llama tamiz de prueba, tamiz de laboratorio, tamiz de laboratorio, tamiz de prueba, tamiz de laboratorio, tamiz experimental, tamiz est\u00e1ndar, tamiz de inspecci\u00f3n, tamiz de prueba est\u00e1ndar, tamiz de muestreo, tamiz de part\u00edculas, tamiz de an\u00e1lisis, tamiz de verificaci\u00f3n, tamiz de suelo, conjunto de tamiz. , criba de farmacopea, criba de tierra y roca, criba de sedimentos, criba de agregados, criba de muestra de carb\u00f3n, criba de juego de cribas, accesorio de prueba de cribado est\u00e1ndar, criba est\u00e1ndar de acero inoxidable, etc.<\/p>\n<p><strong>Funci\u00f3n del tamiz de prueba:<\/strong><br \/>\nEl tamiz de prueba es una herramienta para la clasificaci\u00f3n y detecci\u00f3n del tama\u00f1o de part\u00edculas de materiales. Es un tamiz que es inspeccionado, identificado y acordado por la instituci\u00f3n designada, lo cual es un s\u00edmbolo importante que se diferencia del tamiz general.<\/p>\n<p><strong>Aplicaci\u00f3n del tamiz de prueba:<\/strong><br \/>\nSe utiliza principalmente para el an\u00e1lisis y la detecci\u00f3n del tama\u00f1o de part\u00edculas, ampliamente utilizado en abrasivos, prospecci\u00f3n geol\u00f3gica, metalurgia, farmacopea, materiales de construcci\u00f3n qu\u00edmicos y otras industrias para la detecci\u00f3n y prueba de materiales de part\u00edculas.<\/p>\n<p><strong>Estructura del tamiz de prueba:<\/strong><br \/>\nEl marco del tamiz de prueba, la cubierta del tamiz y la parte inferior del tamiz est\u00e1n hechos de acero inoxidable de alta calidad.<br \/>\n(1) marco de pantalla:<br \/>\n1. El marco de la pantalla adopta acero inoxidable de alta calidad y un moldeado de dibujo \u00fanico, pulido de superficie y con una apariencia fina. Coopere estrechamente, sin fugas de material ni agua. El espesor de la pared es de 0,6~0,7 mm. La superficie es tan brillante que puede servir como espejo. Formaci\u00f3n integral, fuerte y duradera, sin magnetismo.<br \/>\n2. La pantalla y el marco se fijan mediante soldadura de esta\u00f1o. La conexi\u00f3n es firme, sin holguras, sin espacios ni atascos.<br \/>\n3. Puede ser resistente a altas temperaturas de 400 grados cent\u00edgrados y puede usarse para soluciones inorg\u00e1nicas y org\u00e1nicas.<br \/>\n4. Debido al uso de estiramiento y conformaci\u00f3n, las dimensiones se unifican. Y el marco del tamiz superior e inferior adopta una superficie c\u00f3nica coincidente (consistente con el m\u00e9todo de sellado de la v\u00e1lvula), que queda completamente sellada despu\u00e9s de la instalaci\u00f3n superior e inferior. Mientras tanto, debido a la conductividad el\u00e9ctrica entre los marcos, se evita la adsorci\u00f3n electrost\u00e1tica (consistente con la estructura de la pantalla Taylor en Estados Unidos). El fino gr\u00e1nulo fluye suavemente. Si el usuario lo solicita, tambi\u00e9n se puede equipar con el anillo de sellado, pero considerando el problema electrost\u00e1tico y el sello ha cumplido con los requisitos, generalmente no lo utilizamos.<br \/>\n5. Altura: 50 mm (general), 23 mm (corto)<br \/>\nDi\u00e1metro del marco: 8 pulgadas, 12 pulgadas, 75 mm, 200 mm, 300 mm<\/p>\n<p>(2) pantalla de malla:<br \/>\nLa malla es precisa. La pantalla est\u00e1 marcada por el tama\u00f1o de pantalla est\u00e1ndar y el tama\u00f1o de malla, por lo que la malla con la misma especificaci\u00f3n es id\u00e9ntica en diferentes momentos.<br \/>\nEl material de pantalla com\u00fanmente utilizado es lat\u00f3n, bronce al esta\u00f1o y acero inoxidable.<br \/>\n2.36um~100um adoptan niquelado, lo que no solo puede mejorar la precisi\u00f3n del orificio de la malla, sino que tambi\u00e9n previene la deformaci\u00f3n de la malla. Dureza, resistencia al desgaste y durabilidad de los agujeros de malla. Fuerte, resistente al desgaste y duradero.<\/p>\n<p><strong>Superficie de la pantalla del tamiz de prueba:<\/strong><br \/>\nSeg\u00fan el material de la pantalla, el tamiz de prueba se divide en tamiz de prueba de malla de alambre tejido, tamiz de prueba de placa perforada de metal y tamiz de prueba de conformaci\u00f3n el\u00e9ctrica.<\/p>\n<table border=\"1\" cellspacing=\"1\" cellpadding=\"1\">\n<tbody>\n<tr>\n<td>Tipo de pantalla<\/td>\n<td>Est\u00e1ndar<\/td>\n<td>Tama\u00f1o b\u00e1sico de la malla<\/td>\n<\/tr>\n<tr>\n<td>Malla de alambre tejido<\/td>\n<td>\u00a0GB\/T6003.1-1997,<br \/>\ncumplir con la norma internacional ISO3310-1:1990 series R20\/3, R20, R40\/3<\/td>\n<td>\u00a02,36 mm ~ 0,015 mm,<br \/>\nagujero cuadrado: 2,36 mm ~ 0,02 mm<br \/>\nagujero triangular: a 0,005 mm<\/td>\n<\/tr>\n<tr>\n<td>Placa perforada de metal (tabla de perforaci\u00f3n)<\/td>\n<td>\u00a0GB\/T6003.2-1997,<br \/>\ncumplir con la norma internacional ISO3310-2:1990 series R20\/3, R20, R40\/3<\/td>\n<td>\u00a032 mm ~ 1 mm,<br \/>\nSe utiliza principalmente en tamices de prueba de malla grande (&gt;3 mm)<\/td>\n<\/tr>\n<tr>\n<td>Conformado el\u00e9ctrico<\/td>\n<td>\u00a0GB\/T6003.3-1997<\/td>\n<td>\u00a00,50 mm ~ 0,005 mm,<br \/>\nTolerancia absoluta del tama\u00f1o del agujero: 2 ~ 3 um.<br \/>\n\u03c675*25mm<\/td>\n<\/tr>\n<\/tbody>\n<\/table>\n<p><img decoding=\"async\" src=\"https:\/\/urmachinery.com\/uploads\/allimg\/180505\/1-1P50516235W94.png\" alt=\"superficie de la pantalla\" \/><\/p>\n<p><strong>Tabla de conversi\u00f3n de tama\u00f1o de part\u00edculas:<\/strong><\/p>\n<table border=\"1\" cellspacing=\"1\" cellpadding=\"1\">\n<tbody>\n<tr>\n<td>Malla BSS<\/td>\n<td>Malla ASTM<\/td>\n<td>Malla Tyler<\/td>\n<td>Malla ISS<\/td>\n<td>Micr\u00f3n<\/td>\n<td>mil\u00edmetros<\/td>\n<\/tr>\n<tr>\n<td>4<\/td>\n<td>5<\/td>\n<td>5<\/td>\n<td>\u2014<\/td>\n<td>4000<\/td>\n<td>4.00<\/td>\n<\/tr>\n<tr>\n<td>6<\/td>\n<td>7<\/td>\n<td>7<\/td>\n<td>280<\/td>\n<td>2812<\/td>\n<td>2.81<\/td>\n<\/tr>\n<tr>\n<td>8<\/td>\n<td>10<\/td>\n<td>9<\/td>\n<td>200<\/td>\n<td>2057<\/td>\n<td>2.05<\/td>\n<\/tr>\n<tr>\n<td>10<\/td>\n<td>12<\/td>\n<td>10<\/td>\n<td>170<\/td>\n<td>1680<\/td>\n<td>1.68<\/td>\n<\/tr>\n<tr>\n<td>12<\/td>\n<td>14<\/td>\n<td>12<\/td>\n<td>150<\/td>\n<td>1405<\/td>\n<td>1.40<\/td>\n<\/tr>\n<tr>\n<td>14<\/td>\n<td>16<\/td>\n<td>14<\/td>\n<td>120<\/td>\n<td>1240<\/td>\n<td>1.20<\/td>\n<\/tr>\n<tr>\n<td>16<\/td>\n<td>18<\/td>\n<td>16<\/td>\n<td>100<\/td>\n<td>1003<\/td>\n<td>1.00<\/td>\n<\/tr>\n<tr>\n<td>18<\/td>\n<td>20<\/td>\n<td>20<\/td>\n<td>85<\/td>\n<td>850<\/td>\n<td>0.85<\/td>\n<\/tr>\n<tr>\n<td>22<\/td>\n<td>25<\/td>\n<td>24<\/td>\n<td>70<\/td>\n<td>710<\/td>\n<td>0.71<\/td>\n<\/tr>\n<tr>\n<td>30<\/td>\n<td>35<\/td>\n<td>32<\/td>\n<td>50<\/td>\n<td>500<\/td>\n<td>0.50<\/td>\n<\/tr>\n<tr>\n<td>36<\/td>\n<td>40<\/td>\n<td>35<\/td>\n<td>40<\/td>\n<td>420<\/td>\n<td>0.42<\/td>\n<\/tr>\n<tr>\n<td>44<\/td>\n<td>45<\/td>\n<td>42<\/td>\n<td>35<\/td>\n<td>355<\/td>\n<td>0.35<\/td>\n<\/tr>\n<tr>\n<td>52<\/td>\n<td>50<\/td>\n<td>48<\/td>\n<td>30<\/td>\n<td>300<\/td>\n<td>0.30<\/td>\n<\/tr>\n<tr>\n<td>60<\/td>\n<td>60<\/td>\n<td>60<\/td>\n<td>25<\/td>\n<td>250<\/td>\n<td>0.25<\/td>\n<\/tr>\n<tr>\n<td>72<\/td>\n<td>70<\/td>\n<td>65<\/td>\n<td>20<\/td>\n<td>210<\/td>\n<td>0.21<\/td>\n<\/tr>\n<tr>\n<td>85<\/td>\n<td>80<\/td>\n<td>80<\/td>\n<td>18<\/td>\n<td>180<\/td>\n<td>0.18<\/td>\n<\/tr>\n<tr>\n<td>100<\/td>\n<td>100<\/td>\n<td>100<\/td>\n<td>15<\/td>\n<td>150<\/td>\n<td>0.15<\/td>\n<\/tr>\n<tr>\n<td>120<\/td>\n<td>120<\/td>\n<td>115<\/td>\n<td>12<\/td>\n<td>125<\/td>\n<td>0.12<\/td>\n<\/tr>\n<tr>\n<td>150<\/td>\n<td>140<\/td>\n<td>150<\/td>\n<td>10<\/td>\n<td>105<\/td>\n<td>0.10<\/td>\n<\/tr>\n<tr>\n<td>170<\/td>\n<td>170<\/td>\n<td>170<\/td>\n<td>9<\/td>\n<td>90<\/td>\n<td>0.09<\/td>\n<\/tr>\n<tr>\n<td>200<\/td>\n<td>200<\/td>\n<td>200<\/td>\n<td>8<\/td>\n<td>75<\/td>\n<td>0.075<\/td>\n<\/tr>\n<tr>\n<td>240<\/td>\n<td>230<\/td>\n<td>250<\/td>\n<td>6<\/td>\n<td>63<\/td>\n<td>0.063<\/td>\n<\/tr>\n<tr>\n<td>300<\/td>\n<td>270<\/td>\n<td>270<\/td>\n<td>5<\/td>\n<td>53<\/td>\n<td>0.053<\/td>\n<\/tr>\n<tr>\n<td>350<\/td>\n<td>325<\/td>\n<td>325<\/td>\n<td>4<\/td>\n<td>45<\/td>\n<td>0.045<\/td>\n<\/tr>\n<tr>\n<td>400<\/td>\n<td>400<\/td>\n<td>400<\/td>\n<td>\u2014<\/td>\n<td>37<\/td>\n<td>0.037<\/td>\n<\/tr>\n<tr>\n<td>500<\/td>\n<td>500<\/td>\n<td>500<\/td>\n<td>\u2014<\/td>\n<td>25<\/td>\n<td>0.025<\/td>\n<\/tr>\n<tr>\n<td>625<\/td>\n<td>625<\/td>\n<td>625<\/td>\n<td>\u2014<\/td>\n<td>20<\/td>\n<td>0.020<\/td>\n<\/tr>\n<\/tbody>\n<\/table>\n<p><strong>Tabla comparativa de mallas de pantalla:<\/strong><\/p>\n<table border=\"1\" cellspacing=\"1\" cellpadding=\"1\">\n<tbody>\n<tr>\n<td>Malla<\/td>\n<td>\u00b5m<\/td>\n<td>Malla<\/td>\n<td>\u00b5m<\/td>\n<\/tr>\n<tr>\n<td>2<\/td>\n<td>8000<\/td>\n<td>100<\/td>\n<td>150<\/td>\n<\/tr>\n<tr>\n<td>3<\/td>\n<td>6700<\/td>\n<td>115<\/td>\n<td>125<\/td>\n<\/tr>\n<tr>\n<td>4<\/td>\n<td>4750<\/td>\n<td>120<\/td>\n<td>120<\/td>\n<\/tr>\n<tr>\n<td>5<\/td>\n<td>4000<\/td>\n<td>125<\/td>\n<td>115<\/td>\n<\/tr>\n<tr>\n<td>6<\/td>\n<td>3350<\/td>\n<td>130<\/td>\n<td>113<\/td>\n<\/tr>\n<tr>\n<td>7<\/td>\n<td>2800<\/td>\n<td>140<\/td>\n<td>109<\/td>\n<\/tr>\n<tr>\n<td>8<\/td>\n<td>2360<\/td>\n<td>150<\/td>\n<td>106<\/td>\n<\/tr>\n<tr>\n<td>10<\/td>\n<td>1700<\/td>\n<td>160<\/td>\n<td>96<\/td>\n<\/tr>\n<tr>\n<td>12<\/td>\n<td>1400<\/td>\n<td>170<\/td>\n<td>90<\/td>\n<\/tr>\n<tr>\n<td>14<\/td>\n<td>1180<\/td>\n<td>175<\/td>\n<td>86<\/td>\n<\/tr>\n<tr>\n<td>16<\/td>\n<td>1000<\/td>\n<td>180<\/td>\n<td>80<\/td>\n<\/tr>\n<tr>\n<td>18<\/td>\n<td>880<\/td>\n<td>200<\/td>\n<td>75<\/td>\n<\/tr>\n<tr>\n<td>20<\/td>\n<td>830<\/td>\n<td>230<\/td>\n<td>62<\/td>\n<\/tr>\n<tr>\n<td>24<\/td>\n<td>700<\/td>\n<td>240<\/td>\n<td>61<\/td>\n<\/tr>\n<tr>\n<td>28<\/td>\n<td>600<\/td>\n<td>250<\/td>\n<td>58<\/td>\n<\/tr>\n<tr>\n<td>30<\/td>\n<td>550<\/td>\n<td>270<\/td>\n<td>53<\/td>\n<\/tr>\n<tr>\n<td>32<\/td>\n<td>500<\/td>\n<td>300<\/td>\n<td>48<\/td>\n<\/tr>\n<tr>\n<td>35<\/td>\n<td>425<\/td>\n<td>325<\/td>\n<td>45<\/td>\n<\/tr>\n<tr>\n<td>40<\/td>\n<td>380<\/td>\n<td>400<\/td>\n<td>38<\/td>\n<\/tr>\n<tr>\n<td>42<\/td>\n<td>355<\/td>\n<td>500<\/td>\n<td>25<\/td>\n<\/tr>\n<tr>\n<td>45<\/td>\n<td>325<\/td>\n<td>600<\/td>\n<td>23<\/td>\n<\/tr>\n<tr>\n<td>48<\/td>\n<td>300<\/td>\n<td>800<\/td>\n<td>18<\/td>\n<\/tr>\n<tr>\n<td>50<\/td>\n<td>270<\/td>\n<td>1000<\/td>\n<td>13<\/td>\n<\/tr>\n<tr>\n<td>60<\/td>\n<td>250<\/td>\n<td>1340<\/td>\n<td>10<\/td>\n<\/tr>\n<tr>\n<td>65<\/td>\n<td>230<\/td>\n<td>2000<\/td>\n<td>6.5<\/td>\n<\/tr>\n<tr>\n<td>70<\/td>\n<td>212<\/td>\n<td>5000<\/td>\n<td>2.6<\/td>\n<\/tr>\n<tr>\n<td>80<\/td>\n<td>180<\/td>\n<td>8000<\/td>\n<td>1.6<\/td>\n<\/tr>\n<tr>\n<td>90<\/td>\n<td>160<\/td>\n<td>10000<\/td>\n<td>1.3<\/td>\n<\/tr>\n<\/tbody>\n<\/table>\n<p>&nbsp;<\/p>\n<\/div>","protected":false},"excerpt":{"rendered":"<p>Overview of Test Sieve: Test sieve\u00a0is also called testing sieve, lab sieve, laboratory sieve, test screen, lab screen, experimental sieve, standard sieve, inspection sieve, standard test sieve,\u00a0sampling\u00a0sieve, particle sieve,\u00a0analysis sieve, checking sifter, soil sieve, sieve set, pharmacopeia screen, earth-rock sieve, sediment sieve, aggregate sieve, coal sample sieve, sieve set grizzly, standard screening test fixture, stainless [&hellip;]<\/p>\n","protected":false},"featured_media":1462,"template":"","meta":[],"product_brand":[],"product_cat":[39],"product_tag":[],"class_list":{"0":"post-1461","1":"product","2":"type-product","3":"status-publish","4":"has-post-thumbnail","6":"product_cat-test-sieve-shaker","8":"first","9":"instock","10":"shipping-taxable","11":"product-type-external"},"_links":{"self":[{"href":"https:\/\/www.urmachinery.com\/es\/wp-json\/wp\/v2\/product\/1461","targetHints":{"allow":["GET"]}}],"collection":[{"href":"https:\/\/www.urmachinery.com\/es\/wp-json\/wp\/v2\/product"}],"about":[{"href":"https:\/\/www.urmachinery.com\/es\/wp-json\/wp\/v2\/types\/product"}],"wp:featuredmedia":[{"embeddable":true,"href":"https:\/\/www.urmachinery.com\/es\/wp-json\/wp\/v2\/media\/1462"}],"wp:attachment":[{"href":"https:\/\/www.urmachinery.com\/es\/wp-json\/wp\/v2\/media?parent=1461"}],"wp:term":[{"taxonomy":"product_brand","embeddable":true,"href":"https:\/\/www.urmachinery.com\/es\/wp-json\/wp\/v2\/product_brand?post=1461"},{"taxonomy":"product_cat","embeddable":true,"href":"https:\/\/www.urmachinery.com\/es\/wp-json\/wp\/v2\/product_cat?post=1461"},{"taxonomy":"product_tag","embeddable":true,"href":"https:\/\/www.urmachinery.com\/es\/wp-json\/wp\/v2\/product_tag?post=1461"}],"curies":[{"name":"wp","href":"https:\/\/api.w.org\/{rel}","templated":true}]}}