{"id":1463,"date":"2024-06-01T09:00:25","date_gmt":"2024-06-01T09:00:25","guid":{"rendered":"https:\/\/www.urmachinery.com\/product\/powerful-vibration-test-sieve-shaker\/"},"modified":"2024-06-07T06:30:15","modified_gmt":"2024-06-07T06:30:15","slug":"potente-tamiz-de-prueba-de-vibracion","status":"publish","type":"product","link":"https:\/\/www.urmachinery.com\/es\/product\/powerful-vibration-test-sieve-shaker\/","title":{"rendered":"Potente tamiz de prueba de vibraci\u00f3n"},"content":{"rendered":"<div>\n<p><strong>Descripci\u00f3n general del potente tamizador de prueba de vibraci\u00f3n:<\/strong><br \/>\nLa potente tamizadora de prueba de vibraci\u00f3n tambi\u00e9n se llama tamizadora de prueba de doble motor, tamizadora de laboratorio, tamizadora de laboratorio, m\u00e1quina de tamiz de prueba, m\u00e1quina de cribado de prueba est\u00e1ndar, tamizadora de prueba, equipo de cribado de laboratorio, tamizadora tipo motor, tamizadora anal\u00edtica, tamiz vibratorio agitador, tamizadora, tamizadora, tamizadora, tamizadora, criba vibratoria electromec\u00e1nica est\u00e1ndar, etc. Puede usarse tanto para cribado en seco como para cribado en h\u00famedo.<br \/>\nLa tamizadora de prueba de motor dual es un tamiz de an\u00e1lisis est\u00e1ndar que integra clasificaci\u00f3n de polvo y filtraci\u00f3n de l\u00edquidos. Es adecuado para el an\u00e1lisis preciso de la estructura del tama\u00f1o de part\u00edculas y polvos en el laboratorio y la sala de control de calidad, y para an\u00e1lisis de prueba del contenido de s\u00f3lidos l\u00edquidos.<\/p>\n<p><strong>Caracter\u00edsticas del potente tamiz de prueba de vibraci\u00f3n:<\/strong><br \/>\n1. Puede usarse tanto para cribado seco como para cribado h\u00famedo.<br \/>\n2. Bajo nivel de ruido, alta eficiencia y alta precisi\u00f3n.<br \/>\n3. Con el nuevo dise\u00f1o de clip antivibraci\u00f3n, el montaje y desmontaje son m\u00e1s c\u00f3modos.<br \/>\n4. Puede dise\u00f1arse especialmente con los modelos de tuber\u00eda de entrada y salida.<\/p>\n<p><strong>Principio de funcionamiento del potente tamiz de prueba de vibraci\u00f3n:<\/strong><br \/>\nEsta serie de m\u00e1quinas de tamiz de prueba est\u00e1 dise\u00f1ada para la inspecci\u00f3n de muestras de lotes grandes de part\u00edculas gruesas. Tiene dos motores vibratorios de alta eficiencia para generar vibraci\u00f3n tridimensional, haciendo que la muestra llene la superficie de la pantalla y gire al mismo tiempo, de modo que las part\u00edculas atraviesen la pantalla para su separaci\u00f3n. Los resultados de la prueba son precisos y reproducibles.<br \/>\nImpulsado por dos motores vibratorios, genera vibraci\u00f3n vertical. Y la vibraci\u00f3n se pasa al tamiz y al material est\u00e1ndar para lograr una buena clasificaci\u00f3n.<\/p>\n<p><strong>Estructura del potente tamiz de prueba de vibraci\u00f3n:<\/strong><br \/>\n<img decoding=\"async\" src=\"https:\/\/urmachinery.com\/uploads\/allimg\/180509\/1-1P509145353441.png\" alt=\"Potente tamiz de prueba de vibraci\u00f3n\" \/><\/p>\n<table border=\"1\" cellspacing=\"1\" cellpadding=\"1\">\n<tbody>\n<tr>\n<td>NO.<\/td>\n<td>Nombre<\/td>\n<td>NO.<\/td>\n<td>Nombre<\/td>\n<td>NO.<\/td>\n<td>Nombre<\/td>\n<\/tr>\n<tr>\n<td>1<\/td>\n<td>mango redondo<\/td>\n<td>6<\/td>\n<td>bandeja<\/td>\n<td>11<\/td>\n<td>pie<\/td>\n<\/tr>\n<tr>\n<td>2<\/td>\n<td>apretar la manija<\/td>\n<td>7<\/td>\n<td>cuerpo vibrante<\/td>\n<td>12<\/td>\n<td>caparaz\u00f3n<\/td>\n<\/tr>\n<tr>\n<td>3<\/td>\n<td>anillo de apriete<\/td>\n<td>8<\/td>\n<td>primavera<\/td>\n<td>13<\/td>\n<td>motor vibratorio<\/td>\n<\/tr>\n<tr>\n<td>4<\/td>\n<td>poste vertical<\/td>\n<td>9<\/td>\n<td>Asiento de resorte<\/td>\n<td>14<\/td>\n<td>placa de cubierta<\/td>\n<\/tr>\n<tr>\n<td>5<\/td>\n<td>tamiz<\/td>\n<td>10<\/td>\n<td>pararse<\/td>\n<td>15<\/td>\n<td>interruptor de control<\/td>\n<\/tr>\n<\/tbody>\n<\/table>\n<p><strong>Par\u00e1metros t\u00e9cnicos de la potente tamizadora de prueba de vibraci\u00f3n:<\/strong><\/p>\n<table border=\"1\" cellspacing=\"1\" cellpadding=\"1\">\n<tbody>\n<tr>\n<td>NO.<\/td>\n<td>Nombre<\/td>\n<td>Unidad<\/td>\n<td>Datos<\/td>\n<\/tr>\n<tr>\n<td>1<\/td>\n<td>Tamiz est\u00e1ndar<\/td>\n<td>capa<\/td>\n<td>8<\/td>\n<\/tr>\n<tr>\n<td>2<\/td>\n<td>Di\u00e1metro<\/td>\n<td>mil\u00edmetros<\/td>\n<td>\u0424200\/ 203\/ 250\/ 300\/ 305\/ 315\/ 350\/ 400<\/td>\n<\/tr>\n<tr>\n<td>3<\/td>\n<td>Tama\u00f1o del tamiz<\/td>\n<td>mil\u00edmetros<\/td>\n<td>0.045~63<\/td>\n<\/tr>\n<tr>\n<td>4<\/td>\n<td>Ruido<\/td>\n<td>dB<\/td>\n<td>\u226450<\/td>\n<\/tr>\n<tr>\n<td>5<\/td>\n<td>Capacidad de alimentaci\u00f3n (una sola vez)<\/td>\n<td>gramo<\/td>\n<td>\u2264200<\/td>\n<\/tr>\n<tr>\n<td>6<\/td>\n<td>Amplitud<\/td>\n<td>mil\u00edmetros<\/td>\n<td>\u22645<\/td>\n<\/tr>\n<tr>\n<td>7<\/td>\n<td>Configuracion de hora<\/td>\n<td>m\u00edn.<\/td>\n<td>1~99<\/td>\n<\/tr>\n<tr>\n<td>8<\/td>\n<td>Voltaje<\/td>\n<td>V<\/td>\n<td>380<\/td>\n<\/tr>\n<tr>\n<td>9<\/td>\n<td>Velocidad de rotaci\u00f3n<\/td>\n<td>rpm<\/td>\n<td>1420<\/td>\n<\/tr>\n<tr>\n<td>10<\/td>\n<td>Fuerza<\/td>\n<td>kilovatios<\/td>\n<td>0.18*2<\/td>\n<\/tr>\n<tr>\n<td>11<\/td>\n<td>Dimensiones totales<\/td>\n<td>mil\u00edmetros<\/td>\n<td>430*430*1000<\/td>\n<\/tr>\n<tr>\n<td>12<\/td>\n<td>Altura de la bandeja del tamiz<\/td>\n<td>mil\u00edmetros<\/td>\n<td>Hasta 450<\/td>\n<\/tr>\n<tr>\n<td>13<\/td>\n<td>Peso<\/td>\n<td>Kg<\/td>\n<td>55<\/td>\n<\/tr>\n<\/tbody>\n<\/table>\n<p>&nbsp;<\/p>\n<\/div>","protected":false},"excerpt":{"rendered":"<p>Overview of Powerful Vibration Test Sieve Shaker: Powerful vibration test sieve shaker\u00a0is also called double motor test sieve shaker, lab sieve shaker, lab screen shaker, test sieve machine, standard test screening machine, testing sieve shaker, laboratory screening equipment, motor type sieve shaker, analytical sieve shaker, vibratory sieve shaker, sieve shaker machine, screen shaker, screen shaker [&hellip;]<\/p>\n","protected":false},"featured_media":1464,"template":"","meta":[],"product_brand":[],"product_cat":[39],"product_tag":[],"class_list":{"0":"post-1463","1":"product","2":"type-product","3":"status-publish","4":"has-post-thumbnail","6":"product_cat-test-sieve-shaker","8":"first","9":"instock","10":"shipping-taxable","11":"product-type-external"},"_links":{"self":[{"href":"https:\/\/www.urmachinery.com\/es\/wp-json\/wp\/v2\/product\/1463","targetHints":{"allow":["GET"]}}],"collection":[{"href":"https:\/\/www.urmachinery.com\/es\/wp-json\/wp\/v2\/product"}],"about":[{"href":"https:\/\/www.urmachinery.com\/es\/wp-json\/wp\/v2\/types\/product"}],"wp:featuredmedia":[{"embeddable":true,"href":"https:\/\/www.urmachinery.com\/es\/wp-json\/wp\/v2\/media\/1464"}],"wp:attachment":[{"href":"https:\/\/www.urmachinery.com\/es\/wp-json\/wp\/v2\/media?parent=1463"}],"wp:term":[{"taxonomy":"product_brand","embeddable":true,"href":"https:\/\/www.urmachinery.com\/es\/wp-json\/wp\/v2\/product_brand?post=1463"},{"taxonomy":"product_cat","embeddable":true,"href":"https:\/\/www.urmachinery.com\/es\/wp-json\/wp\/v2\/product_cat?post=1463"},{"taxonomy":"product_tag","embeddable":true,"href":"https:\/\/www.urmachinery.com\/es\/wp-json\/wp\/v2\/product_tag?post=1463"}],"curies":[{"name":"wp","href":"https:\/\/api.w.org\/{rel}","templated":true}]}}