{"id":1465,"date":"2024-06-01T10:00:13","date_gmt":"2024-06-01T10:00:13","guid":{"rendered":"https:\/\/www.urmachinery.com\/product\/magnetic-suspension-sieve-shaker\/"},"modified":"2024-06-07T06:30:03","modified_gmt":"2024-06-07T06:30:03","slug":"tamiz-de-suspension-magnetica","status":"publish","type":"product","link":"https:\/\/www.urmachinery.com\/es\/product\/magnetic-suspension-sieve-shaker\/","title":{"rendered":"Coctelera de tamiz de suspensi\u00f3n magn\u00e9tica"},"content":{"rendered":"<div>\n<p><strong>Descripci\u00f3n general del tamizador de suspensi\u00f3n magn\u00e9tica:<\/strong><br \/>\nEl tamiz de suspensi\u00f3n magn\u00e9tica tambi\u00e9n se llama tamiz de prueba de suspensi\u00f3n magn\u00e9tica, tamiz de prueba de suspensi\u00f3n magn\u00e9tica, tamiz est\u00e1ndar de suspensi\u00f3n magn\u00e9tica, tamiz est\u00e1ndar de suspensi\u00f3n magn\u00e9tica, agitador est\u00e1ndar de suspensi\u00f3n magn\u00e9tica, tamiz vibratorio est\u00e1ndar de suspensi\u00f3n magn\u00e9tica, m\u00e1quina de tamiz vibratorio est\u00e1ndar maglev, tamiz de prueba de doble fuerza, doble tamiz de prueba de fuerza, agitador de pantalla, agitador de tamiz, etc.<\/p>\n<p>Es una especie de criba vibratoria que combina varias funciones de vibraci\u00f3n. La vibraci\u00f3n hacia arriba y hacia abajo, el movimiento alternativo hacia adelante y hacia atr\u00e1s, el balanceo hacia la izquierda y hacia la derecha hacen que el material del interior realice un movimiento alternativo. No quedar\u00e1 ning\u00fan material en la malla. Se puede tamizar hasta 5 micras. Esta m\u00e1quina de cribado es un nuevo producto de alta tecnolog\u00eda que llena el vac\u00edo de la industria en el pa\u00eds y en el extranjero.<br \/>\n1. La vibraci\u00f3n de alta frecuencia hacia arriba y hacia abajo m\u00e1s el movimiento de oscilaci\u00f3n hacia la izquierda y hacia la derecha y hacia adelante y hacia atr\u00e1s se pueden utilizar al mismo tiempo.<br \/>\n2. El movimiento hacia adelante y hacia atr\u00e1s m\u00e1s el movimiento hacia la izquierda y hacia la derecha se pueden utilizar solos.<br \/>\n3. La vibraci\u00f3n de alta frecuencia hacia arriba y hacia abajo se puede utilizar sola.<br \/>\n4. La eficiencia del cribado es alta y puede tamizar hasta 5um.<\/p>\n<p><img decoding=\"async\" src=\"https:\/\/urmachinery.com\/uploads\/allimg\/180524\/1-1P52411301TF.jpg\" alt=\"Tamiz de prueba\" \/><\/p>\n<p>Esta tamizadora de prueba es un nuevo tipo de equipo de detecci\u00f3n de vibraciones que integra movimiento f\u00edsico mec\u00e1nico y vibraci\u00f3n electromagn\u00e9tica de alta frecuencia, estos dos tipos de vibraci\u00f3n f\u00edsica. Los par\u00e1metros de trabajo est\u00e1n en l\u00ednea con los est\u00e1ndares de la industria nacional, coincidiendo con el tamiz de prueba y el tamiz de muestra a utilizar. Se utiliza para la industria qu\u00edmica, metalurgia, abrasiva, alimentaria, medicinal y otras industrias de detecci\u00f3n, pruebas y producci\u00f3n.<\/p>\n<p><strong>Principio de funcionamiento de la tamizadora de suspensi\u00f3n magn\u00e9tica:<\/strong><br \/>\nLa tamizadora de suspensi\u00f3n magn\u00e9tica toma el electromagnetismo y el dispositivo de inicio de vibraci\u00f3n como fuente de vibraci\u00f3n. Despu\u00e9s del encendido, el dispositivo electromagn\u00e9tico forma un campo magn\u00e9tico y el dispositivo de inicio de vibraci\u00f3n queda suspendido en el medio del campo magn\u00e9tico, formando vibraciones de alta frecuencia hacia arriba y hacia abajo. Y luego, a trav\u00e9s de la bandeja inferior, la vibraci\u00f3n se transmite a un conjunto de tamices de grueso a fino que se colocan en la bandeja, lo que hace que los materiales en el tamiz de prueba y el tamiz de muestra realicen vibraciones y movimientos de ida y vuelta hacia arriba y hacia abajo, hacia izquierda y derecha. . De modo que solo quede el mismo tama\u00f1o de part\u00edcula de materiales en cada capa del tamiz de prueba y del tamiz de muestra, logrando la separaci\u00f3n de diferentes granos.<\/p>\n<p><strong>Caracter\u00edsticas del tamizador de suspensi\u00f3n magn\u00e9tica:<\/strong><br \/>\n1. Fuerte estabilidad.<br \/>\nAdopte el modo de conducci\u00f3n con engranajes accionados por \u201ccorrea s\u00edncrona\u201d, con transmisi\u00f3n precisa y buena consistencia. La relaci\u00f3n de velocidad es precisa, sin reducci\u00f3n de velocidad ni fen\u00f3meno de deslizamiento de la correa. El dispositivo est\u00e1 equipado con un temporizador con pantalla digital. Se apagar\u00e1 autom\u00e1ticamente cuando se establezca la hora.<\/p>\n<p>2. Bajo costo de mantenimiento.<br \/>\nDebido al uso de una conexi\u00f3n de &quot;correa s\u00edncrona&quot; entre los dos engranajes, el engranaje no se desgastar\u00e1 y tendr\u00e1 una larga vida \u00fatil. (solo es necesario reemplazar la \u201ccorrea s\u00edncrona\u201d)<br \/>\nLa rueda exc\u00e9ntrica adopta la forma integral. La instalaci\u00f3n es f\u00e1cil y precisa. Y el rodamiento utilizado en la pieza de transmisi\u00f3n adopta la pieza est\u00e1ndar, que no es f\u00e1cil de desgastar. Con un bajo coste y f\u00e1cil sustituci\u00f3n.<\/p>\n<p>3. Alta eficiencia de detecci\u00f3n.<br \/>\nEl m\u00e9todo de cribado tiene 3 tipos de movimiento: ida y vuelta, oscilaci\u00f3n y vibraci\u00f3n. No bloquear\u00e1 la malla de la pantalla. La velocidad del material es r\u00e1pida y el tamizado es minucioso.<\/p>\n<p>4. Tama\u00f1o peque\u00f1o, limpio y f\u00e1cil de operar.<br \/>\nCada funci\u00f3n se puede operar por separado en el panel de control. El controlador de sincronizaci\u00f3n puede ajustar el tiempo de trabajo en cualquier momento.<br \/>\nEl dise\u00f1o es novedoso, la estructura es m\u00e1s razonable y cient\u00edfica, la apariencia es hermosa y el ruido es bajo.<\/p>\n<p><strong>Aplicaci\u00f3n de la tamizadora de suspensi\u00f3n magn\u00e9tica:<\/strong><br \/>\nAmpliamente utilizado en miner\u00eda, exploraci\u00f3n, geolog\u00eda, qu\u00edmica, farmac\u00e9utica, colorantes, biol\u00f3gicos, abrasivos, alimentos, t\u00e9, escuelas, cer\u00e1mica, defensa nacional y otras industrias. Materiales aplicables: part\u00edculas finas, polvo met\u00e1lico, t\u00f3ner, polvo qu\u00edmico, polvo alimentario, polvo farmac\u00e9utico, polvo de diamante, materiales de construcci\u00f3n, tintes, cer\u00e1mica, caucho, papel, polvo seco y h\u00famedo y otros materiales.<\/p>\n<p><strong>Par\u00e1metros principales de la tamizadora de suspensi\u00f3n magn\u00e9tica:\u00a0<\/strong><\/p>\n<table border=\"1\" cellspacing=\"1\" cellpadding=\"1\">\n<tbody>\n<tr>\n<td>NO.<\/td>\n<td>Nombre<\/td>\n<td>Datos<\/td>\n<\/tr>\n<tr>\n<td>1<\/td>\n<td>Di\u00e1metro de la pantalla<\/td>\n<td>\u03a6200mm, \u03a6100mm, \u03a675mm<\/td>\n<\/tr>\n<tr>\n<td>2<\/td>\n<td>Capa<\/td>\n<td>1~8 capas<\/td>\n<\/tr>\n<tr>\n<td>3<\/td>\n<td>Tiempos de temblor<\/td>\n<td>290 veces\/minuto<\/td>\n<\/tr>\n<tr>\n<td>4<\/td>\n<td>Distancia de ida y vuelta<\/td>\n<td>25mm<\/td>\n<\/tr>\n<tr>\n<td>5<\/td>\n<td>Horarios de ida y vuelta<\/td>\n<td>290 veces\/minuto<\/td>\n<\/tr>\n<tr>\n<td>6<\/td>\n<td>Tiempos de vibraci\u00f3n<\/td>\n<td>3000 veces\/minuto<\/td>\n<\/tr>\n<tr>\n<td>7<\/td>\n<td>Amplitud<\/td>\n<td>0~3mm<\/td>\n<\/tr>\n<tr>\n<td>8<\/td>\n<td>Fuerza<\/td>\n<td>0,37 KW<\/td>\n<\/tr>\n<tr>\n<td>9<\/td>\n<td>Velocidad de rotaci\u00f3n<\/td>\n<td>1400 rpm<\/td>\n<\/tr>\n<tr>\n<td>10<\/td>\n<td>Dimensi\u00f3n<\/td>\n<td>660mm*470mm*800mm<\/td>\n<\/tr>\n<tr>\n<td>11<\/td>\n<td>Peso<\/td>\n<td>105 kg<\/td>\n<\/tr>\n<\/tbody>\n<\/table>\n<p><strong>Nota: Todos los datos t\u00e9cnicos y el tama\u00f1o de nuestros productos se basan en objetos f\u00edsicos.<\/strong><\/p>\n<\/div>","protected":false},"excerpt":{"rendered":"<p>Overview of\u00a0Magnetic Suspension Sieve Shaker: Magnetic\u00a0suspension sieve shaker is\u00a0also called magnetic suspension test screen, magnetic suspension test sieve, magnetic suspension standard screen, magnetic suspension standard sieve, magnetic suspension standard shaker, magnetic suspension standard vibrating screen, maglev standard vibrating screen machine, double force test screen, double force test sieve, screen shaker, sieve shaker etc. It is [&hellip;]<\/p>\n","protected":false},"featured_media":3153,"template":"","meta":[],"product_brand":[],"product_cat":[39],"product_tag":[1014,1218,1219,956],"class_list":{"0":"post-1465","1":"product","2":"type-product","3":"status-publish","4":"has-post-thumbnail","6":"product_cat-test-sieve-shaker","7":"product_tag-lab-sieve-shaker","8":"product_tag-magnetic-suspension-sieve-shaker","9":"product_tag-sieve-shaker-manufacturer","10":"product_tag-test-sieve-shaker","12":"first","13":"instock","14":"shipping-taxable","15":"product-type-external"},"_links":{"self":[{"href":"https:\/\/www.urmachinery.com\/es\/wp-json\/wp\/v2\/product\/1465","targetHints":{"allow":["GET"]}}],"collection":[{"href":"https:\/\/www.urmachinery.com\/es\/wp-json\/wp\/v2\/product"}],"about":[{"href":"https:\/\/www.urmachinery.com\/es\/wp-json\/wp\/v2\/types\/product"}],"wp:featuredmedia":[{"embeddable":true,"href":"https:\/\/www.urmachinery.com\/es\/wp-json\/wp\/v2\/media\/3153"}],"wp:attachment":[{"href":"https:\/\/www.urmachinery.com\/es\/wp-json\/wp\/v2\/media?parent=1465"}],"wp:term":[{"taxonomy":"product_brand","embeddable":true,"href":"https:\/\/www.urmachinery.com\/es\/wp-json\/wp\/v2\/product_brand?post=1465"},{"taxonomy":"product_cat","embeddable":true,"href":"https:\/\/www.urmachinery.com\/es\/wp-json\/wp\/v2\/product_cat?post=1465"},{"taxonomy":"product_tag","embeddable":true,"href":"https:\/\/www.urmachinery.com\/es\/wp-json\/wp\/v2\/product_tag?post=1465"}],"curies":[{"name":"wp","href":"https:\/\/api.w.org\/{rel}","templated":true}]}}