{"id":1467,"date":"2024-06-05T02:00:01","date_gmt":"2024-06-05T02:00:01","guid":{"rendered":"https:\/\/www.urmachinery.com\/product\/tap-test-sieve-shaker-2\/"},"modified":"2024-06-07T05:56:10","modified_gmt":"2024-06-07T05:56:10","slug":"tamiz-de-prueba-de-grifo-2","status":"publish","type":"product","link":"https:\/\/www.urmachinery.com\/es\/product\/tap-test-sieve-shaker-2\/","title":{"rendered":"Tamiz de prueba de grifo"},"content":{"rendered":"<div>\n<p><iframe title=\"AAREAL Tamiz de prueba de golpeteo\" width=\"800\" height=\"600\" src=\"https:\/\/www.youtube.com\/embed\/Newt2XipEpk?feature=oembed\" frameborder=\"0\" allow=\"accelerometer; autoplay; clipboard-write; encrypted-media; gyroscope; picture-in-picture; web-share\" referrerpolicy=\"strict-origin-when-cross-origin\" allowfullscreen><\/iframe><\/p>\n<p><strong>Descripci\u00f3n general del agitador de tamiz Tap:<\/strong><br \/>\nLa tamizadora de prueba de grifo tambi\u00e9n se conoce como tamiz de prueba de vibraci\u00f3n de grifo, pantalla de prueba de vibraci\u00f3n de grifo, tamizadora de grifo est\u00e1ndar, pantalla de prueba de vibraci\u00f3n de golpeteo est\u00e1ndar, tamiz de prueba de vibraci\u00f3n de bofetada est\u00e1ndar, tamizadora de prueba ro-tap, tamizadora de prueba ro-tap, ro -tamiz de grifo, tamizador rotap, tamizador de prueba rotap, tamiz rotap, tamiz motorizado ro-tap, tamizador motorizado rotap, m\u00e1quina de criba rotap, m\u00e1quina de criba ro-tap, tamiz de prueba ro-tap, tamiz de prueba rotap, criba vibratoria de palmada, m\u00e1quina de tamiz de jadeo, m\u00e1quina de tamizado de arena, m\u00e1quina de tamizado de arena, m\u00e1quina de criba de prueba de vibraci\u00f3n de aleteo, tamiz de prueba de vibraci\u00f3n de batido, clasificador, tamiz de jigging, tamizadora, m\u00e1quina de tamizado, tamiz agitador, agitador de criba, etc.<br \/>\nEl tamiz de prueba de grifo puede equiparse con una protecci\u00f3n insonorizada seg\u00fan los requisitos.<br \/>\nEl tamizador de grifo (tipo correa s\u00edncrona) fabricado por nuestra empresa cumple con los productos internacionales. Los par\u00e1metros de trabajo cumplen con los est\u00e1ndares nacionales. Con tamiz de prueba y tamiz de muestra, se puede utilizar para metalurgia, industria qu\u00edmica, abrasivos, materiales s\u00faper duros, piensos, alimentos, medicinas y otras industrias, controlando la producci\u00f3n e inspecci\u00f3n de los materiales en polvo.<\/p>\n<div><img fetchpriority=\"high\" decoding=\"async\" class=\"\" src=\"https:\/\/urmachinery.com\/uploads\/allimg\/180509\/1-1P509143305148.png\" alt=\"tamiz giratorio\" width=\"495\" height=\"344\" \/><\/div>\n<div>\u00a0 \u00a0 \u00a0 \u00a0 \u00a0 \u00a0 \u00a0 \u00a0 \u00a0 \u00a0 \u00a0 \u00a0 \u00a0Nuevo estilo desarrollado por nuestra empresa.<br \/>\n<img decoding=\"async\" src=\"https:\/\/urmachinery.com\/uploads\/allimg\/180509\/1-1P509143334520.png\" alt=\"tamiz giratorio\" \/><img decoding=\"async\" src=\"https:\/\/urmachinery.com\/uploads\/allimg\/180509\/1-1P509143350920.png\" alt=\"tamiz giratorio\" \/><br \/>\nSingle Seated Type\u00a0 \u00a0 \u00a0 \u00a0 \u00a0 \u00a0 \u00a0 \u00a0 \u00a0 \u00a0 \u00a0 \u00a0 \u00a0 \u00a0 \u00a0 \u00a0Double Seat Type<\/div>\n<p><strong>Principio de funcionamiento del tamizador de grifo:<\/strong><br \/>\nEl motor impulsa el cambio de velocidad del engranaje a trav\u00e9s de la correa s\u00edncrona, haciendo girar el eje principal. Y luego el eje principal impulsa la rueda exc\u00e9ntrica para hacer que la placa deslizante mueva el tamiz de prueba hacia la izquierda y hacia la derecha. Al mismo tiempo, hace girar el engranaje superior, golpea el martillo y golpea el tamiz de prueba, formando materiales en el tamiz de prueba y en el tamiz de muestra capa por capa. De esta manera, las personas pueden obtener con precisi\u00f3n materiales de m\u00faltiples rangos de tama\u00f1o de part\u00edculas al mismo tiempo, logrando prop\u00f3sitos de detecci\u00f3n precisos y r\u00e1pidos.<\/p>\n<p><strong>Caracter\u00edsticas de Tap Sieve Shaker:<\/strong><br \/>\n1. La reproducibilidad del resultado de la prueba es buena.<br \/>\n2. Puede equiparse con tamices de 200 mm o 205 mm, de 1 a 8 capas.<br \/>\n3. Operaci\u00f3n simple, sin reabastecimiento de combustible, limpia, higi\u00e9nica y conveniente.<br \/>\n4. Selecci\u00f3n de accesorios de alta calidad, estructura razonable y baja tasa de fallas.<br \/>\n5. Potencia de conducci\u00f3n de correa s\u00edncrona completa, mantenimiento r\u00e1pido y sencillo.<br \/>\n6. Se puede instalar una cubierta protectora de sonido para evitar el ruido.<br \/>\n7. Transmisi\u00f3n precisa, buena consistencia.<br \/>\n8. Larga vida \u00fatil y bajo coste de mantenimiento.<br \/>\n9. Alta eficiencia de detecci\u00f3n.<br \/>\n10. Limpiar.<\/p>\n<p><strong>Aplicaci\u00f3n de Tap Sieve Shaker:<\/strong><br \/>\nSe utiliza principalmente en diamantes y otros materiales de alto valor, que requieren un cribado preciso de la industria abrasiva. Es ampliamente utilizado en metalurgia, polvos, productos qu\u00edmicos, farmac\u00e9uticos, materiales de construcci\u00f3n, geolog\u00eda, alimentaci\u00f3n, defensa y otros departamentos de investigaci\u00f3n y producci\u00f3n cient\u00edfica, laboratorio y sala de inspecci\u00f3n de calidad, para part\u00edculas y materiales en polvo, estructura granular y art\u00edculos diversos. Cantidad de cribado est\u00e1ndar. , prueba de tamiz de filtraci\u00f3n e inspecci\u00f3n. El dispositivo est\u00e1 equipado con un dispositivo de cronometraje para garantizar la precisi\u00f3n y repetibilidad de los resultados de las pruebas del usuario.<\/p>\n<p><strong>Par\u00e1metros t\u00e9cnicos del tamizador de grifo:<\/strong><\/p>\n<table border=\"1\" cellspacing=\"1\" cellpadding=\"1\">\n<tbody>\n<tr>\n<td>NO.<\/td>\n<td>Nombre<\/td>\n<td>Valor<\/td>\n<td>Unidad<\/td>\n<\/tr>\n<tr>\n<td>1<\/td>\n<td>Di\u00e1metro<\/td>\n<td>300, 200, 150, 100, 75<\/td>\n<td>mil\u00edmetros<\/td>\n<\/tr>\n<tr>\n<td>2<\/td>\n<td>Capa<\/td>\n<td>5~7<\/td>\n<td>Capa<\/td>\n<\/tr>\n<tr>\n<td>3<\/td>\n<td>Tiempos de temblor<\/td>\n<td>290\u00b110<\/td>\n<td>veces\/min<\/td>\n<\/tr>\n<tr>\n<td>4<\/td>\n<td>Tiempos de tapping<\/td>\n<td>156\u00b110<\/td>\n<td>veces\/min<\/td>\n<\/tr>\n<tr>\n<td>5<\/td>\n<td>Viaje alternativo<\/td>\n<td>25<\/td>\n<td>mil\u00edmetros<\/td>\n<\/tr>\n<tr>\n<td>6<\/td>\n<td>Altura de golpeteo<\/td>\n<td>38\u00b16<\/td>\n<td>mil\u00edmetros<\/td>\n<\/tr>\n<tr>\n<td>7<\/td>\n<td>Fuerza<\/td>\n<td>370<\/td>\n<td>W.<\/td>\n<\/tr>\n<tr>\n<td>8<\/td>\n<td>Voltaje<\/td>\n<td>380, 220<\/td>\n<td>V<\/td>\n<\/tr>\n<tr>\n<td>9<\/td>\n<td>Dimensiones<\/td>\n<td>H700*L460*W420<\/td>\n<td>mil\u00edmetros<\/td>\n<\/tr>\n<tr>\n<td>10<\/td>\n<td>Peso<\/td>\n<td>100<\/td>\n<td>KG<\/td>\n<\/tr>\n<\/tbody>\n<\/table>\n<p>Nota: Todos los datos t\u00e9cnicos y dimensiones de nuestros productos estar\u00e1n sujetos a objetos f\u00edsicos.<\/p>\n<p><strong>Diagrama de estructura del tamizador de grifo:<\/strong><\/p>\n<p><img decoding=\"async\" src=\"https:\/\/urmachinery.com\/uploads\/allimg\/180509\/1-1P50914433Hb.png\" alt=\"dibujo de tamiz rotap\" \/><\/p>\n<table border=\"1\" cellspacing=\"1\" cellpadding=\"1\">\n<tbody>\n<tr>\n<td>NO.<\/td>\n<td>Nombre<\/td>\n<\/tr>\n<tr>\n<td>1<\/td>\n<td>martillo<\/td>\n<\/tr>\n<tr>\n<td>2<\/td>\n<td>pin de nocaut<\/td>\n<\/tr>\n<tr>\n<td>3<\/td>\n<td>rueda exc\u00e9ntrica<\/td>\n<\/tr>\n<tr>\n<td>4<\/td>\n<td>motor<\/td>\n<\/tr>\n<tr>\n<td>5<\/td>\n<td>engranaje del motor<\/td>\n<\/tr>\n<tr>\n<td>6<\/td>\n<td>cintur\u00f3n s\u00edncrono<\/td>\n<\/tr>\n<tr>\n<td>7<\/td>\n<td>caja<\/td>\n<\/tr>\n<tr>\n<td>8<\/td>\n<td>placa deslizante inferior<\/td>\n<\/tr>\n<tr>\n<td>9<\/td>\n<td>bandeja<\/td>\n<\/tr>\n<\/tbody>\n<\/table>\n<p>&nbsp;<\/p>\n<\/div>","protected":false},"excerpt":{"rendered":"<p>Overview of Tap Sieve Shaker: Tap test sieve shaker is also known as the tap vibration test sieve, tap vibration test screen, standard tap sieve shaker,\u00a0standard tapping vibration test screen, standard slap vibration test sieve, ro-tap\u00a0sieve shaker, ro-tap test sieve shaker, ro-tap sieve, rotap sieve shaker, rotap test sieve shaker, rotap sieve, ro-tap motorized sieve [&hellip;]<\/p>\n","protected":false},"featured_media":2963,"template":"","meta":[],"product_brand":[],"product_cat":[39],"product_tag":[953,954,955,956],"class_list":{"0":"post-1467","1":"product","2":"type-product","3":"status-publish","4":"has-post-thumbnail","6":"product_cat-test-sieve-shaker","7":"product_tag-rotap-sieve","8":"product_tag-rotap-sieve-shaker","9":"product_tag-tap-sieve-shaker","10":"product_tag-test-sieve-shaker","12":"first","13":"instock","14":"shipping-taxable","15":"product-type-external"},"_links":{"self":[{"href":"https:\/\/www.urmachinery.com\/es\/wp-json\/wp\/v2\/product\/1467","targetHints":{"allow":["GET"]}}],"collection":[{"href":"https:\/\/www.urmachinery.com\/es\/wp-json\/wp\/v2\/product"}],"about":[{"href":"https:\/\/www.urmachinery.com\/es\/wp-json\/wp\/v2\/types\/product"}],"wp:featuredmedia":[{"embeddable":true,"href":"https:\/\/www.urmachinery.com\/es\/wp-json\/wp\/v2\/media\/2963"}],"wp:attachment":[{"href":"https:\/\/www.urmachinery.com\/es\/wp-json\/wp\/v2\/media?parent=1467"}],"wp:term":[{"taxonomy":"product_brand","embeddable":true,"href":"https:\/\/www.urmachinery.com\/es\/wp-json\/wp\/v2\/product_brand?post=1467"},{"taxonomy":"product_cat","embeddable":true,"href":"https:\/\/www.urmachinery.com\/es\/wp-json\/wp\/v2\/product_cat?post=1467"},{"taxonomy":"product_tag","embeddable":true,"href":"https:\/\/www.urmachinery.com\/es\/wp-json\/wp\/v2\/product_tag?post=1467"}],"curies":[{"name":"wp","href":"https:\/\/api.w.org\/{rel}","templated":true}]}}