{"id":1470,"date":"2024-06-05T01:00:03","date_gmt":"2024-06-05T01:00:03","guid":{"rendered":"https:\/\/www.urmachinery.com\/product\/electromagnetic-test-sieve-shaker\/"},"modified":"2024-06-07T05:55:55","modified_gmt":"2024-06-07T05:55:55","slug":"tamiz-de-prueba-electromagnetico","status":"publish","type":"product","link":"https:\/\/www.urmachinery.com\/es\/product\/electromagnetic-test-sieve-shaker\/","title":{"rendered":"Tamizadora de prueba electromagn\u00e9tica"},"content":{"rendered":"<div>\n<p><iframe title=\"Tamizadora de prueba AAREAL AT-200\" width=\"800\" height=\"600\" src=\"https:\/\/www.youtube.com\/embed\/EyrL6JTA9po?feature=oembed\" frameborder=\"0\" allow=\"accelerometer; autoplay; clipboard-write; encrypted-media; gyroscope; picture-in-picture; web-share\" referrerpolicy=\"strict-origin-when-cross-origin\" allowfullscreen><\/iframe><\/p>\n<p><strong>Descripci\u00f3n general del tamizador de prueba:<\/strong><br \/>\nLa tamizadora de prueba electromagn\u00e9tica tambi\u00e9n se llama tamizadora de laboratorio, tamizadora de laboratorio, m\u00e1quina de tamiz de prueba, m\u00e1quina de tamiz de prueba est\u00e1ndar, tamizadora de prueba, equipo de detecci\u00f3n de laboratorio, tamizadora electromagn\u00e9tica, tamizadora anal\u00edtica, tamizadora vibratoria, m\u00e1quina tamizadora, tamizadora , m\u00e1quina agitadora de criba, criba vibratoria est\u00e1ndar electromagn\u00e9tica, etc. Se puede utilizar tanto para cribado en seco como para cribado en h\u00famedo.<br \/>\nEl tamiz de prueba se puede utilizar en combinaci\u00f3n con la pantalla de prueba para tamizar el material con un material ultraligero, superfino y f\u00e1cil de unir.<br \/>\nEste tamizador se utiliza ampliamente en el an\u00e1lisis de part\u00edculas de las industrias farmac\u00e9utica, metal\u00fargica, alimentaria, de materiales superduros y otras.<\/p>\n<p><strong>Principio de funcionamiento del tamizador de prueba:<\/strong><br \/>\nEl tamiz de prueba electromagn\u00e9tico est\u00e1ndar adopta un vibrador electromagn\u00e9tico como fuente de vibraci\u00f3n. El vibrador electromagn\u00e9tico hace vibrar la base de la m\u00e1quina y luego pasa la vibraci\u00f3n a trav\u00e9s de la base a un conjunto de pantallas de prueba est\u00e1ndar que est\u00e1n dispuestas de vibraci\u00f3n gruesa a fina, de alta frecuencia, hacia arriba y hacia abajo. Al mismo tiempo, el motor de vibraci\u00f3n (o mecanismo alternativo) instalado en la parte inferior esparce el material.<br \/>\nEl material vibra en la superficie del tamiz de la criba de inspecci\u00f3n est\u00e1ndar, lo que hace que las part\u00edculas del material sean m\u00e1s peque\u00f1as que el orificio de la malla del tamiz de prueba para ser tamizadas en la capa inferior. Dichas capas de cribado hacen que cada capa de tamiz de prueba solo deje el material con el mismo tama\u00f1o, logrando la separaci\u00f3n de diferente granularidad y determinando la composici\u00f3n granulom\u00e9trica del material.<\/p>\n<p><strong>Aplicaci\u00f3n del tamiz de prueba:<\/strong><br \/>\nEl tamiz de prueba electromagn\u00e9tico se usa ampliamente en alimentos, medicinas, productos qu\u00edmicos, abrasivos, pigmentos, minas, metalurgia, geolog\u00eda, cer\u00e1mica, defensa nacional y otras industrias de unidades de investigaci\u00f3n cient\u00edfica, laboratorios y departamentos de control de producci\u00f3n para s\u00f3lidos, polvos, lodos y otros materiales. inspecci\u00f3n, cribado, clasificaci\u00f3n, an\u00e1lisis de tama\u00f1o de part\u00edculas, an\u00e1lisis de contenido de art\u00edculos diversos, etc.<\/p>\n<p><strong>Caracter\u00edsticas del tamiz de prueba:<\/strong><br \/>\n1. Adopte un control de circuito integrado avanzado, f\u00e1cil operaci\u00f3n.<br \/>\n2. Se pueden instalar 8 piezas de tamices y una pieza de cubierta inferior.<br \/>\n3. Puede usarse no solo para cribado de polvo, sino tambi\u00e9n para an\u00e1lisis de finura de lodos.<br \/>\n4. Poco ruido, peso ligero, no es necesario arreglarlo.<br \/>\n5. La frecuencia y amplitud de la vibraci\u00f3n se pueden ajustar de manera efectiva.<br \/>\n6. Los materiales tamizados rebotan y tambi\u00e9n realizan movimientos circulares, para que el cribado sea m\u00e1s completo.<br \/>\n7. La altura se puede ajustar seg\u00fan el margen del pie.<br \/>\n8. Se puede observar el proceso de selecci\u00f3n.<\/p>\n<p><strong>Par\u00e1metros t\u00e9cnicos de la tamizadora de prueba:<\/strong><\/p>\n<table border=\"1\" cellspacing=\"1\" cellpadding=\"1\">\n<tbody>\n<tr>\n<td>NO.<\/td>\n<td>Nombre<\/td>\n<td>Datos<\/td>\n<\/tr>\n<tr>\n<td>1<\/td>\n<td>Di\u00e1metro<\/td>\n<td>\u03c6200mm, \u03c6100mm, \u03c675mm<\/td>\n<\/tr>\n<tr>\n<td>2<\/td>\n<td>Capa<\/td>\n<td>1~8 capas<\/td>\n<\/tr>\n<tr>\n<td>3<\/td>\n<td>Modo de vibraci\u00f3n<\/td>\n<td>vibraci\u00f3n fina, vibraci\u00f3n continua<\/td>\n<\/tr>\n<tr>\n<td>4<\/td>\n<td>Frecuencia de vibraci\u00f3n<\/td>\n<td>3000 veces\/min, 6000 veces\/min<\/td>\n<\/tr>\n<tr>\n<td>5<\/td>\n<td>Ruido<\/td>\n<td>&lt;50dB<\/td>\n<\/tr>\n<tr>\n<td>6<\/td>\n<td>Fuente de alimentaci\u00f3n<\/td>\n<td>CA 220V\/50HZ<\/td>\n<\/tr>\n<tr>\n<td>7<\/td>\n<td>Amplitud<\/td>\n<td>0~3mm<\/td>\n<\/tr>\n<tr>\n<td>8<\/td>\n<td>Peso<\/td>\n<td>30KG<\/td>\n<\/tr>\n<\/tbody>\n<\/table>\n<p><img decoding=\"async\" src=\"https:\/\/urmachinery.com\/uploads\/allimg\/180524\/1-1P524114629594.jpg\" alt=\"agitador de tamiz de prueba\" \/><img decoding=\"async\" src=\"https:\/\/urmachinery.com\/uploads\/allimg\/180524\/1-1P524114G13V.jpg\" alt=\"\" \/><\/p>\n<\/div>","protected":false},"excerpt":{"rendered":"<p>Overview of Test Sieve Shaker: Electromagnetic test sieve shaker\u00a0is\u00a0also called lab sieve shaker, lab screen shaker, test sieve machine, standard test screening machine, testing sieve shaker, laboratory screening equipment, electromagnetic sieve shaker, analytical sieve shaker, vibratory sieve shaker, sieve shaker machine, screen shaker, screen shaker machine, electromagnetic standard vibrating screen etc. It can be used [&hellip;]<\/p>\n","protected":false},"featured_media":3154,"template":"","meta":[],"product_brand":[],"product_cat":[39],"product_tag":[1222,1221,1220],"class_list":{"0":"post-1470","1":"product","2":"type-product","3":"status-publish","4":"has-post-thumbnail","6":"product_cat-test-sieve-shaker","7":"product_tag-electromagnetic-lab-sieve-shaker","8":"product_tag-electromagnetic-sieve-shaker","9":"product_tag-electromagnetic-test-sieve-shaker","11":"first","12":"instock","13":"shipping-taxable","14":"product-type-external"},"_links":{"self":[{"href":"https:\/\/www.urmachinery.com\/es\/wp-json\/wp\/v2\/product\/1470","targetHints":{"allow":["GET"]}}],"collection":[{"href":"https:\/\/www.urmachinery.com\/es\/wp-json\/wp\/v2\/product"}],"about":[{"href":"https:\/\/www.urmachinery.com\/es\/wp-json\/wp\/v2\/types\/product"}],"wp:featuredmedia":[{"embeddable":true,"href":"https:\/\/www.urmachinery.com\/es\/wp-json\/wp\/v2\/media\/3154"}],"wp:attachment":[{"href":"https:\/\/www.urmachinery.com\/es\/wp-json\/wp\/v2\/media?parent=1470"}],"wp:term":[{"taxonomy":"product_brand","embeddable":true,"href":"https:\/\/www.urmachinery.com\/es\/wp-json\/wp\/v2\/product_brand?post=1470"},{"taxonomy":"product_cat","embeddable":true,"href":"https:\/\/www.urmachinery.com\/es\/wp-json\/wp\/v2\/product_cat?post=1470"},{"taxonomy":"product_tag","embeddable":true,"href":"https:\/\/www.urmachinery.com\/es\/wp-json\/wp\/v2\/product_tag?post=1470"}],"curies":[{"name":"wp","href":"https:\/\/api.w.org\/{rel}","templated":true}]}}