{"id":1478,"date":"2024-05-30T09:00:35","date_gmt":"2024-05-30T09:00:35","guid":{"rendered":"https:\/\/www.urmachinery.com\/product\/electromagnetic-vibrating-feedertechnical-parameter-of-vibrating-feedernote-production-capacity-is-calculated-according-to-the-material-volume-weight-1-6t-m3\/"},"modified":"2024-06-07T06:39:00","modified_gmt":"2024-06-07T06:39:00","slug":"alimentador-vibratorio-electromagnetico","status":"publish","type":"product","link":"https:\/\/www.urmachinery.com\/es\/product\/electromagnetic-vibrating-feeder\/","title":{"rendered":"Alimentador vibratorio electromagn\u00e9tico"},"content":{"rendered":"<div>\n<p><iframe title=\"Alimentador vibratorio electromagn\u00e9tico tipo asiento en miniatura para una alimentaci\u00f3n precisa\" width=\"800\" height=\"450\" src=\"https:\/\/www.youtube.com\/embed\/QAnVDxPNWX4?feature=oembed\" frameborder=\"0\" allow=\"accelerometer; autoplay; clipboard-write; encrypted-media; gyroscope; picture-in-picture; web-share\" referrerpolicy=\"strict-origin-when-cross-origin\" allowfullscreen><\/iframe><\/p>\n<p><strong>Descripci\u00f3n general del alimentador vibratorio:<\/strong><br \/>\nEl alimentador de vibraci\u00f3n electromagn\u00e9tica tambi\u00e9n se llama alimentador accionado por vibraci\u00f3n magn\u00e9tica, alimentador actuado, alimentador vibratorio de accionamiento electromagn\u00e9tico. Impulsado por un excitador de vibraci\u00f3n electromagn\u00e9tica, se usa ampliamente para la alimentaci\u00f3n de material en polvo y granular, el procesamiento por lotes y el envasado autom\u00e1tico cuantitativo y otros procesos de producci\u00f3n.<\/p>\n<p><strong>Principio de funcionamiento del alimentador vibratorio:<\/strong><br \/>\nEl alimentador vibratorio electromagn\u00e9tico adopta un tipo alternativo de ranura lineal. Est\u00e1 compuesto por canal, excitador de vibraci\u00f3n electromagn\u00e9tica y amortiguador. El material se puede cribar sin direcci\u00f3n. El control el\u00e9ctrico adopta el circuito rectificador de semionda, que no est\u00e1 equipado en absoluto con piezas giratorias. Y utiliza el principio del movimiento de microlanzamiento para alimentar el material.<br \/>\nCon la caja de control de estabilizaci\u00f3n de amplitud autom\u00e1tica, no puede verse afectada por la fluctuaci\u00f3n de voltaje de la fuente de alimentaci\u00f3n y mejorar la precisi\u00f3n de la alimentaci\u00f3n.<br \/>\nEn comparaci\u00f3n con otros tipos de comedero, tiene las caracter\u00edsticas de tama\u00f1o peque\u00f1o, peso ligero, estructura simple, bajo consumo de energ\u00eda y ajuste continuo de la cantidad de alimentaci\u00f3n.<\/p>\n<p><strong>Aplicaci\u00f3n del alimentador vibratorio:<\/strong><br \/>\nEl alimentador de vibraci\u00f3n electromagn\u00e9tica se usa ampliamente en la industria ligera, la industria qu\u00edmica, el procesamiento de granos, la industria comercial y otras industrias, para la alimentaci\u00f3n de material en polvo y granular, el procesamiento por lotes y el envasado autom\u00e1tico cuantitativo y otros procesos de producci\u00f3n. Y puede realizar control centralizado y control autom\u00e1tico.<\/p>\n<p><strong>Caracter\u00edsticas del alimentador vibratorio:<\/strong><br \/>\n1. El proceso de alimentaci\u00f3n es completamente autom\u00e1tico. El desgaste de la ranura es peque\u00f1o y la m\u00e1quina es f\u00e1cil de mantener.<br \/>\n2. Puede transportar altas temperaturas, abrasi\u00f3n grave y materiales corrosivos.<br \/>\n3. La caja de control puede realizar ajustes manuales y autom\u00e1ticos. Simplemente col\u00f3quelo en el banco de trabajo.<br \/>\n4. Se pueden agregar 1 o 2 capas de cribas al comedero para utilizarlo como un peque\u00f1o equipo de criba vibratoria.<br \/>\n5. Se puede aplicar el voltaje m\u00ednimo de 220V. Y se puede utilizar cuando el voltaje es extremadamente inestable.<br \/>\n6. Es de tama\u00f1o peque\u00f1o y liviano. Est\u00e1 configurado seg\u00fan diferentes especificaciones. El peso m\u00ednimo puede ser de 4 kilogramos.<br \/>\n7. La frecuencia de vibraci\u00f3n es estable. La fuerza de vibraci\u00f3n es 3000 y la amplitud doble es de 1,5 mm. La potencia efectiva del producto puede alcanzar los 50W. Ahorro de energ\u00eda, alto rendimiento de seguridad operativa.<\/p>\n<h3>Par\u00e1metro t\u00e9cnico del alimentador vibratorio:<\/h3>\n<table align=\"center\">\n<tbody>\n<tr>\n<td colspan=\"2\">Modelo<\/td>\n<td>MVF1<\/td>\n<td>MVF2<\/td>\n<td>MVF3<\/td>\n<td>MVF4<\/td>\n<td>MVF5<\/td>\n<td>MVF6<\/td>\n<\/tr>\n<tr>\n<td colspan=\"2\">Capacidad (t\/h)<\/td>\n<td>0.1<\/td>\n<td>0.5<\/td>\n<td>1<\/td>\n<td>2<\/td>\n<td>4<\/td>\n<td>6<\/td>\n<\/tr>\n<tr>\n<td colspan=\"2\">Doble amplitud (mm)<\/td>\n<td colspan=\"6\">1.5<\/td>\n<\/tr>\n<tr>\n<td colspan=\"2\">Frecuencia de vibraci\u00f3n (r\/min)<\/td>\n<td colspan=\"6\">3000<\/td>\n<\/tr>\n<tr>\n<td colspan=\"2\">Potencia efectiva (W)<\/td>\n<td>5<\/td>\n<td>8<\/td>\n<td>20<\/td>\n<td>25<\/td>\n<td>30<\/td>\n<td>50<\/td>\n<\/tr>\n<tr>\n<td colspan=\"2\">Peso (kg)<\/td>\n<td>4<\/td>\n<td>7<\/td>\n<td>12<\/td>\n<td>18<\/td>\n<td>27<\/td>\n<td>45<\/td>\n<\/tr>\n<tr>\n<td rowspan=\"4\">Dispositivo de control<\/td>\n<td>M\u00e9todo de control<\/td>\n<td colspan=\"6\">Rectificaci\u00f3n controlable de media onda<\/td>\n<\/tr>\n<tr>\n<td>Voltaje de suministro<\/td>\n<td colspan=\"6\">220V<\/td>\n<\/tr>\n<tr>\n<td>Frecuencia<\/td>\n<td colspan=\"6\">50HZ<\/td>\n<\/tr>\n<tr>\n<td>Corriente (A)<\/td>\n<td>0.10<\/td>\n<td>0.15<\/td>\n<td>0.20<\/td>\n<td>0.30<\/td>\n<td>0.35<\/td>\n<td>0.80<\/td>\n<\/tr>\n<\/tbody>\n<\/table>\n<h3>Nota: La capacidad de producci\u00f3n se calcula seg\u00fan el peso del volumen del material 1,6 t\/m3.<\/h3>\n<p>Excitador de vibraci\u00f3n electromagn\u00e9tica para alimentador vibratorio:<\/p>\n<p><img decoding=\"async\" src=\"https:\/\/urmachinery.com\/uploads\/allimg\/180428\/1-1P42Q41440U1.png\" alt=\"Excitador de vibraci\u00f3n\" \/><img decoding=\"async\" src=\"https:\/\/urmachinery.com\/uploads\/allimg\/180428\/1-1P42Q41459619.png\" alt=\"\" \/><img decoding=\"async\" src=\"https:\/\/urmachinery.com\/uploads\/allimg\/180428\/1-1P42Q4151N24.png\" alt=\"Excitador de vibraci\u00f3n\" \/><img decoding=\"async\" src=\"https:\/\/urmachinery.com\/uploads\/allimg\/180428\/1-1P42Q41535433.png\" alt=\"Excitador de vibraci\u00f3n\" \/><img decoding=\"async\" src=\"https:\/\/urmachinery.com\/uploads\/allimg\/180428\/1-1P42Q4155c42.png\" alt=\"Excitador de vibraci\u00f3n\" \/><\/p>\n<\/div>","protected":false},"excerpt":{"rendered":"<p>Overview of Vibrating Feeder: Electromagnetic vibration feeder is also called magnetic vibration-actuated feeder, actuated feeder, electromagnetic drive vibratory feeder.\u00a0Driven by electromagnetic vibration exciter, it is widely used for powder and granular material feeding, batching and quantitative automatic packaging and other production processes. Working Principle\u00a0of Vibrating Feeder: Electromagnetic\u00a0vibrating feeder adopts a linear groove reciprocating type. It\u00a0is [&hellip;]<\/p>\n","protected":false},"featured_media":3188,"template":"","meta":[],"product_brand":[],"product_cat":[42],"product_tag":[1255,1258,1259,1253,1254,1256,1257],"class_list":{"0":"post-1478","1":"product","2":"type-product","3":"status-publish","4":"has-post-thumbnail","6":"product_cat-vibratory-feeder","7":"product_tag-electromagnetic-vibrating-feeder","8":"product_tag-electromagnetic-vibrating-feeder-manufacturer","9":"product_tag-electromagnetic-vibrating-feeder-supplier","10":"product_tag-electromagnetic-vibration-feeder","11":"product_tag-electromagnetic-vibratory-feeder","12":"product_tag-electromagnetic-vibratory-feeder-manufacturer","13":"product_tag-electromagnetic-vibratory-feeder-supplier","15":"first","16":"instock","17":"shipping-taxable","18":"product-type-external"},"_links":{"self":[{"href":"https:\/\/www.urmachinery.com\/es\/wp-json\/wp\/v2\/product\/1478","targetHints":{"allow":["GET"]}}],"collection":[{"href":"https:\/\/www.urmachinery.com\/es\/wp-json\/wp\/v2\/product"}],"about":[{"href":"https:\/\/www.urmachinery.com\/es\/wp-json\/wp\/v2\/types\/product"}],"wp:featuredmedia":[{"embeddable":true,"href":"https:\/\/www.urmachinery.com\/es\/wp-json\/wp\/v2\/media\/3188"}],"wp:attachment":[{"href":"https:\/\/www.urmachinery.com\/es\/wp-json\/wp\/v2\/media?parent=1478"}],"wp:term":[{"taxonomy":"product_brand","embeddable":true,"href":"https:\/\/www.urmachinery.com\/es\/wp-json\/wp\/v2\/product_brand?post=1478"},{"taxonomy":"product_cat","embeddable":true,"href":"https:\/\/www.urmachinery.com\/es\/wp-json\/wp\/v2\/product_cat?post=1478"},{"taxonomy":"product_tag","embeddable":true,"href":"https:\/\/www.urmachinery.com\/es\/wp-json\/wp\/v2\/product_tag?post=1478"}],"curies":[{"name":"wp","href":"https:\/\/api.w.org\/{rel}","templated":true}]}}