{"id":1768,"date":"2024-06-05T04:00:12","date_gmt":"2024-06-05T04:00:12","guid":{"rendered":"https:\/\/www.urmachinery.com\/?post_type=product&#038;p=1768"},"modified":"2024-06-07T06:09:55","modified_gmt":"2024-06-07T06:09:55","slug":"transportador-vibratorio-de-tres-masas-totalmente-equilibrado","status":"publish","type":"product","link":"https:\/\/www.urmachinery.com\/es\/product\/three-mass-fully-balanced-vibratory-conveyor\/","title":{"rendered":"Transportador vibratorio totalmente equilibrado de tres masas"},"content":{"rendered":"<p><iframe title=\"reproductor de v\u00eddeos de youtube\" src=\"https:\/\/www.youtube.com\/embed\/hR9D-P9gaNQ?si=_gterHhC1m1RYKDK\" width=\"1140\" height=\"600\" frameborder=\"0\" allowfullscreen=\"allowfullscreen\"><span data-mce-type=\"bookmark\" style=\"display: inline-block; width: 0px; overflow: hidden; line-height: 0;\" class=\"mce_SELRES_start\"><\/span><\/iframe><\/p>\n<p>El transportador vibratorio de biela el\u00e1stica se puede dividir en tres tipos: tipo de tres masas totalmente equilibrado, tipo de resonancia de dos masas y tipo simple de una sola masa seg\u00fan el n\u00famero de cuerpos vibratorios.<\/p>\n<p><strong>\u00a0 Transportador vibratorio monomasa: <\/strong>s\u00f3lo la cubeta produce vibraci\u00f3n, por lo que la fuerza de vibraci\u00f3n se transmite a la base, que es en su mayor parte ligera.<\/p>\n<p><strong>\u00a0 Transportador vibratorio de resonancia de dos masas y transportador vibratorio totalmente equilibrado de tres masas: <\/strong>Adem\u00e1s de la cubeta, tambi\u00e9n participan en la vibraci\u00f3n contrapesos. La estructura es un poco complicada, pero la fuerza de vibraci\u00f3n sobre la base se puede eliminar b\u00e1sicamente y se utiliza el principio de resonancia para minimizar la fuerza de excitaci\u00f3n requerida.<\/p>\n<p>El transportador vibratorio totalmente equilibrado de tres masas utiliza el sistema totalmente equilibrado. Los canales superior e inferior est\u00e1n acoplados entre s\u00ed mediante resortes y montados en el punto central del acoplamiento sobre un marco fijo. Ambos canales vibran mediante una acci\u00f3n de manivela exc\u00e9ntrica impulsada por un motor y una vibraci\u00f3n resonante generada por un resorte.<\/p>\n<p>&nbsp;<\/p>\n<p><strong>Caracter\u00edsticas:<\/strong><\/p>\n<p>Adem\u00e1s de las ventajas del tipo de resonancia de dos masas, las ventajas destacadas de este transportador son las siguientes:<\/p>\n<ol>\n<li>Debido a que la fuerza de inercia est\u00e1 bien equilibrada, la fuerza de vibraci\u00f3n inercial (carga din\u00e1mica) transmitida a la base es muy peque\u00f1a.<\/li>\n<li>Cuando se instala en el piso o en el soporte de una estructura de acero, tiene ventajas incomparables en la reducci\u00f3n de vibraciones en comparaci\u00f3n con otros tipos de transportadores vibratorios.<\/li>\n<li>La estructura del transportador es simple, f\u00e1cil de instalar y mantener.<\/li>\n<li>El ruido de funcionamiento es inferior a 75 dB.<\/li>\n<li>Es adecuado para requisitos de transporte de canales anchos y de larga distancia.<\/li>\n<li>La canal transportadora puede equiparse con una criba, y las capas simples o dobles del cuerpo de la canal transportadora pueden realizar la clasificaci\u00f3n o separaci\u00f3n de materiales durante el transporte de materiales.<\/li>\n<li>Si el cuerpo de equilibrio se cambia al cuerpo de canal transportador, las capas superior e inferior del cuerpo de canal transportador pueden realizar el transporte inverso al mismo tiempo, y se puede lograr el uso de dos transportadores sin aumentar el equipo y el espacio.<\/li>\n<li>Para los materiales de alta temperatura que deben transportarse, el tama\u00f1o de las part\u00edculas, la corrosi\u00f3n y la dureza relativa del material no est\u00e1n limitados. Seg\u00fan los diferentes materiales de transporte, se puede utilizar placa de acero inoxidable o material compuesto.<\/li>\n<li>El secado, el enfriamiento, la clasificaci\u00f3n, el drenaje y otros procesos se pueden realizar simult\u00e1neamente, lo que hace de este programa de transmisi\u00f3n un m\u00e9todo extremadamente eficiente.<\/li>\n<li>La rotaci\u00f3n, el balanceo, la fricci\u00f3n, el consumo y otras partes requieren poca inyecci\u00f3n de aceite lubricante y una baja tasa de fallas. El mantenimiento es muy f\u00e1cil.<\/li>\n<\/ol>\n<p>&nbsp;<\/p>\n<p><strong>Ventajas:<\/strong><\/p>\n<p>Adem\u00e1s de las ventajas del tipo de resonancia de doble masa, el transportador vibratorio totalmente equilibrado tiene las ventajas de una peque\u00f1a fuerza de vibraci\u00f3n inercial (carga din\u00e1mica) transmitida a la base y un bajo nivel de ruido, lo que es adecuado para los requisitos de transporte de largas distancias y canales anchos. . Cuando se instala en el piso o en un soporte de estructura de acero, tiene ventajas incomparables de absorci\u00f3n de impactos en comparaci\u00f3n con otros tipos de transportadores vibratorios.<\/p>\n<p>Si el cuerpo de equilibrio se utiliza como cuerpo de canal transportador, las dos capas superior e inferior de canales se pueden realizar al mismo tiempo. Sin aumentar el equipamiento y el espacio, se produce el efecto de uso de dos transportadores. El cuerpo del canal transportador puede equiparse con una pantalla que puede realizar la clasificaci\u00f3n de materiales durante el transporte.<\/p>\n<p>&nbsp;<\/p>\n<p><strong>Estructura:<\/strong><\/p>\n<p><img fetchpriority=\"high\" decoding=\"async\" class=\"alignnone wp-image-1765 size-full\" src=\"https:\/\/www.urmachinery.com\/wp-content\/uploads\/2024\/05\/three-mass-fully-balanced-vibratory-conveyor_\u526f\u672c.jpg\" alt=\"transportador vibratorio de tres masas totalmente equilibrado\" width=\"1024\" height=\"434\" srcset=\"https:\/\/www.urmachinery.com\/wp-content\/uploads\/2024\/05\/three-mass-fully-balanced-vibratory-conveyor_\u526f\u672c.jpg 1024w, https:\/\/www.urmachinery.com\/wp-content\/uploads\/2024\/05\/three-mass-fully-balanced-vibratory-conveyor_\u526f\u672c-300x127.jpg 300w, https:\/\/www.urmachinery.com\/wp-content\/uploads\/2024\/05\/three-mass-fully-balanced-vibratory-conveyor_\u526f\u672c-768x326.jpg 768w, https:\/\/www.urmachinery.com\/wp-content\/uploads\/2024\/05\/three-mass-fully-balanced-vibratory-conveyor_\u526f\u672c-600x254.jpg 600w\" sizes=\"(max-width: 1024px) 100vw, 1024px\" \/><\/p>\n<ol>\n<li>Canal transportador 2. Marco equilibrado 3. Marco base 4. Dispositivo de accionamiento del enlace de conexi\u00f3n exc\u00e9ntrico 5. Resorte de resonancia 6. Mecanismo de enlace el\u00e1stico 7. Resorte amortiguador 8. Montaje a prueba de vibraciones<\/li>\n<\/ol>\n<p>&nbsp;<\/p>\n<p><strong>Principio de funcionamiento:<\/strong><\/p>\n<p>El transportador vibratorio totalmente equilibrado adopta el tipo de soporte el\u00e1stico, lo que hace que el cuerpo del transportador y el cuerpo de equilibrio formen un sistema de resonancia de dos masas con una masa completamente equilibrada. Las dos masas est\u00e1n conectadas mediante un resorte helicoidal de resonancia y una varilla gu\u00eda el\u00e1stica. Bajo la acci\u00f3n del excitador, el canal transportador forma un sistema de resonancia con el cuerpo de equilibrio, y la fuerza de vibraci\u00f3n inercial generada por el sistema de resonancia b\u00e1sicamente se cancela en el sistema. El marco de soporte del equipo est\u00e1 conectado a la base de instalaci\u00f3n a trav\u00e9s del sistema de aislamiento de resorte, lo que nuevamente puede reducir la vibraci\u00f3n desequilibrada causada por el cambio en el flujo de material en el cuerpo del canal, por lo que la carga din\u00e1mica del equipo en la base es muy peque\u00f1a.<\/p>\n<p>Este tipo de transportador vibratorio es un nuevo tipo de transportador vibratorio desarrollado sobre la base del tipo de resonancia de dos masas. Utiliza un canal transportador y un cuerpo de equilibrio (o canal transportador) con la misma masa para el movimiento relativo. Cuando se utiliza la artesa transportadora como cuerpo de equilibrio, el material puede transportarse bidireccionalmente al mismo tiempo. El cuerpo del canal de transporte y el cuerpo de equilibrio (o canal de transporte) est\u00e1n conectados mediante una varilla oscilante, y se dispone una bisagra de goma en la posici\u00f3n media de la varilla oscilante, y el soporte se apoya en la base a trav\u00e9s de la bisagra de goma. Cuando la m\u00e1quina est\u00e1 en marcha, los dos cuerpos vibratorios vibran en direcciones opuestas porque la varilla gu\u00eda oscila alrededor del punto central. Cuando la masa de los dos cuerpos es igual, la fuerza de inercia generada por los dos cuerpos es igual y de direcci\u00f3n opuesta, y su fuerza de inercia est\u00e1 equilibrada, por lo que se denomina transportador vibratorio &quot;equilibrado&quot;.<\/p>\n<p>&nbsp;<\/p>\n<p><strong>Par\u00e1metros t\u00e9cnicos:<\/strong><\/p>\n<table width=\"116%\">\n<tbody>\n<tr>\n<td rowspan=\"2\" width=\"11%\">Modelo<\/td>\n<td rowspan=\"2\" width=\"9%\">Capacidad (t\/h)<\/td>\n<td rowspan=\"2\" width=\"10%\">Frecuencia de vibraci\u00f3n (Hz)<\/td>\n<td colspan=\"12\" width=\"68%\">Longitud del canal (m)\/Potencia (KW)<\/td>\n<\/tr>\n<tr>\n<td width=\"4%\">3<\/td>\n<td width=\"4%\">4<\/td>\n<td width=\"4%\">5<\/td>\n<td width=\"4%\">6<\/td>\n<td width=\"4%\">8<\/td>\n<td width=\"4%\">10<\/td>\n<td width=\"6%\">12<\/td>\n<td width=\"6%\">15<\/td>\n<td width=\"6%\">18<\/td>\n<td width=\"6%\">20<\/td>\n<td width=\"6%\">25<\/td>\n<td width=\"6%\">30<\/td>\n<\/tr>\n<tr>\n<td width=\"11%\">ABM150<\/td>\n<td width=\"9%\">5<\/td>\n<td width=\"10%\">6.7~10.8<\/td>\n<td width=\"4%\">1.5<\/td>\n<td width=\"4%\">1.5<\/td>\n<td width=\"4%\">1.5<\/td>\n<td width=\"4%\">1.5<\/td>\n<td width=\"4%\">1.5<\/td>\n<td width=\"4%\">1.5<\/td>\n<td width=\"6%\">1.5<\/td>\n<td width=\"6%\">1.5<\/td>\n<td width=\"6%\">2.2<\/td>\n<td width=\"6%\">2.2<\/td>\n<td width=\"6%\">2.2<\/td>\n<td width=\"6%\">3.7<\/td>\n<\/tr>\n<tr>\n<td width=\"11%\">ABM300<\/td>\n<td width=\"9%\">20<\/td>\n<td width=\"10%\">6.7~10.8<\/td>\n<td width=\"4%\">1.5<\/td>\n<td width=\"4%\">1.5<\/td>\n<td width=\"4%\">1.5<\/td>\n<td width=\"4%\">1.5<\/td>\n<td width=\"4%\">1.5<\/td>\n<td width=\"4%\">1.5<\/td>\n<td width=\"6%\">2.2<\/td>\n<td width=\"6%\">2.2<\/td>\n<td width=\"6%\">3.7<\/td>\n<td width=\"6%\">3.7<\/td>\n<td width=\"6%\">3.7<\/td>\n<td width=\"6%\">5.5<\/td>\n<\/tr>\n<tr>\n<td width=\"11%\">ABM450<\/td>\n<td width=\"9%\">35<\/td>\n<td width=\"10%\">6.7~10.8<\/td>\n<td width=\"4%\">1.5<\/td>\n<td width=\"4%\">1.5<\/td>\n<td width=\"4%\">1.5<\/td>\n<td width=\"4%\">1.5<\/td>\n<td width=\"4%\">1.5<\/td>\n<td width=\"4%\">2.2<\/td>\n<td width=\"6%\">2.2<\/td>\n<td width=\"6%\">3.7<\/td>\n<td width=\"6%\">3.7<\/td>\n<td width=\"6%\">3.7<\/td>\n<td width=\"6%\">5.5<\/td>\n<td width=\"6%\">5.5<\/td>\n<\/tr>\n<tr>\n<td width=\"11%\">ABM600<\/td>\n<td width=\"9%\">50<\/td>\n<td width=\"10%\">6.7~10.8<\/td>\n<td width=\"4%\">1.5<\/td>\n<td width=\"4%\">1.5<\/td>\n<td width=\"4%\">1.5<\/td>\n<td width=\"4%\">1.5<\/td>\n<td width=\"4%\">2.2<\/td>\n<td width=\"4%\">2.2<\/td>\n<td width=\"6%\">3.7<\/td>\n<td width=\"6%\">3.7<\/td>\n<td width=\"6%\">3.7<\/td>\n<td width=\"6%\">5.5<\/td>\n<td width=\"6%\">5.5<\/td>\n<td width=\"6%\">7.5<\/td>\n<\/tr>\n<tr>\n<td width=\"11%\">ABM750<\/td>\n<td width=\"9%\">65<\/td>\n<td width=\"10%\">6.7~10.8<\/td>\n<td width=\"4%\">1.5<\/td>\n<td width=\"4%\">1.5<\/td>\n<td width=\"4%\">2.2<\/td>\n<td width=\"4%\">2.2<\/td>\n<td width=\"4%\">3.7<\/td>\n<td width=\"4%\">3.7<\/td>\n<td width=\"6%\">5.5<\/td>\n<td width=\"6%\">5.5<\/td>\n<td width=\"6%\">7.5<\/td>\n<td width=\"6%\">7.5<\/td>\n<td width=\"6%\">5.5*2<\/td>\n<td width=\"6%\">5.5*2<\/td>\n<\/tr>\n<tr>\n<td width=\"11%\">ABM900<\/td>\n<td width=\"9%\">80<\/td>\n<td width=\"10%\">6.7~10.8<\/td>\n<td width=\"4%\">1.5<\/td>\n<td width=\"4%\">2.2<\/td>\n<td width=\"4%\">2.2<\/td>\n<td width=\"4%\">3.7<\/td>\n<td width=\"4%\">3.7<\/td>\n<td width=\"4%\">3.7<\/td>\n<td width=\"6%\">5.5<\/td>\n<td width=\"6%\">5.5<\/td>\n<td width=\"6%\">7.5<\/td>\n<td width=\"6%\">7.5<\/td>\n<td width=\"6%\">5.5*2<\/td>\n<td width=\"6%\">5.5*2<\/td>\n<\/tr>\n<tr>\n<td width=\"11%\">ABM1050<\/td>\n<td width=\"9%\">95<\/td>\n<td width=\"10%\">6.7~10.8<\/td>\n<td width=\"4%\">1.5<\/td>\n<td width=\"4%\">2.2<\/td>\n<td width=\"4%\">3.7<\/td>\n<td width=\"4%\">3.7<\/td>\n<td width=\"4%\">3.7<\/td>\n<td width=\"4%\">5.5<\/td>\n<td width=\"6%\">5.5<\/td>\n<td width=\"6%\">7.5<\/td>\n<td width=\"6%\">7.5<\/td>\n<td width=\"6%\">5.5*2<\/td>\n<td width=\"6%\">5.5*2<\/td>\n<td width=\"6%\">7.5*2<\/td>\n<\/tr>\n<tr>\n<td width=\"11%\">ABM1200<\/td>\n<td width=\"9%\">110<\/td>\n<td width=\"10%\">6.7~10.8<\/td>\n<td width=\"4%\">2.2<\/td>\n<td width=\"4%\">2.2<\/td>\n<td width=\"4%\">3.7<\/td>\n<td width=\"4%\">3.7<\/td>\n<td width=\"4%\">3.7<\/td>\n<td width=\"4%\">5.5<\/td>\n<td width=\"6%\">5.5<\/td>\n<td width=\"6%\">7.5<\/td>\n<td width=\"6%\">5.5*2<\/td>\n<td width=\"6%\">5.5*2<\/td>\n<td width=\"6%\">5.5*2<\/td>\n<td width=\"6%\">7.5*2<\/td>\n<\/tr>\n<tr>\n<td width=\"11%\">ABM1350<\/td>\n<td width=\"9%\">125<\/td>\n<td width=\"10%\">6.7~10.8<\/td>\n<td width=\"4%\">2.2<\/td>\n<td width=\"4%\">3.7<\/td>\n<td width=\"4%\">3.7<\/td>\n<td width=\"4%\">3.7<\/td>\n<td width=\"4%\">5.5<\/td>\n<td width=\"4%\">5.5<\/td>\n<td width=\"6%\">7.5<\/td>\n<td width=\"6%\">7.5<\/td>\n<td width=\"6%\">5.5*2<\/td>\n<td width=\"6%\">5.5*2<\/td>\n<td width=\"6%\">7.5*2<\/td>\n<td width=\"6%\">7.5*2<\/td>\n<\/tr>\n<tr>\n<td width=\"11%\">ABM1500<\/td>\n<td width=\"9%\">140<\/td>\n<td width=\"10%\">6.7~10.8<\/td>\n<td width=\"4%\">2.2<\/td>\n<td width=\"4%\">3.7<\/td>\n<td width=\"4%\">3.7<\/td>\n<td width=\"4%\">3.7<\/td>\n<td width=\"4%\">5.5<\/td>\n<td width=\"4%\">5.5<\/td>\n<td width=\"6%\">7.5<\/td>\n<td width=\"6%\">5.5*2<\/td>\n<td width=\"6%\">5.5*2<\/td>\n<td width=\"6%\">5.5*2<\/td>\n<td width=\"6%\">7.5*2<\/td>\n<td width=\"6%\">11*2<\/td>\n<\/tr>\n<tr>\n<td width=\"11%\">ABM1650<\/td>\n<td width=\"9%\">155<\/td>\n<td width=\"10%\">6.7~10.8<\/td>\n<td width=\"4%\">2.2<\/td>\n<td width=\"4%\">3.7<\/td>\n<td width=\"4%\">3.7<\/td>\n<td width=\"4%\">5.5<\/td>\n<td width=\"4%\">5.5<\/td>\n<td width=\"4%\">7.5<\/td>\n<td width=\"6%\">7.5<\/td>\n<td width=\"6%\">5.5*2<\/td>\n<td width=\"6%\">5.5*2<\/td>\n<td width=\"6%\">7.5*2<\/td>\n<td width=\"6%\">7.5*2<\/td>\n<td width=\"6%\">11*2<\/td>\n<\/tr>\n<tr>\n<td width=\"11%\">ABM1800<\/td>\n<td width=\"9%\">170<\/td>\n<td width=\"10%\">6.7~10.8<\/td>\n<td width=\"4%\">3.7<\/td>\n<td width=\"4%\">3.7<\/td>\n<td width=\"4%\">3.7<\/td>\n<td width=\"4%\">5.5<\/td>\n<td width=\"4%\">5.5<\/td>\n<td width=\"4%\">7.5<\/td>\n<td width=\"6%\">7.5<\/td>\n<td width=\"6%\">5.5*2<\/td>\n<td width=\"6%\">5.5*2<\/td>\n<td width=\"6%\">7.5*2<\/td>\n<td width=\"6%\">7.5*2<\/td>\n<td width=\"6%\">11*2<\/td>\n<\/tr>\n<tr>\n<td width=\"11%\">ABM2000<\/td>\n<td width=\"9%\">185<\/td>\n<td width=\"10%\">6.7~10.8<\/td>\n<td width=\"4%\">3.7<\/td>\n<td width=\"4%\">3.7<\/td>\n<td width=\"4%\">5.5<\/td>\n<td width=\"4%\">5.5<\/td>\n<td width=\"4%\">7.5<\/td>\n<td width=\"4%\">7.5<\/td>\n<td width=\"6%\">5.5*2<\/td>\n<td width=\"6%\">5.5*2<\/td>\n<td width=\"6%\">7.5*2<\/td>\n<td width=\"6%\">7.5*2<\/td>\n<td width=\"6%\">11*2<\/td>\n<td width=\"6%\">11*2<\/td>\n<\/tr>\n<\/tbody>\n<\/table>\n<p><strong>Nota:<\/strong><\/p>\n<ul>\n<li>Los datos anteriores son s\u00f3lo para referencia. Nuestra empresa se reserva el derecho de modificar los datos anteriores.<\/li>\n<li>La capacidad de transporte aqu\u00ed se calcula en funci\u00f3n del transporte horizontal de arena de r\u00edo (densidad aparente 1,6 t\/m\u00b3, contenido de agua 5%).<\/li>\n<li>Es necesario volver a calcular la potencia de la cubeta de transporte con tapa de sellado, placa de revestimiento y materiales de transporte con diferentes densidades aparentes.<\/li>\n<li>Cuando la distancia de transporte supera los 15 metros, adoptaremos la estructura segmentada y el usuario deber\u00e1 ensamblarla y conectarla en el sitio.<\/li>\n<\/ul>\n<p>&nbsp;<\/p>\n<p><strong>Solicitud:<\/strong><\/p>\n<p>La criba transportadora vibratoria totalmente equilibrada con biela exc\u00e9ntrica AAREAL se puede utilizar ampliamente para cribar az\u00facar, sal, fertilizantes qu\u00edmicos, carb\u00f3n activado, part\u00edculas de resina, part\u00edculas de polietileno, polvo de HDPE, polvo de LDPE, condimentos, etc. Tome nuestra ABM1800-11 como ejemplo. El ancho de la artesa es de 1800 mm y la longitud de la artesa es de 11,5 metros. Transportando y cribando az\u00facar, la capacidad es de aproximadamente 30~50 toneladas\/hora.<\/p>","protected":false},"excerpt":{"rendered":"<p>\ufeff The elastic connecting rod vibratory conveyor can be divided into three types: three-mass fully balanced type, two-mass resonance type and simple single-mass type according to the number of vibratory bodies. \u00a0 Single-Mass Vibratory Conveyor: only the trough produces vibration, so the vibration force is transmitted to the foundation, which is mostly light. \u00a0 Two-Mass [&hellip;]<\/p>\n","protected":false},"featured_media":3214,"template":"","meta":[],"product_brand":[],"product_cat":[40],"product_tag":[71,70,74,73,69,72],"class_list":{"0":"post-1768","1":"product","2":"type-product","3":"status-publish","4":"has-post-thumbnail","6":"product_cat-vibratory-conveyor","7":"product_tag-balanced-vibratory-conveyor","8":"product_tag-fully-balanced-vibratory-conveyor","9":"product_tag-salt-vibratory-conveyor","10":"product_tag-sugar-vibratory-conveyor","11":"product_tag-three-mass-fully-balanced-vibratory-conveyor","12":"product_tag-vibratory-conveyor-manufacturer","14":"first","15":"instock","16":"featured","17":"shipping-taxable","18":"product-type-simple"},"_links":{"self":[{"href":"https:\/\/www.urmachinery.com\/es\/wp-json\/wp\/v2\/product\/1768","targetHints":{"allow":["GET"]}}],"collection":[{"href":"https:\/\/www.urmachinery.com\/es\/wp-json\/wp\/v2\/product"}],"about":[{"href":"https:\/\/www.urmachinery.com\/es\/wp-json\/wp\/v2\/types\/product"}],"wp:featuredmedia":[{"embeddable":true,"href":"https:\/\/www.urmachinery.com\/es\/wp-json\/wp\/v2\/media\/3214"}],"wp:attachment":[{"href":"https:\/\/www.urmachinery.com\/es\/wp-json\/wp\/v2\/media?parent=1768"}],"wp:term":[{"taxonomy":"product_brand","embeddable":true,"href":"https:\/\/www.urmachinery.com\/es\/wp-json\/wp\/v2\/product_brand?post=1768"},{"taxonomy":"product_cat","embeddable":true,"href":"https:\/\/www.urmachinery.com\/es\/wp-json\/wp\/v2\/product_cat?post=1768"},{"taxonomy":"product_tag","embeddable":true,"href":"https:\/\/www.urmachinery.com\/es\/wp-json\/wp\/v2\/product_tag?post=1768"}],"curies":[{"name":"wp","href":"https:\/\/api.w.org\/{rel}","templated":true}]}}