{"id":2098,"date":"2024-05-31T11:00:17","date_gmt":"2024-05-31T11:00:17","guid":{"rendered":"https:\/\/www.urmachinery.com\/?post_type=product&#038;p=2098"},"modified":"2024-06-07T06:36:43","modified_gmt":"2024-06-07T06:36:43","slug":"transportador-vibratorio-equilibrado-de-resonancia-de-dos-masas","status":"publish","type":"product","link":"https:\/\/www.urmachinery.com\/es\/product\/two-mass-resonance-balanced-vibratory-conveyor\/","title":{"rendered":"Transportador vibratorio equilibrado de resonancia de dos masas"},"content":{"rendered":"<p>Los transportadores vibratorios equilibrados por resonancia de dos masas est\u00e1n dise\u00f1ados para evitar la vibraci\u00f3n ambiental mediante el uso de una estructura simple para evitar que la vibraci\u00f3n se transmita al piso.<\/p>\n<p>Un equilibrio efectivo entre la artesa y el contrapeso neutraliza las vibraciones, y el equipo tambi\u00e9n est\u00e1 montado sobre resortes amortiguadores de vibraciones, minimizando el grado de vibraci\u00f3n transmitida al piso o base.<\/p>\n<p>Los cuerpos superior e inferior del transportador vibratorio deben equilibrarse con mayor precisi\u00f3n. Cuando el equilibrio no es exacto, se transmitir\u00e1n fuerzas de inercia desequilibradas a los cimientos.<\/p>\n<p>Las ventajas de este transportador son un mejor equilibrio, poco ruido, buen sellado y menor consumo de energ\u00eda.<\/p>\n<p>&nbsp;<\/p>\n<p><strong>Caracter\u00edsticas:<\/strong><\/p>\n<ol>\n<li>El transportador vibratorio adopta la estructura de resonancia de doble masa. La estructura es relativamente simple, la rigidez de la carrocer\u00eda es alta, la altura total es baja y la instalaci\u00f3n es simple y f\u00e1cil de mantener.<\/li>\n<li>Larga distancia de transporte, bajo consumo de energ\u00eda, ruido inferior a 75 dB, f\u00e1cil de organizar y mejorar el entorno de trabajo.<\/li>\n<li>Buen efecto de absorci\u00f3n de impactos, adecuado para instalaci\u00f3n en el suelo y soporte de estructura de acero.<\/li>\n<li>La varilla oscilante de soporte gu\u00eda est\u00e1 hecha de placa de acero, y el cuerpo superior e inferior est\u00e1n conectados mediante una bisagra el\u00e1stica de estructura especial, que es firme y confiable.<\/li>\n<li>La artesa de transporte puede equiparse con una pantalla que puede realizar la clasificaci\u00f3n de materiales durante el transporte.<\/li>\n<li>La cubeta de estructura sellada se puede utilizar para lograr un transporte limpio y evitar que vuele polvo.<\/li>\n<li>Sin vigas de equilibrio externas.<\/li>\n<li>Carrera ajustable\/velocidad variable.<\/li>\n<li>Eje de transmisi\u00f3n exc\u00e9ntrico.<\/li>\n<li>Se transmite poca fuerza de reacci\u00f3n al suelo.<\/li>\n<\/ol>\n<p>&nbsp;<\/p>\n<p><strong>Ventajas:<\/strong><\/p>\n<ol>\n<li>Estructura \u00fanica.<\/li>\n<li>El canal superior est\u00e1 acoplado con la estructura de contrapeso con vigas gu\u00eda de direcci\u00f3n y resortes helicoidales de almacenamiento de energ\u00eda.<\/li>\n<li>La estructura de contrapeso (que pesa mucho m\u00e1s que la artesa) se apoya en el suelo con resortes helicoidales amortiguadores.<\/li>\n<li>La fuerza de reacci\u00f3n del canal superior est\u00e1 completamente equilibrada por la estructura de contrapeso inferior, en caso de que la fuerza de reacci\u00f3n est\u00e9 desequilibrada causada por materiales en el canal o cualquier otra raz\u00f3n.<\/li>\n<li>Puede reequilibrarse mediante los resortes del amortiguador.<\/li>\n<\/ol>\n<p>&nbsp;<\/p>\n<p><strong>Estructura:<\/strong><\/p>\n<p>El canal transportador est\u00e1 conectado con el marco base del equipo a trav\u00e9s del resorte de resonancia para formar un sistema de resonancia, y el motor y el sistema de excitaci\u00f3n de biela exc\u00e9ntrica est\u00e1n instalados en el marco base.<\/p>\n<p><strong>\u00a0<\/strong><\/p>\n<p><strong>Principio de funcionamiento:<\/strong><\/p>\n<p>La fuerza de vibraci\u00f3n se transmite a la cubeta transportadora a trav\u00e9s del sistema de bielas el\u00e1sticas, lo que provoca la resonancia entre la cubeta transportadora y el bastidor base. Dado que la masa del marco de base es mayor que la del canal de transporte, el canal de transporte y el marco de base est\u00e1n en un estado de trabajo estable cercano a la resonancia, el valor de ajuste del sistema se puede ajustar de manera flexible aumentando o disminuyendo el peso del marco de base y la rigidez del resorte, para obtener el estado de trabajo ideal para diferentes densidades de materiales y capacidad de transporte.<\/p>\n<p>Dado que la amplitud de vibraci\u00f3n del marco de base es obviamente menor que la amplitud de vibraci\u00f3n del cuerpo de la artesa de transporte, y la fuerza de vibraci\u00f3n del cuerpo de la artesa de transporte y el marco de base b\u00e1sicamente se cancelan entre s\u00ed, la fuerza de reacci\u00f3n generada durante el trabajo del equipo es relativamente peque\u00f1o, y la fuerza de reacci\u00f3n transmitida a los cimientos se reducir\u00e1 a\u00fan m\u00e1s despu\u00e9s del aislamiento de impactos mediante el sistema de absorci\u00f3n de impactos, por lo que este tipo de transportador no tiene requisitos especiales para la instalaci\u00f3n de los cimientos.<\/p>\n<p>&nbsp;<\/p>\n<p><strong>Par\u00e1metros t\u00e9cnicos:<\/strong><\/p>\n<table width=\"115%\">\n<tbody>\n<tr>\n<td rowspan=\"2\" width=\"10%\">Modelo<\/td>\n<td rowspan=\"2\" width=\"9%\">Capacidad (t\/h)<\/td>\n<td rowspan=\"2\" width=\"10%\">Frecuencia de vibraci\u00f3n (Hz)<\/td>\n<td colspan=\"12\" width=\"69%\">Longitud del canal (m)\/Potencia (KW)<\/td>\n<\/tr>\n<tr>\n<td width=\"4%\">3<\/td>\n<td width=\"4%\">4<\/td>\n<td width=\"4%\">5<\/td>\n<td width=\"4%\">6<\/td>\n<td width=\"4%\">8<\/td>\n<td width=\"4%\">10<\/td>\n<td width=\"6%\">12<\/td>\n<td width=\"6%\">15<\/td>\n<td width=\"6%\">18<\/td>\n<td width=\"6%\">20<\/td>\n<td width=\"6%\">25<\/td>\n<td width=\"6%\">30<\/td>\n<\/tr>\n<tr>\n<td width=\"10%\">ASL-150<\/td>\n<td width=\"9%\">5<\/td>\n<td width=\"10%\">6.7~10.8<\/td>\n<td width=\"4%\">1.5<\/td>\n<td width=\"4%\">1.5<\/td>\n<td width=\"4%\">1.5<\/td>\n<td width=\"4%\">1.5<\/td>\n<td width=\"4%\">1.5<\/td>\n<td width=\"4%\">1.5<\/td>\n<td width=\"6%\">1.5<\/td>\n<td width=\"6%\">1.5<\/td>\n<td width=\"6%\">2.2<\/td>\n<td width=\"6%\">2.2<\/td>\n<td width=\"6%\">2.2<\/td>\n<td width=\"6%\">3.7<\/td>\n<\/tr>\n<tr>\n<td width=\"10%\">ASL-300<\/td>\n<td width=\"9%\">20<\/td>\n<td width=\"10%\">6.7~10.8<\/td>\n<td width=\"4%\">1.5<\/td>\n<td width=\"4%\">1.5<\/td>\n<td width=\"4%\">1.5<\/td>\n<td width=\"4%\">1.5<\/td>\n<td width=\"4%\">1.5<\/td>\n<td width=\"4%\">1.5<\/td>\n<td width=\"6%\">2.2<\/td>\n<td width=\"6%\">2.2<\/td>\n<td width=\"6%\">3.7<\/td>\n<td width=\"6%\">3.7<\/td>\n<td width=\"6%\">3.7<\/td>\n<td width=\"6%\">5.5<\/td>\n<\/tr>\n<tr>\n<td width=\"10%\">ASL-450<\/td>\n<td width=\"9%\">35<\/td>\n<td width=\"10%\">6.7~10.8<\/td>\n<td width=\"4%\">1.5<\/td>\n<td width=\"4%\">1.5<\/td>\n<td width=\"4%\">1.5<\/td>\n<td width=\"4%\">1.5<\/td>\n<td width=\"4%\">1.5<\/td>\n<td width=\"4%\">2.2<\/td>\n<td width=\"6%\">2.2<\/td>\n<td width=\"6%\">3.7<\/td>\n<td width=\"6%\">3.7<\/td>\n<td width=\"6%\">3.7<\/td>\n<td width=\"6%\">5.5<\/td>\n<td width=\"6%\">5.5<\/td>\n<\/tr>\n<tr>\n<td width=\"10%\">ASL-600<\/td>\n<td width=\"9%\">50<\/td>\n<td width=\"10%\">6.7~10.8<\/td>\n<td width=\"4%\">1.5<\/td>\n<td width=\"4%\">1.5<\/td>\n<td width=\"4%\">1.5<\/td>\n<td width=\"4%\">1.5<\/td>\n<td width=\"4%\">2.2<\/td>\n<td width=\"4%\">2.2<\/td>\n<td width=\"6%\">3.7<\/td>\n<td width=\"6%\">3.7<\/td>\n<td width=\"6%\">3.7<\/td>\n<td width=\"6%\">5.5<\/td>\n<td width=\"6%\">5.5<\/td>\n<td width=\"6%\">7.5<\/td>\n<\/tr>\n<tr>\n<td width=\"10%\">ASL-750<\/td>\n<td width=\"9%\">65<\/td>\n<td width=\"10%\">6.7~10.8<\/td>\n<td width=\"4%\">1.5<\/td>\n<td width=\"4%\">1.5<\/td>\n<td width=\"4%\">2.2<\/td>\n<td width=\"4%\">2.2<\/td>\n<td width=\"4%\">3.7<\/td>\n<td width=\"4%\">3.7<\/td>\n<td width=\"6%\">3.7<\/td>\n<td width=\"6%\">5.5<\/td>\n<td width=\"6%\">7.5<\/td>\n<td width=\"6%\">7.5<\/td>\n<td width=\"6%\">5.5*2<\/td>\n<td width=\"6%\">5.5*2<\/td>\n<\/tr>\n<tr>\n<td width=\"10%\">ASL-900<\/td>\n<td width=\"9%\">80<\/td>\n<td width=\"10%\">6.7~10.8<\/td>\n<td width=\"4%\">1.5<\/td>\n<td width=\"4%\">1.5<\/td>\n<td width=\"4%\">2.2<\/td>\n<td width=\"4%\">2.2<\/td>\n<td width=\"4%\">3.7<\/td>\n<td width=\"4%\">3.7<\/td>\n<td width=\"6%\">5.5<\/td>\n<td width=\"6%\">5.5<\/td>\n<td width=\"6%\">7.5<\/td>\n<td width=\"6%\">7.5<\/td>\n<td width=\"6%\">5.5*2<\/td>\n<td width=\"6%\">5.5*2<\/td>\n<\/tr>\n<tr>\n<td width=\"10%\">ASL-1050<\/td>\n<td width=\"9%\">95<\/td>\n<td width=\"10%\">6.7~10.8<\/td>\n<td width=\"4%\">1.5<\/td>\n<td width=\"4%\">2.2<\/td>\n<td width=\"4%\">2.2<\/td>\n<td width=\"4%\">3.7<\/td>\n<td width=\"4%\">3.7<\/td>\n<td width=\"4%\">5.5<\/td>\n<td width=\"6%\">5.5<\/td>\n<td width=\"6%\">7.5<\/td>\n<td width=\"6%\">7.5<\/td>\n<td width=\"6%\">5.5*2<\/td>\n<td width=\"6%\">5.5*2<\/td>\n<td width=\"6%\">7.5*2<\/td>\n<\/tr>\n<tr>\n<td width=\"10%\">ASL-1200<\/td>\n<td width=\"9%\">110<\/td>\n<td width=\"10%\">6.7~10.8<\/td>\n<td width=\"4%\">1.5<\/td>\n<td width=\"4%\">2.2<\/td>\n<td width=\"4%\">2.2<\/td>\n<td width=\"4%\">3.7<\/td>\n<td width=\"4%\">3.7<\/td>\n<td width=\"4%\">5.5<\/td>\n<td width=\"6%\">5.5<\/td>\n<td width=\"6%\">7.5<\/td>\n<td width=\"6%\">5.5*2<\/td>\n<td width=\"6%\">5.5*2<\/td>\n<td width=\"6%\">5.5*2<\/td>\n<td width=\"6%\">7.5*2<\/td>\n<\/tr>\n<tr>\n<td width=\"10%\">ASL-1350<\/td>\n<td width=\"9%\">125<\/td>\n<td width=\"10%\">6.7~10.8<\/td>\n<td width=\"4%\">1.5<\/td>\n<td width=\"4%\">2.2<\/td>\n<td width=\"4%\">3.7<\/td>\n<td width=\"4%\">3.7<\/td>\n<td width=\"4%\">5.5<\/td>\n<td width=\"4%\">5.5<\/td>\n<td width=\"6%\">7.5<\/td>\n<td width=\"6%\">7.5<\/td>\n<td width=\"6%\">5.5*2<\/td>\n<td width=\"6%\">5.5*2<\/td>\n<td width=\"6%\">7.5*2<\/td>\n<td width=\"6%\">7.5*2<\/td>\n<\/tr>\n<tr>\n<td width=\"10%\">ASL-1500<\/td>\n<td width=\"9%\">140<\/td>\n<td width=\"10%\">6.7~10.8<\/td>\n<td width=\"4%\">2.2<\/td>\n<td width=\"4%\">2.2<\/td>\n<td width=\"4%\">3.7<\/td>\n<td width=\"4%\">3.7<\/td>\n<td width=\"4%\">5.5<\/td>\n<td width=\"4%\">5.5<\/td>\n<td width=\"6%\">7.5<\/td>\n<td width=\"6%\">5.5*2<\/td>\n<td width=\"6%\">5.5*2<\/td>\n<td width=\"6%\">5.5*2<\/td>\n<td width=\"6%\">7.5*2<\/td>\n<td width=\"6%\">11*2<\/td>\n<\/tr>\n<tr>\n<td width=\"10%\">ASL-1650<\/td>\n<td width=\"9%\">155<\/td>\n<td width=\"10%\">6.7~10.8<\/td>\n<td width=\"4%\">2.2<\/td>\n<td width=\"4%\">3.7<\/td>\n<td width=\"4%\">3.7<\/td>\n<td width=\"4%\">3.7<\/td>\n<td width=\"4%\">5.5<\/td>\n<td width=\"4%\">7.5<\/td>\n<td width=\"6%\">7.5<\/td>\n<td width=\"6%\">5.5*2<\/td>\n<td width=\"6%\">5.5*2<\/td>\n<td width=\"6%\">7.5*2<\/td>\n<td width=\"6%\">7.5*2<\/td>\n<td width=\"6%\">11*2<\/td>\n<\/tr>\n<tr>\n<td width=\"10%\">ASL-1800<\/td>\n<td width=\"9%\">170<\/td>\n<td width=\"10%\">6.7~10.8<\/td>\n<td width=\"4%\">2.2<\/td>\n<td width=\"4%\">3.7<\/td>\n<td width=\"4%\">3.7<\/td>\n<td width=\"4%\">3.7<\/td>\n<td width=\"4%\">5.5<\/td>\n<td width=\"4%\">7.5<\/td>\n<td width=\"6%\">7.5<\/td>\n<td width=\"6%\">5.5*2<\/td>\n<td width=\"6%\">5.5*2<\/td>\n<td width=\"6%\">7.5*2<\/td>\n<td width=\"6%\">7.5*2<\/td>\n<td width=\"6%\">11*2<\/td>\n<\/tr>\n<tr>\n<td width=\"10%\">ASL-2000<\/td>\n<td width=\"9%\">185<\/td>\n<td width=\"10%\">6.7~10.8<\/td>\n<td width=\"4%\">2.2<\/td>\n<td width=\"4%\">3.7<\/td>\n<td width=\"4%\">3.7<\/td>\n<td width=\"4%\">5.5<\/td>\n<td width=\"4%\">5.5<\/td>\n<td width=\"4%\">7.5<\/td>\n<td width=\"6%\">5.5*2<\/td>\n<td width=\"6%\">5.5*2<\/td>\n<td width=\"6%\">7.5*2<\/td>\n<td width=\"6%\">7.5*2<\/td>\n<td width=\"6%\">11*2<\/td>\n<td width=\"6%\">11*2<\/td>\n<\/tr>\n<\/tbody>\n<\/table>\n<p><strong>Nota:<\/strong><\/p>\n<ul>\n<li>Los datos anteriores son s\u00f3lo para referencia. Nuestra empresa se reserva el derecho de modificar los datos anteriores.<\/li>\n<li>La capacidad de transporte aqu\u00ed se calcula en funci\u00f3n del transporte horizontal de arena de r\u00edo (densidad aparente 1,6 t\/m\u00b3, contenido de agua 5%).<\/li>\n<li>Es necesario volver a calcular la potencia de la cubeta de transporte con tapa de sellado, placa de revestimiento y materiales de transporte con diferentes densidades aparentes.<\/li>\n<li>Cuando la distancia de transporte supera los 15 metros, adoptaremos la estructura segmentada y el usuario deber\u00e1 ensamblarla y conectarla en el sitio.<\/li>\n<\/ul>\n<p>&nbsp;<\/p>\n<p><strong>Solicitud:<\/strong><\/p>\n<p>El transportador vibratorio equilibrado por resonancia de dos masas es adecuado para muchas industrias, incluidas la biomasa, el reciclaje, la fabricaci\u00f3n de pellets, los aserraderos, la madera contrachapada, el procesamiento de alimentos y las industrias agr\u00edcolas, etc.<\/p>","protected":false},"excerpt":{"rendered":"<p>Two-mass resonance balanced vibratory conveyors are designed to prevent environmental vibration by the use of a simple structure to prevent vibration from being transmitted to the floor. An effective balance of trough and counterweight neutralizes vibration, and the equipment is also mounted on vibration-damping springs, minimizing the degree of vibration transmitted to the floor or [&hellip;]<\/p>\n","protected":false},"featured_media":3163,"template":"","meta":[],"product_brand":[],"product_cat":[40],"product_tag":[202,205,203,206,201,204,216,219,217,220,215,218,210,207,213,211,208,214,209,72,212],"class_list":{"0":"post-2098","1":"product","2":"type-product","3":"status-publish","4":"has-post-thumbnail","6":"product_cat-vibratory-conveyor","7":"product_tag-resonance-vibrating-conveyor","8":"product_tag-resonance-vibrating-conveyor-manufacturer","9":"product_tag-resonance-vibration-conveyor","10":"product_tag-resonance-vibration-conveyor-manufacturer","11":"product_tag-resonance-vibratory-conveyor","12":"product_tag-resonance-vibratory-conveyor-manufacturer","13":"product_tag-two-mass-vibrating-conveyor","14":"product_tag-two-mass-vibrating-conveyor-manufacturer","15":"product_tag-two-mass-vibration-conveyor","16":"product_tag-two-mass-vibration-conveyor-manufacturer","17":"product_tag-two-mass-vibratory-conveyor","18":"product_tag-two-mass-vibratory-conveyor-manufacturer","19":"product_tag-vibrating-conveyor","20":"product_tag-vibrating-conveyor-manufacturer","21":"product_tag-vibrating-conveyor-supplier","22":"product_tag-vibration-conveyor","23":"product_tag-vibration-conveyor-manufacturer","24":"product_tag-vibration-conveyor-supplier","25":"product_tag-vibratory-conveyor","26":"product_tag-vibratory-conveyor-manufacturer","27":"product_tag-vibratory-conveyor-supplier","29":"first","30":"instock","31":"shipping-taxable","32":"product-type-simple"},"_links":{"self":[{"href":"https:\/\/www.urmachinery.com\/es\/wp-json\/wp\/v2\/product\/2098","targetHints":{"allow":["GET"]}}],"collection":[{"href":"https:\/\/www.urmachinery.com\/es\/wp-json\/wp\/v2\/product"}],"about":[{"href":"https:\/\/www.urmachinery.com\/es\/wp-json\/wp\/v2\/types\/product"}],"wp:featuredmedia":[{"embeddable":true,"href":"https:\/\/www.urmachinery.com\/es\/wp-json\/wp\/v2\/media\/3163"}],"wp:attachment":[{"href":"https:\/\/www.urmachinery.com\/es\/wp-json\/wp\/v2\/media?parent=2098"}],"wp:term":[{"taxonomy":"product_brand","embeddable":true,"href":"https:\/\/www.urmachinery.com\/es\/wp-json\/wp\/v2\/product_brand?post=2098"},{"taxonomy":"product_cat","embeddable":true,"href":"https:\/\/www.urmachinery.com\/es\/wp-json\/wp\/v2\/product_cat?post=2098"},{"taxonomy":"product_tag","embeddable":true,"href":"https:\/\/www.urmachinery.com\/es\/wp-json\/wp\/v2\/product_tag?post=2098"}],"curies":[{"name":"wp","href":"https:\/\/api.w.org\/{rel}","templated":true}]}}