{"id":2126,"date":"2024-05-31T09:00:23","date_gmt":"2024-05-31T09:00:23","guid":{"rendered":"https:\/\/www.urmachinery.com\/?post_type=product&#038;p=2126"},"modified":"2024-06-07T06:36:10","modified_gmt":"2024-06-07T06:36:10","slug":"transportador-vibratorio-inercial-de-material-caliente","status":"publish","type":"product","link":"https:\/\/www.urmachinery.com\/es\/product\/hot-material-inertial-vibratory-conveyor\/","title":{"rendered":"Transportador vibratorio inercial de material caliente"},"content":{"rendered":"<p>El transportador vibratorio inercial de material caliente es un equipo de transporte de larga distancia con funci\u00f3n de esclusa de aire. Esta m\u00e1quina es adecuada para transportar todo tipo de materiales granulares debajo de bloques medianos y transporte horizontal (\u2264500 \u2103) materiales de alta temperatura y alta abrasi\u00f3n, como secado de escoria caliente, material caliente de cemento, etc.<\/p>\n<p>&nbsp;<\/p>\n<p><strong>Caracter\u00edsticas:<\/strong><\/p>\n<ol>\n<li>El transportador vibratorio inercial de material caliente tiene una larga distancia de transporte, gran transporte, bajo consumo de energ\u00eda y bajo nivel de ruido, y no requiere ajuste t\u00e9rmico cuando transporta materiales a alta temperatura.<\/li>\n<li>La estructura es simple, la instalaci\u00f3n es conveniente, el desgaste es menor y la carga de trabajo de mantenimiento es peque\u00f1a.<\/li>\n<li>El transportador vibratorio de material caliente tiene un rendimiento estable, operaci\u00f3n confiable, arranque y parada r\u00e1pidos y estables.<\/li>\n<li>El material se puede alimentar y descargar en m\u00faltiples puntos, el rendimiento del aislamiento de vibraciones es bueno y se pueden utilizar la parte superior e inferior del almac\u00e9n.<\/li>\n<li>Una estructura completamente cerrada, cuando se utiliza como m\u00e1quina horizontal de sellado y descarga de material, el efecto de esclusa de aire es bueno.<\/li>\n<\/ol>\n<p>&nbsp;<\/p>\n<p><strong>Par\u00e1metro:<\/strong><\/p>\n<p>Capacidad de transporte: 50 toneladas\/hora<\/p>\n<p>Ancho de ranura: 400 mm<\/p>\n<p>Longitud de transporte: 6~30 metros<\/p>\n<p>Potencia de toda la m\u00e1quina:<\/p>\n<p>1,5 kW \u00d7 2 cuando la longitud de transporte es inferior a 10 metros<\/p>\n<p>Cuando la longitud de transporte es de 10 metros a 20 metros, es 2,2 kW \u00d7 2<\/p>\n<p>Cuando la longitud de transporte es de 20 metros a 30 metros, es de 3 kW x 2<\/p>\n<p>Aspecto general (alto \u00d7 ancho): 1200 \u00d7 730 mm<\/p>\n<p>Peso del equipo: el transportador pesa alrededor de 350 kg por metro.<\/p>\n<p><img fetchpriority=\"high\" decoding=\"async\" class=\"wp-image-2129\" src=\"https:\/\/www.urmachinery.com\/wp-content\/uploads\/2024\/05\/outline-structure-diagram-of-hot-material-vibrating-conveyor-1-683x1024-1.jpg\" alt=\"diagrama de estructura general del transportador vibratorio inercial de material caliente\" width=\"289\" height=\"434\" srcset=\"https:\/\/www.urmachinery.com\/wp-content\/uploads\/2024\/05\/outline-structure-diagram-of-hot-material-vibrating-conveyor-1-683x1024-1.jpg 683w, https:\/\/www.urmachinery.com\/wp-content\/uploads\/2024\/05\/outline-structure-diagram-of-hot-material-vibrating-conveyor-1-683x1024-1-600x900.jpg 600w, https:\/\/www.urmachinery.com\/wp-content\/uploads\/2024\/05\/outline-structure-diagram-of-hot-material-vibrating-conveyor-1-683x1024-1-200x300.jpg 200w\" sizes=\"(max-width: 289px) 100vw, 289px\" \/><img decoding=\"async\" class=\"alignnone wp-image-2130\" src=\"https:\/\/www.urmachinery.com\/wp-content\/uploads\/2024\/05\/outline-structure-diagram-of-hot-material-vibrating-conveyor-1024x683-1.jpg\" alt=\"diagrama de estructura general del transportador vibratorio inercial de material caliente\" width=\"459\" height=\"306\" srcset=\"https:\/\/www.urmachinery.com\/wp-content\/uploads\/2024\/05\/outline-structure-diagram-of-hot-material-vibrating-conveyor-1024x683-1.jpg 1024w, https:\/\/www.urmachinery.com\/wp-content\/uploads\/2024\/05\/outline-structure-diagram-of-hot-material-vibrating-conveyor-1024x683-1-600x400.jpg 600w, https:\/\/www.urmachinery.com\/wp-content\/uploads\/2024\/05\/outline-structure-diagram-of-hot-material-vibrating-conveyor-1024x683-1-300x200.jpg 300w, https:\/\/www.urmachinery.com\/wp-content\/uploads\/2024\/05\/outline-structure-diagram-of-hot-material-vibrating-conveyor-1024x683-1-768x512.jpg 768w\" sizes=\"(max-width: 459px) 100vw, 459px\" \/><\/p>\n<p><strong><em>\u00a0 \u00a0 \u00a0 \u00a0 \u00a0 \u00a0 \u00a0 \u00a0 \u00a0 \u00a0 \u00a0 \u00a0 \u00a0 \u00a0 \u00a0 \u00a0 \u00a0 \u00a0 \u00a0 \u00a0 \u00a0 \u00a0 \u00a0 \u00a0Diagrama de estructura de esquema<\/em><\/strong><\/p>\n<p>&nbsp;<\/p>\n<p><strong>Solicitud:<\/strong><\/p>\n<p>El transportador vibratorio inercial de material caliente es un tipo de maquinaria de transporte general que, adem\u00e1s de usarse en la industria del cemento, tambi\u00e9n se puede usar en metalurgia, miner\u00eda, industria qu\u00edmica, energ\u00eda el\u00e9ctrica y otras industrias; Es un nuevo equipo de transporte ideal.<\/p>","protected":false},"excerpt":{"rendered":"<p>Hot material inertial vibratory conveyor is a long-distance conveying equipment with an airlock function. This machine is suitable for conveying all kinds of granular materials below medium block and horizontal conveying (\u2264500\u2103) high temperature and high abrasion materials, such as drying hot slag, cement hot material etc. &nbsp; Features: The hot material inertial vibratory conveyor [&hellip;]<\/p>\n","protected":false},"featured_media":3165,"template":"","meta":[],"product_brand":[],"product_cat":[40],"product_tag":[229,230,231,72],"class_list":{"0":"post-2126","1":"product","2":"type-product","3":"status-publish","4":"has-post-thumbnail","6":"product_cat-vibratory-conveyor","7":"product_tag-hot-material-inertial-vibratory-conveyor","8":"product_tag-inertial-vibratory-conveyor","9":"product_tag-inertial-vibratory-conveyor-manufacturer","10":"product_tag-vibratory-conveyor-manufacturer","12":"first","13":"instock","14":"shipping-taxable","15":"product-type-simple"},"_links":{"self":[{"href":"https:\/\/www.urmachinery.com\/es\/wp-json\/wp\/v2\/product\/2126","targetHints":{"allow":["GET"]}}],"collection":[{"href":"https:\/\/www.urmachinery.com\/es\/wp-json\/wp\/v2\/product"}],"about":[{"href":"https:\/\/www.urmachinery.com\/es\/wp-json\/wp\/v2\/types\/product"}],"wp:featuredmedia":[{"embeddable":true,"href":"https:\/\/www.urmachinery.com\/es\/wp-json\/wp\/v2\/media\/3165"}],"wp:attachment":[{"href":"https:\/\/www.urmachinery.com\/es\/wp-json\/wp\/v2\/media?parent=2126"}],"wp:term":[{"taxonomy":"product_brand","embeddable":true,"href":"https:\/\/www.urmachinery.com\/es\/wp-json\/wp\/v2\/product_brand?post=2126"},{"taxonomy":"product_cat","embeddable":true,"href":"https:\/\/www.urmachinery.com\/es\/wp-json\/wp\/v2\/product_cat?post=2126"},{"taxonomy":"product_tag","embeddable":true,"href":"https:\/\/www.urmachinery.com\/es\/wp-json\/wp\/v2\/product_tag?post=2126"}],"curies":[{"name":"wp","href":"https:\/\/api.w.org\/{rel}","templated":true}]}}