{"id":2152,"date":"2024-06-05T03:00:36","date_gmt":"2024-06-05T03:00:36","guid":{"rendered":"https:\/\/www.urmachinery.com\/?post_type=product&#038;p=2152"},"modified":"2024-06-07T05:56:43","modified_gmt":"2024-06-07T05:56:43","slug":"transportador-vibratorio-excentrico-de-ballesta","status":"publish","type":"product","link":"https:\/\/www.urmachinery.com\/es\/product\/leaf-spring-eccentric-vibratory-conveyor\/","title":{"rendered":"Transportador vibratorio exc\u00e9ntrico de ballesta"},"content":{"rendered":"<div id=\"index_1\" class=\"del_item\">\n<div class=\"del_intro\">\n<div class=\"lcon\">\n<div class=\"del_intropp\"><iframe class=\"lazy-loaded\" title=\"reproductor de v\u00eddeos de youtube\" src=\"https:\/\/www.youtube.com\/embed\/5e87G2W9vp0?si=OY8s9tygytNCJumW\" width=\"1140\" height=\"600\" frameborder=\"0\" allowfullscreen=\"allowfullscreen\" data-lazy-type=\"iframe\" data-src=\"https:\/\/www.youtube.com\/embed\/5e87G2W9vp0?si=OY8s9tygytNCJumW\" data-mce-fragment=\"1\"><span data-mce-type=\"bookmark\" style=\"display: inline-block; width: 0px; overflow: hidden; line-height: 0;\" class=\"mce_SELRES_start\"><\/span><\/iframe><\/div>\n<div><\/div>\n<div class=\"del_intropp\">El transportador vibratorio exc\u00e9ntrico tipo ballesta es un tipo de transportador equilibrado. Podemos fabricar un ancho de canal transportador de 600 mm ~ 2000 mm. Y la longitud del canal del transportador se puede personalizar seg\u00fan los requisitos del usuario. Este tipo de transportador vibratorio de larga distancia producido por nuestra empresa a menudo se usa ampliamente para transportar, enfriar y secar materiales como sal, az\u00facar, migas de caucho, etc. En comparaci\u00f3n con los transportadores con motor de vibraci\u00f3n tradicionales y los transportadores de tornillo, ahorra m\u00e1s energ\u00eda. eficiente, f\u00e1cil de mantener y con baja tasa de fallas.<\/div>\n<div><\/div>\n<div><\/div>\n<div><strong>Par\u00e1metros t\u00e9cnicos:<\/strong><\/div>\n<div>\n<table width=\"116%\">\n<tbody>\n<tr>\n<td rowspan=\"2\" width=\"11%\">Modelo<\/td>\n<td rowspan=\"2\" width=\"9%\">Capacidad (t\/h)<\/td>\n<td rowspan=\"2\" width=\"10%\">Frecuencia de vibraci\u00f3n (Hz)<\/td>\n<td colspan=\"12\" width=\"68%\">Longitud del canal (m)\/Potencia (KW)<\/td>\n<\/tr>\n<tr>\n<td width=\"4%\">3<\/td>\n<td width=\"4%\">4<\/td>\n<td width=\"4%\">5<\/td>\n<td width=\"4%\">6<\/td>\n<td width=\"4%\">8<\/td>\n<td width=\"4%\">10<\/td>\n<td width=\"6%\">12<\/td>\n<td width=\"6%\">15<\/td>\n<td width=\"6%\">18<\/td>\n<td width=\"6%\">20<\/td>\n<td width=\"6%\">25<\/td>\n<td width=\"6%\">30<\/td>\n<\/tr>\n<tr>\n<td width=\"11%\">ABM150<\/td>\n<td width=\"9%\">5<\/td>\n<td width=\"10%\">6.7~10.8<\/td>\n<td width=\"4%\">1.5<\/td>\n<td width=\"4%\">1.5<\/td>\n<td width=\"4%\">1.5<\/td>\n<td width=\"4%\">1.5<\/td>\n<td width=\"4%\">1.5<\/td>\n<td width=\"4%\">1.5<\/td>\n<td width=\"6%\">1.5<\/td>\n<td width=\"6%\">1.5<\/td>\n<td width=\"6%\">2.2<\/td>\n<td width=\"6%\">2.2<\/td>\n<td width=\"6%\">2.2<\/td>\n<td width=\"6%\">3.7<\/td>\n<\/tr>\n<tr>\n<td width=\"11%\">ABM300<\/td>\n<td width=\"9%\">20<\/td>\n<td width=\"10%\">6.7~10.8<\/td>\n<td width=\"4%\">1.5<\/td>\n<td width=\"4%\">1.5<\/td>\n<td width=\"4%\">1.5<\/td>\n<td width=\"4%\">1.5<\/td>\n<td width=\"4%\">1.5<\/td>\n<td width=\"4%\">1.5<\/td>\n<td width=\"6%\">2.2<\/td>\n<td width=\"6%\">2.2<\/td>\n<td width=\"6%\">3.7<\/td>\n<td width=\"6%\">3.7<\/td>\n<td width=\"6%\">3.7<\/td>\n<td width=\"6%\">5.5<\/td>\n<\/tr>\n<tr>\n<td width=\"11%\">ABM450<\/td>\n<td width=\"9%\">35<\/td>\n<td width=\"10%\">6.7~10.8<\/td>\n<td width=\"4%\">1.5<\/td>\n<td width=\"4%\">1.5<\/td>\n<td width=\"4%\">1.5<\/td>\n<td width=\"4%\">1.5<\/td>\n<td width=\"4%\">1.5<\/td>\n<td width=\"4%\">2.2<\/td>\n<td width=\"6%\">2.2<\/td>\n<td width=\"6%\">3.7<\/td>\n<td width=\"6%\">3.7<\/td>\n<td width=\"6%\">3.7<\/td>\n<td width=\"6%\">5.5<\/td>\n<td width=\"6%\">5.5<\/td>\n<\/tr>\n<tr>\n<td width=\"11%\">ABM600<\/td>\n<td width=\"9%\">50<\/td>\n<td width=\"10%\">6.7~10.8<\/td>\n<td width=\"4%\">1.5<\/td>\n<td width=\"4%\">1.5<\/td>\n<td width=\"4%\">1.5<\/td>\n<td width=\"4%\">1.5<\/td>\n<td width=\"4%\">2.2<\/td>\n<td width=\"4%\">2.2<\/td>\n<td width=\"6%\">3.7<\/td>\n<td width=\"6%\">3.7<\/td>\n<td width=\"6%\">3.7<\/td>\n<td width=\"6%\">5.5<\/td>\n<td width=\"6%\">5.5<\/td>\n<td width=\"6%\">7.5<\/td>\n<\/tr>\n<tr>\n<td width=\"11%\">ABM750<\/td>\n<td width=\"9%\">65<\/td>\n<td width=\"10%\">6.7~10.8<\/td>\n<td width=\"4%\">1.5<\/td>\n<td width=\"4%\">1.5<\/td>\n<td width=\"4%\">2.2<\/td>\n<td width=\"4%\">2.2<\/td>\n<td width=\"4%\">3.7<\/td>\n<td width=\"4%\">3.7<\/td>\n<td width=\"6%\">5.5<\/td>\n<td width=\"6%\">5.5<\/td>\n<td width=\"6%\">7.5<\/td>\n<td width=\"6%\">7.5<\/td>\n<td width=\"6%\">5.5*2<\/td>\n<td width=\"6%\">5.5*2<\/td>\n<\/tr>\n<tr>\n<td width=\"11%\">ABM900<\/td>\n<td width=\"9%\">80<\/td>\n<td width=\"10%\">6.7~10.8<\/td>\n<td width=\"4%\">1.5<\/td>\n<td width=\"4%\">2.2<\/td>\n<td width=\"4%\">2.2<\/td>\n<td width=\"4%\">3.7<\/td>\n<td width=\"4%\">3.7<\/td>\n<td width=\"4%\">3.7<\/td>\n<td width=\"6%\">5.5<\/td>\n<td width=\"6%\">5.5<\/td>\n<td width=\"6%\">7.5<\/td>\n<td width=\"6%\">7.5<\/td>\n<td width=\"6%\">5.5*2<\/td>\n<td width=\"6%\">5.5*2<\/td>\n<\/tr>\n<tr>\n<td width=\"11%\">ABM1050<\/td>\n<td width=\"9%\">95<\/td>\n<td width=\"10%\">6.7~10.8<\/td>\n<td width=\"4%\">1.5<\/td>\n<td width=\"4%\">2.2<\/td>\n<td width=\"4%\">3.7<\/td>\n<td width=\"4%\">3.7<\/td>\n<td width=\"4%\">3.7<\/td>\n<td width=\"4%\">5.5<\/td>\n<td width=\"6%\">5.5<\/td>\n<td width=\"6%\">7.5<\/td>\n<td width=\"6%\">7.5<\/td>\n<td width=\"6%\">5.5*2<\/td>\n<td width=\"6%\">5.5*2<\/td>\n<td width=\"6%\">7.5*2<\/td>\n<\/tr>\n<tr>\n<td width=\"11%\">ABM1200<\/td>\n<td width=\"9%\">110<\/td>\n<td width=\"10%\">6.7~10.8<\/td>\n<td width=\"4%\">2.2<\/td>\n<td width=\"4%\">2.2<\/td>\n<td width=\"4%\">3.7<\/td>\n<td width=\"4%\">3.7<\/td>\n<td width=\"4%\">3.7<\/td>\n<td width=\"4%\">5.5<\/td>\n<td width=\"6%\">5.5<\/td>\n<td width=\"6%\">7.5<\/td>\n<td width=\"6%\">5.5*2<\/td>\n<td width=\"6%\">5.5*2<\/td>\n<td width=\"6%\">5.5*2<\/td>\n<td width=\"6%\">7.5*2<\/td>\n<\/tr>\n<tr>\n<td width=\"11%\">ABM1350<\/td>\n<td width=\"9%\">125<\/td>\n<td width=\"10%\">6.7~10.8<\/td>\n<td width=\"4%\">2.2<\/td>\n<td width=\"4%\">3.7<\/td>\n<td width=\"4%\">3.7<\/td>\n<td width=\"4%\">3.7<\/td>\n<td width=\"4%\">5.5<\/td>\n<td width=\"4%\">5.5<\/td>\n<td width=\"6%\">7.5<\/td>\n<td width=\"6%\">7.5<\/td>\n<td width=\"6%\">5.5*2<\/td>\n<td width=\"6%\">5.5*2<\/td>\n<td width=\"6%\">7.5*2<\/td>\n<td width=\"6%\">7.5*2<\/td>\n<\/tr>\n<tr>\n<td width=\"11%\">ABM1500<\/td>\n<td width=\"9%\">140<\/td>\n<td width=\"10%\">6.7~10.8<\/td>\n<td width=\"4%\">2.2<\/td>\n<td width=\"4%\">3.7<\/td>\n<td width=\"4%\">3.7<\/td>\n<td width=\"4%\">3.7<\/td>\n<td width=\"4%\">5.5<\/td>\n<td width=\"4%\">5.5<\/td>\n<td width=\"6%\">7.5<\/td>\n<td width=\"6%\">5.5*2<\/td>\n<td width=\"6%\">5.5*2<\/td>\n<td width=\"6%\">5.5*2<\/td>\n<td width=\"6%\">7.5*2<\/td>\n<td width=\"6%\">11*2<\/td>\n<\/tr>\n<tr>\n<td width=\"11%\">ABM1650<\/td>\n<td width=\"9%\">155<\/td>\n<td width=\"10%\">6.7~10.8<\/td>\n<td width=\"4%\">2.2<\/td>\n<td width=\"4%\">3.7<\/td>\n<td width=\"4%\">3.7<\/td>\n<td width=\"4%\">5.5<\/td>\n<td width=\"4%\">5.5<\/td>\n<td width=\"4%\">7.5<\/td>\n<td width=\"6%\">7.5<\/td>\n<td width=\"6%\">5.5*2<\/td>\n<td width=\"6%\">5.5*2<\/td>\n<td width=\"6%\">7.5*2<\/td>\n<td width=\"6%\">7.5*2<\/td>\n<td width=\"6%\">11*2<\/td>\n<\/tr>\n<tr>\n<td width=\"11%\">ABM1800<\/td>\n<td width=\"9%\">170<\/td>\n<td width=\"10%\">6.7~10.8<\/td>\n<td width=\"4%\">3.7<\/td>\n<td width=\"4%\">3.7<\/td>\n<td width=\"4%\">3.7<\/td>\n<td width=\"4%\">5.5<\/td>\n<td width=\"4%\">5.5<\/td>\n<td width=\"4%\">7.5<\/td>\n<td width=\"6%\">7.5<\/td>\n<td width=\"6%\">5.5*2<\/td>\n<td width=\"6%\">5.5*2<\/td>\n<td width=\"6%\">7.5*2<\/td>\n<td width=\"6%\">7.5*2<\/td>\n<td width=\"6%\">11*2<\/td>\n<\/tr>\n<tr>\n<td width=\"11%\">ABM2000<\/td>\n<td width=\"9%\">185<\/td>\n<td width=\"10%\">6.7~10.8<\/td>\n<td width=\"4%\">3.7<\/td>\n<td width=\"4%\">3.7<\/td>\n<td width=\"4%\">5.5<\/td>\n<td width=\"4%\">5.5<\/td>\n<td width=\"4%\">7.5<\/td>\n<td width=\"4%\">7.5<\/td>\n<td width=\"6%\">5.5*2<\/td>\n<td width=\"6%\">5.5*2<\/td>\n<td width=\"6%\">7.5*2<\/td>\n<td width=\"6%\">7.5*2<\/td>\n<td width=\"6%\">11*2<\/td>\n<td width=\"6%\">11*2<\/td>\n<\/tr>\n<\/tbody>\n<\/table>\n<p><strong>Nota:<\/strong><\/p>\n<ul>\n<li>Los datos anteriores son s\u00f3lo para referencia. Nuestra empresa se reserva el derecho de modificar los datos anteriores.<\/li>\n<li>La capacidad de transporte aqu\u00ed se calcula en funci\u00f3n del transporte horizontal de arena de r\u00edo (densidad aparente 1,6 t\/m\u00b3, contenido de agua 5%).<\/li>\n<li>Es necesario volver a calcular la potencia de la cubeta de transporte con tapa de sellado, placa de revestimiento y materiales de transporte con diferentes densidades aparentes.<\/li>\n<li>Cuando la distancia de transporte supera los 15 metros, adoptaremos la estructura segmentada y el usuario deber\u00e1 ensamblarla y conectarla en el sitio.<\/li>\n<\/ul>\n<p>&nbsp;<\/p>\n<p><strong>Solicitud:<\/strong><\/p>\n<p>El transportador vibratorio equilibrado exc\u00e9ntrico AAREAL puede usarse ampliamente para transportar az\u00facar, sal, fertilizantes qu\u00edmicos, carb\u00f3n activado, migas de caucho, part\u00edculas de resina, part\u00edculas de polietileno, polvo de HDPE, polvo de LDPE, condimentos, etc. Tomemos como ejemplo nuestro ABM600-8. El ancho del canal es de 600 mm y la longitud del canal es de aproximadamente 8 metros. Para el transporte de sal, la capacidad es de unas 25 toneladas\/hora.<\/p>\n<\/div>\n<\/div>\n<\/div>\n<\/div>","protected":false},"excerpt":{"rendered":"<p>\ufeff The leaf spring type eccentric vibrating conveyor is a kind of balanced conveyor. We can make 600mm~2000mm conveyor trough width. And the conveyor trough length can be customized according to the user\u2019s requirements. This kind of long distance vibrating conveyor produced by our company is often widely used in conveying, cooling and drying materials [&hellip;]<\/p>\n","protected":false},"featured_media":3158,"template":"","meta":[],"product_brand":[],"product_cat":[40],"product_tag":[245,248,246,249,241,244,242,243,238,239,240,247,250],"class_list":{"0":"post-2152","1":"product","2":"type-product","3":"status-publish","4":"has-post-thumbnail","6":"product_cat-vibratory-conveyor","7":"product_tag-balanced-conveyor-manufacturer","8":"product_tag-balanced-conveyor-supplier","9":"product_tag-balanced-vibrating-conveyor-manufacturer","10":"product_tag-balanced-vibrating-conveyor-supplier","11":"product_tag-eccentric-vibrating-conveyor","12":"product_tag-eccentric-vibrating-conveyor-factory","13":"product_tag-eccentric-vibrating-conveyor-manufacturer","14":"product_tag-eccentric-vibrating-conveyor-supplier","15":"product_tag-leaf-spring-eccentric-vibrating-conveyor","16":"product_tag-leaf-spring-eccentric-vibrating-conveyor-manufacturer","17":"product_tag-leaf-spring-eccentric-vibrating-conveyor-supplier","18":"product_tag-vibrating-balanced-conveyor-manufacturer","19":"product_tag-vibrating-balanced-conveyor-supplier","21":"first","22":"instock","23":"shipping-taxable","24":"product-type-simple"},"_links":{"self":[{"href":"https:\/\/www.urmachinery.com\/es\/wp-json\/wp\/v2\/product\/2152","targetHints":{"allow":["GET"]}}],"collection":[{"href":"https:\/\/www.urmachinery.com\/es\/wp-json\/wp\/v2\/product"}],"about":[{"href":"https:\/\/www.urmachinery.com\/es\/wp-json\/wp\/v2\/types\/product"}],"wp:featuredmedia":[{"embeddable":true,"href":"https:\/\/www.urmachinery.com\/es\/wp-json\/wp\/v2\/media\/3158"}],"wp:attachment":[{"href":"https:\/\/www.urmachinery.com\/es\/wp-json\/wp\/v2\/media?parent=2152"}],"wp:term":[{"taxonomy":"product_brand","embeddable":true,"href":"https:\/\/www.urmachinery.com\/es\/wp-json\/wp\/v2\/product_brand?post=2152"},{"taxonomy":"product_cat","embeddable":true,"href":"https:\/\/www.urmachinery.com\/es\/wp-json\/wp\/v2\/product_cat?post=2152"},{"taxonomy":"product_tag","embeddable":true,"href":"https:\/\/www.urmachinery.com\/es\/wp-json\/wp\/v2\/product_tag?post=2152"}],"curies":[{"name":"wp","href":"https:\/\/api.w.org\/{rel}","templated":true}]}}