{"id":2175,"date":"2024-06-05T12:00:02","date_gmt":"2024-06-05T12:00:02","guid":{"rendered":"https:\/\/www.urmachinery.com\/?post_type=product&#038;p=2175"},"modified":"2024-06-07T05:52:32","modified_gmt":"2024-06-07T05:52:32","slug":"mampara-giratoria-para-puerta-de-acceso-lateral","status":"publish","type":"product","link":"https:\/\/www.urmachinery.com\/es\/product\/side-access-door-gyratory-screen\/","title":{"rendered":"Pantalla giratoria de puerta de acceso lateral"},"content":{"rendered":"<div id=\"index_1\" class=\"del_item\">\n<div class=\"del_intro\">\n<div class=\"lcon\">\n<p><strong><iframe class=\"lazy-loaded\" title=\"reproductor de v\u00eddeos de youtube\" src=\"https:\/\/www.youtube.com\/embed\/0G1AgCoUj1E?si=HTHYk9wb_HNwl9oK\" width=\"1140\" height=\"600\" frameborder=\"0\" allowfullscreen=\"allowfullscreen\" data-lazy-type=\"iframe\" data-src=\"https:\/\/www.youtube.com\/embed\/0G1AgCoUj1E?si=HTHYk9wb_HNwl9oK\" data-mce-fragment=\"1\"><span data-mce-type=\"bookmark\" style=\"display: inline-block; width: 0px; overflow: hidden; line-height: 0;\" class=\"mce_SELRES_start\"><\/span><\/iframe><\/strong><\/p>\n<p><strong>Introducci\u00f3n:<\/strong><\/p>\n<div class=\"del_intropp\">\n<p id=\"cs\">En comparaci\u00f3n con la criba giratoria modelo AD tradicional, la criba giratoria de puerta lateral tiene un menor costo de mantenimiento y un tiempo de reemplazo de criba m\u00e1s r\u00e1pido. Los paneles de pantalla livianos y pretensados permiten una f\u00e1cil inspecci\u00f3n y reemplazo de la pantalla en unos minutos.<\/p>\n<p id=\"cs\">\u00a0 El tamiz giratorio de puerta lateral se utiliza para el cribado de alta precisi\u00f3n y gran capacidad para gr\u00e1nulos de 40 \u03bcm~10 mm. Se puede utilizar en el cribado de miles de materiales como sal, az\u00facar, carbonato de sodio, arena de s\u00edlice, arena de ceramsita, urea, perlas de vidrio, al\u00famina, arcilla, piedra caliza, harina, leche en polvo, caf\u00e9, cereales, especias y cacao en polvo. , glucosa, almid\u00f3n, nitrato de amonio, fosfato, hidr\u00f3xido de potasio, astillas de madera, escamas, polvo de madera, medicamentos, gr\u00e1nulos de pl\u00e1stico, polvo de metal, etc.<\/p>\n<\/div>\n<\/div>\n<div class=\"rcon\">\n<div class=\"changpic\"><\/div>\n<\/div>\n<\/div>\n<\/div>\n<div id=\"index_2\" class=\"del_item\">\n<p><strong>Caracter\u00edsticas:<\/strong><\/p>\n<div class=\"del_intropp\">\n<p id=\"cs\">(1) Cambie la estructura de la criba giratoria tradicional para reemplazar la criba desde la parte superior; el tipo de puerta lateral realiza el reemplazo de la criba desde ambos lados de la caja de la criba.<\/p>\n<p id=\"cs\">(2) Cambiar la estructura de toda la capa de la m\u00e1quina tamizadora tradicional. Cada capa del tipo de puerta lateral se compone de m\u00faltiples placas de tamiz peque\u00f1as e independientes. Cada placa de tamiz peque\u00f1a pesa entre 1\/2 y 1\/8 del peso y el \u00e1rea de la placa de tamiz original.<\/p>\n<p id=\"cs\">(3) Cambiar el proceso de operaci\u00f3n de la criba giratoria tradicional de modo que cuando reemplace la criba inferior, el usuario debe quitar la criba superior y la cubierta de la criba. El tipo de puerta lateral puede reemplazar directamente la pantalla inferior sin mover la placa superior o la cubierta de la pantalla, ahorrando trabajo innecesario.<\/p>\n<p id=\"cs\">(4) Para la criba giratoria tradicional, si la criba est\u00e1 rota en alguna parte, es necesario reemplazar toda la criba, pero para el tipo de puerta lateral, las personas solo necesitan reemplazar una peque\u00f1a pieza de la placa de criba da\u00f1ada en cada capa, lo que tambi\u00e9n ahorra operaciones innecesarias.<\/p>\n<p id=\"cs\">(5) La operaci\u00f3n tradicional de reemplazo de la pantalla es demasiado engorrosa y el tiempo es demasiado largo, por lo que el tiempo de inactividad de toda la l\u00ednea de producci\u00f3n es demasiado largo y afecta la producci\u00f3n. El tipo de puerta lateral simplifica el reemplazo de la pantalla y el tiempo se reduce a 10 minutos.<\/p>\n<p id=\"cs\">(6) El trabajo de reemplazo de la pantalla es seguro. Dado que cada capa de la criba est\u00e1 dividida en 2 a 8 placas de criba peque\u00f1as separadas, el peso de cada placa de criba peque\u00f1a estar\u00e1 dentro de los 20 kg, lo cual es bastante seguro para el operador.<\/p>\n<p id=\"cs\">(7) Dado que el peso y el \u00e1rea de la placa de criba peque\u00f1a de cada capa son de 1\/2 a 1\/8 de la placa de criba original, no es necesario utilizar equipos auxiliares como elevaci\u00f3n al reemplazar la criba y el reemplazo de la criba. es m\u00e1s r\u00e1pido.<\/p>\n<p id=\"cs\">(8) Dado que se utilizan placas de tamiz peque\u00f1as, no se requiere m\u00e1s espacio al reemplazar la malla, lo que ahorra espacio en la instalaci\u00f3n del equipo.<\/p>\n<p id=\"cs\">(9) Seg\u00fan las caracter\u00edsticas del tipo de puerta lateral mencionadas anteriormente, como que el \u00e1rea de la placa de pantalla es controlable, el peso es peque\u00f1o, la puerta se puede abrir lateralmente, no hay interferencia entre las capas de la placa de pantalla y el tama\u00f1o peque\u00f1o Las placas de criba de bloque tambi\u00e9n son independientes entre s\u00ed, lo que puede hacer que la criba fina cumpla con algunos entornos de aplicaci\u00f3n que tienen requisitos estrictos en cuanto a tiempo y espacio para el reemplazo de la criba, como materiales de uni\u00f3n fuertes, materiales abrasivos y entornos de aplicaci\u00f3n que requieren el reemplazo frecuente de cribas de diferentes aperturas. .<\/p>\n<\/div>\n<\/div>\n<div id=\"index_3\" class=\"del_item\">\n<p>&nbsp;<\/p>\n<p><strong>Principio de funcionamiento:<\/strong><\/p>\n<div class=\"del_intropp\">\n<p id=\"cs\">El movimiento alternativo giratorio de la criba giratoria comienza con un movimiento circular en el extremo de alimentaci\u00f3n, disminuyendo gradualmente a lo largo de la m\u00e1quina hasta llegar a un movimiento el\u00edptico en el medio y, finalmente, a un movimiento casi recto en el extremo de descarga.<\/p>\n<\/div>\n<div class=\"del_pic\"><img decoding=\"async\" src=\"https:\/\/www.aarealmachine.com\/wp-content\/themes\/aruier\/images\/work_pic.jpg\" alt=\"\" \/><\/div>\n<ul class=\"work_text\">\n<li>\n<p id=\"cs\">1.En el extremo de alimentaci\u00f3n: movimiento circular<\/p>\n<p>El movimiento giratorio en el extremo de alimentaci\u00f3n puede completar r\u00e1pidamente la dispersi\u00f3n, estratificaci\u00f3n, separaci\u00f3n y avance del material a lo largo de todo el ancho de la superficie de la criba.<\/li>\n<li>\n<p id=\"cs\">2.En el centro: movimiento el\u00edptico<\/p>\n<p>El movimiento el\u00edptico de carrera larga puede mejorar la estratificaci\u00f3n del material, lo que ayuda a mejorar la capacidad de cribado.<\/li>\n<li>\n<p id=\"cs\">3.En el extremo de descarga: movimiento alternativo<\/p>\n<p>El movimiento alternativo en el extremo de descarga puede eliminar las part\u00edculas de tama\u00f1o cercano, mejorando la eficiencia del cribado. Y casi no tiene part\u00edculas que salten verticalmente, lo que garantiza que el material est\u00e9 en contacto constante con la superficie de la pantalla.<\/li>\n<\/ul>\n<\/div>\n<div id=\"index_4\" class=\"del_item\">\n<p>&nbsp;<\/p>\n<p><strong>Par\u00e1metros t\u00e9cnicos:<\/strong><\/p>\n<div class=\"pro_table\">\n<table cellspacing=\"0\" cellpadding=\"0\">\n<tbody>\n<tr>\n<td>Modelo<\/td>\n<td>\u00c1rea de pantalla (m\u00b2)<\/td>\n<td>Capas de pantalla<\/td>\n<td>Potencia (kilovatios)<\/td>\n<td>\u00c1rbitro. Dimensiones (mm)<\/td>\n<\/tr>\n<tr>\n<td>ADC-515<\/td>\n<td>0.75<\/td>\n<td>1~2<\/td>\n<td>1.5<\/td>\n<td>3300*810*1800<\/td>\n<\/tr>\n<tr>\n<td>ADC-1021<\/td>\n<td>2.1<\/td>\n<td>1~2<\/td>\n<td>3<\/td>\n<td>3900*1310*1800<\/td>\n<\/tr>\n<tr>\n<td>ADC-1030<\/td>\n<td>3<\/td>\n<td>1~3<\/td>\n<td>4<\/td>\n<td>5400*2120*2100<\/td>\n<\/tr>\n<tr>\n<td>ADC-1036<\/td>\n<td>3.6<\/td>\n<td>1~3<\/td>\n<td>4<\/td>\n<td>6000*2120*2100<\/td>\n<\/tr>\n<tr>\n<td>ADC-1530<\/td>\n<td>4.5<\/td>\n<td>1~3<\/td>\n<td>5.5<\/td>\n<td>5400*2620*2590<\/td>\n<\/tr>\n<tr>\n<td>ADC-1536<\/td>\n<td>5.4<\/td>\n<td>1~3<\/td>\n<td>5.5<\/td>\n<td>6000*2620*2590<\/td>\n<\/tr>\n<tr>\n<td>ADC-1836<\/td>\n<td>6.48<\/td>\n<td>1~3<\/td>\n<td>7.5<\/td>\n<td>6000*2920*2590<\/td>\n<\/tr>\n<tr>\n<td>ADC-1840<\/td>\n<td>7.2<\/td>\n<td>1~3<\/td>\n<td>7.5<\/td>\n<td>6400*2920*2590<\/td>\n<\/tr>\n<tr>\n<td>ADC-1550<\/td>\n<td>7.5<\/td>\n<td>1~3<\/td>\n<td>7.5<\/td>\n<td>7250*2620*2590<\/td>\n<\/tr>\n<\/tbody>\n<\/table>\n<\/div>\n<div class=\"del_screen\">\n<h5>Detalles de nuestra pantalla giratoria<\/h5>\n<ul class=\"scr_picbox\">\n<li>\n<div class=\"screenitem\">\n<div class=\"changpic\"><img decoding=\"async\" src=\"https:\/\/www.aarealmachine.com\/wp-content\/uploads\/2021\/06\/t1.jpg\" alt=\"\" \/><\/div>\n<div class=\"scr_text\">\n<p id=\"cs\">Motor<\/p>\n<\/div>\n<\/div>\n<\/li>\n<li>\n<div class=\"screenitem\">\n<div class=\"changpic\"><img decoding=\"async\" src=\"https:\/\/www.aarealmachine.com\/wp-content\/uploads\/2021\/06\/t2.jpg\" alt=\"\" \/><\/div>\n<div class=\"scr_text\">\n<p id=\"cs\">Excitante<\/p>\n<\/div>\n<\/div>\n<\/li>\n<li>\n<div class=\"screenitem\">\n<div class=\"changpic\"><img decoding=\"async\" src=\"https:\/\/www.aarealmachine.com\/wp-content\/uploads\/2021\/06\/t11.jpg\" alt=\"\" \/><\/div>\n<div class=\"scr_text\">\n<p id=\"cs\">Bolas de limpieza de malla<\/p>\n<\/div>\n<\/div>\n<\/li>\n<li>\n<div class=\"screenitem\">\n<div class=\"changpic\"><img fetchpriority=\"high\" decoding=\"async\" class=\"alignnone wp-image-1807 size-full\" src=\"https:\/\/www.aarealmachine.com\/wp-content\/uploads\/2023\/10\/Ball-Deck.jpg\" alt=\"Plataforma de bolas y panel de pantalla\" width=\"646\" height=\"363\" \/><\/div>\n<div class=\"scr_text\">\n<p id=\"cs\">Cubierta de bolas<\/p>\n<\/div>\n<\/div>\n<\/li>\n<li>\n<div class=\"screenitem\">\n<div class=\"changpic\"><img decoding=\"async\" class=\"alignnone wp-image-1810 size-full\" src=\"https:\/\/www.aarealmachine.com\/wp-content\/uploads\/2023\/10\/Screen-Panel.jpg\" alt=\"Panel de pantalla\" width=\"646\" height=\"363\" \/><\/div>\n<div class=\"scr_text\">\n<p id=\"cs\">Panel de pantalla<\/p>\n<\/div>\n<\/div>\n<\/li>\n<li>\n<div class=\"screenitem\">\n<div class=\"changpic\"><img decoding=\"async\" class=\"alignnone wp-image-1811 size-full\" src=\"https:\/\/www.aarealmachine.com\/wp-content\/uploads\/2023\/10\/Screenn-Panel-Tightening-Device.jpg\" alt=\"Dispositivo de ajuste de paneles Screenn\" width=\"646\" height=\"363\" \/><\/div>\n<div class=\"scr_text\">\n<p id=\"cs\">Dispositivo de ajuste del panel de pantalla<\/p>\n<\/div>\n<\/div>\n<\/li>\n<li>\n<div class=\"screenitem\">\n<div class=\"changpic\"><img loading=\"lazy\" decoding=\"async\" class=\"alignnone wp-image-1808 size-full\" src=\"https:\/\/www.aarealmachine.com\/wp-content\/uploads\/2023\/10\/Drag-Link.jpg\" alt=\"Barra de acoplamiento\" width=\"646\" height=\"363\" \/><\/div>\n<div class=\"scr_text\">\n<p id=\"cs\">Barra de acoplamiento<\/p>\n<\/div>\n<\/div>\n<\/li>\n<li>\n<div class=\"screenitem\">\n<div class=\"changpic\"><img loading=\"lazy\" decoding=\"async\" class=\"alignnone wp-image-1809 size-full\" src=\"https:\/\/www.aarealmachine.com\/wp-content\/uploads\/2023\/10\/Hanging-Rope.jpg\" alt=\"Cuerda para colgar\" width=\"646\" height=\"363\" \/><\/div>\n<div class=\"scr_text\">\n<p id=\"cs\">Cable de suspensi\u00f3n<\/p>\n<\/div>\n<\/div>\n<\/li>\n<\/ul>\n<div class=\"del_ins\">\n<h5><\/h5>\n<h5>Instalaci\u00f3n<\/h5>\n<div class=\"del_insitem\">\n<p id=\"cs\">1. Instalaci\u00f3n del asiento:<\/p>\n<p>Como el sistema de conducci\u00f3n de esta m\u00e1quina tiene una funci\u00f3n de equilibrio, la fuerza de transmisi\u00f3n hacia afuera es menor, se puede instalar directamente en el suelo, o en una estructura de acero o plataforma que permita la vibraci\u00f3n.<\/p>\n<ul class=\"ins_picbox\">\n<li>\n<div class=\"screenitem\">\n<div class=\"changpic\"><img decoding=\"async\" src=\"https:\/\/www.aarealmachine.com\/wp-content\/uploads\/2021\/06\/I1.jpg\" alt=\"\" \/><\/div>\n<div><\/div>\n<\/div>\n<\/li>\n<\/ul>\n<\/div>\n<div class=\"del_insitem\">\n<p id=\"cs\">2. Instalaci\u00f3n de suspensi\u00f3n de cables:<\/p>\n<p>La m\u00e1quina tamizadora se puede izar mediante cables desde las cuatro esquinas de la m\u00e1quina para aislar la fuerza de equilibrio de la m\u00e1quina tamizadora de la estructura circundante.<\/p>\n<ul class=\"ins_picbox\">\n<li>\n<div class=\"screenitem\">\n<div class=\"changpic\"><img loading=\"lazy\" decoding=\"async\" class=\"alignnone wp-image-1659 size-full\" src=\"https:\/\/www.aarealmachine.com\/wp-content\/uploads\/2023\/10\/Side-Door-Gyratory-Screen-1.jpg\" alt=\"Pantalla giratoria de puerta lateral\" width=\"646\" height=\"363\" \/><\/div>\n<\/div>\n<\/li>\n<\/ul>\n<\/div>\n<\/div>\n<\/div>\n<\/div>\n<div id=\"index_5\" class=\"del_item\">\n<p><strong>Solicitud:<\/strong><\/p>\n<div class=\"del_intropp\">\n<p id=\"cs\"><b>Abrasivo:<\/b>\u00a0perlas de vidrio, escoria, al\u00famina, arena y otros materiales abrasivos<\/p>\n<p id=\"cs\"><b>Alimentaci\u00f3n animal:<\/b>\u00a0pienso en polvo y patatas fritas, pasta de carne y comida peque\u00f1a<\/p>\n<p id=\"cs\"><b>Productos de carbono:<\/b>\u00a0Carb\u00f3n coquizable, grafito, carb\u00f3n vegetal, etc.<\/p>\n<p id=\"cs\"><b>Productos qu\u00edmicos:<\/b>\u00a0cientos de compuestos diferentes<\/p>\n<p id=\"cs\"><b>Arcilla:<\/b>\u00a0clasificaci\u00f3n del producto<\/p>\n<p id=\"cs\"><b>Fertilizante:<\/b>\u00a0tamizado de materia prima y cribado fino de producto terminado. Incluyendo nitrato de amonio, fosfato, hidr\u00f3xido de potasio, urea y otros compuestos.<\/p>\n<p id=\"cs\"><b>Alimento:<\/b>\u00a0az\u00facar, harina, leche en polvo, caf\u00e9, cereales, arroz, nueces, condimentos, cacao en polvo, glucosa, almid\u00f3n, etc. Limpieza de granos: ma\u00edz, trigo, soja y otros cereales pelado y limpieza Mineral: mineral, escombros, piedra caliza, carbonato de sodio y sal<\/p>\n<p id=\"cs\"><b>Papel:<\/b>\u00a0pulpa de papel, recubrimiento<\/p>\n<p id=\"cs\"><b>Fibra vulcanizada:<\/b>\u00a0astillas de madera, escamas, trozos de madera, para fabricar tableros de fibra de alta calidad<\/p>\n<p id=\"cs\"><b>Droga:<\/b>\u00a0Muchos grandes fabricantes de medicamentos utilizan m\u00e1quinas de cribado AAREAL, que cumplen con el dise\u00f1o est\u00e1ndar de salud, para lograr una separaci\u00f3n y limpieza precisas y efectivas.<\/p>\n<p id=\"cs\"><b>El plastico:<\/b>\u00a0part\u00edculas de pl\u00e1stico, polvo de pl\u00e1stico<\/p>\n<p id=\"cs\"><b>Metal en polvo:<\/b>\u00a0aluminio, cobre, hierro, n\u00edquel, acero, zinc y muchos otros polvos met\u00e1licos Reciclaje de recursos: se utiliza en el reciclaje de diversos materiales, como el reciclaje de PET, etc.<\/p>\n<p id=\"cs\"><b>Siderurgia:<\/b>\u00a0clasificaci\u00f3n de perdigones de acero y limaduras de metales<\/p>\n<\/div>\n<\/div>","protected":false},"excerpt":{"rendered":"<p>\ufeff Introduction: Compared to the traditional AD model gyratory screen, the side door gyratory screen has a lower maintenance cost and faster screen replacement time. The light weight and pre-tensioned screen panels allow for easy inspection and screen replacement in a few minutes. \u00a0 Side door gyratory screen is used for high precision and large-capacity [&hellip;]<\/p>\n","protected":false},"featured_media":3121,"template":"","meta":[],"product_brand":[],"product_cat":[24],"product_tag":[266,265,252,259,258,255,256,253,254,257,262,260,264,261,263,251],"class_list":{"0":"post-2175","1":"product","2":"type-product","3":"status-publish","4":"has-post-thumbnail","6":"product_cat-gyratory-screen","7":"product_tag-apex-industrial-separator","8":"product_tag-apex-screener","9":"product_tag-gyratory-screen","10":"product_tag-gyratory-screen-separator","11":"product_tag-gyratory-screening-equipment","12":"product_tag-gyratory-screening-machine","13":"product_tag-gyratory-separator","14":"product_tag-gyratory-sifter","15":"product_tag-gyratory-vibrating-screen","16":"product_tag-rectangular-gyratory-screen","17":"product_tag-rotex-apex-screener","18":"product_tag-rotex-screen","19":"product_tag-rotex-screener-for-sale","20":"product_tag-rotex-sifter","21":"product_tag-rotex-vibrating-screen","22":"product_tag-side-door-gyratory-screen","24":"first","25":"instock","26":"featured","27":"shipping-taxable","28":"product-type-simple"},"_links":{"self":[{"href":"https:\/\/www.urmachinery.com\/es\/wp-json\/wp\/v2\/product\/2175","targetHints":{"allow":["GET"]}}],"collection":[{"href":"https:\/\/www.urmachinery.com\/es\/wp-json\/wp\/v2\/product"}],"about":[{"href":"https:\/\/www.urmachinery.com\/es\/wp-json\/wp\/v2\/types\/product"}],"wp:featuredmedia":[{"embeddable":true,"href":"https:\/\/www.urmachinery.com\/es\/wp-json\/wp\/v2\/media\/3121"}],"wp:attachment":[{"href":"https:\/\/www.urmachinery.com\/es\/wp-json\/wp\/v2\/media?parent=2175"}],"wp:term":[{"taxonomy":"product_brand","embeddable":true,"href":"https:\/\/www.urmachinery.com\/es\/wp-json\/wp\/v2\/product_brand?post=2175"},{"taxonomy":"product_cat","embeddable":true,"href":"https:\/\/www.urmachinery.com\/es\/wp-json\/wp\/v2\/product_cat?post=2175"},{"taxonomy":"product_tag","embeddable":true,"href":"https:\/\/www.urmachinery.com\/es\/wp-json\/wp\/v2\/product_tag?post=2175"}],"curies":[{"name":"wp","href":"https:\/\/api.w.org\/{rel}","templated":true}]}}