{"id":2191,"date":"2024-06-05T11:00:28","date_gmt":"2024-06-05T11:00:28","guid":{"rendered":"https:\/\/www.urmachinery.com\/?post_type=product&#038;p=2191"},"modified":"2024-06-07T05:52:15","modified_gmt":"2024-06-07T05:52:15","slug":"tamiz-giratorio-compuesto","status":"publish","type":"product","link":"https:\/\/www.urmachinery.com\/es\/product\/compound-gyratory-sifter\/","title":{"rendered":"Tamiz giratorio compuesto"},"content":{"rendered":"<div id=\"index_2\" class=\"del_item\">\n<div class=\"del_intropp\">\n<div id=\"index_1\" class=\"del_item\">\n<div class=\"del_intro\">\n<div class=\"lcon\">\n<h3><iframe class=\"lazy-loaded\" title=\"reproductor de v\u00eddeos de youtube\" src=\"https:\/\/www.youtube.com\/embed\/EypMiiVVrnk?si=RW3VgxJfxuNJQIkg\" width=\"1140\" height=\"600\" frameborder=\"0\" allowfullscreen=\"allowfullscreen\" data-lazy-type=\"iframe\" data-src=\"https:\/\/www.youtube.com\/embed\/EypMiiVVrnk?si=RW3VgxJfxuNJQIkg\" data-mce-fragment=\"1\"><span data-mce-type=\"bookmark\" style=\"display: inline-block; width: 0px; overflow: hidden; line-height: 0;\" class=\"mce_SELRES_start\"><\/span><\/iframe><\/h3>\n<p><strong>Introducci\u00f3n:<\/strong><\/p>\n<div class=\"del_intropp\">\n<p id=\"cs\">\u00a0 \u00a0 \u00a0Nuestro tamiz giratorio de doble control modelo 2AFF tiene una capacidad mayor que la m\u00e1quina de un solo piso modelo AF. Tiene todos los beneficios del modelo AF. Puede alimentarse en un solo punto o de forma independiente a cada canal. Y las fracciones filtradas de cada canal se pueden combinar o mantener en puertos de descarga separados.<\/p>\n<p id=\"cs\">\u00a0 \u00a0 \u00a0Se utiliza ampliamente en el cribado de granularidad m\u00faltiple y gran capacidad de materiales granulares.<\/p>\n<p id=\"cs\">\u00a0 \u00a0 \u00a0El dispositivo tensor lateral de la criba, el sistema de limpieza de bolas y la mayor amplitud horizontal hacen que la tasa de paso de la criba alcance la m\u00e1s alta y obtenga una enorme capacidad de cribado. Es una nueva generaci\u00f3n de equipos de cribado con baja tasa de fallas, baja tasa de tiempo de inactividad, bajo costo operativo, alta productividad, alta precisi\u00f3n y alta eficiencia.<\/p>\n<\/div>\n<\/div>\n<div class=\"rcon\">\n<div class=\"changpic\"><\/div>\n<\/div>\n<\/div>\n<\/div>\n<div id=\"index_2\" class=\"del_item\">\n<p><strong>Caracter\u00edsticas:<\/strong><\/p>\n<div class=\"del_intropp\">\n<p id=\"cs\"><strong>Las 3 mayores fortalezas de nuestro tamiz giratorio modelo 2AFF en comparaci\u00f3n con los productos producidos por otros proveedores chinos en el mercado:<\/strong><\/p>\n<p id=\"cs\"><strong>(1) El excitador se puede desmontar y montar en su conjunto, lo cual es muy conveniente para reparaci\u00f3n y mantenimiento;<\/strong><\/p>\n<p id=\"cs\"><strong>(2) El excitador de vibraci\u00f3n adopta cojinetes y piezas de funcionamiento de alta calidad y tiene una larga vida \u00fatil;<\/strong><\/p>\n<p id=\"cs\"><strong>(3) El material puede cubrir toda la superficie de la pantalla, utilizando efectivamente el \u00e1rea de la pantalla.<\/strong><\/p>\n<p id=\"cs\">1. El movimiento giratorio y de equilibrio completo hace que el material llene la superficie de la pantalla y haga un mejor uso de la pantalla.<\/p>\n<p id=\"cs\">2. Sistema de limpieza de bolas: utilice las bolas que rebotan para limpiar eficazmente la malla. El efecto del antibloqueo es bueno.<\/p>\n<p id=\"cs\">3. La amplitud horizontal es lo suficientemente grande como para mejorar eficazmente el efecto de tamizado de part\u00edculas de tama\u00f1o cercano, haciendo que la tasa de paso alcance la m\u00e1s alta.<\/p>\n<p id=\"cs\">4. La frecuencia de acci\u00f3n puede ser de hasta 300 veces por minuto, lo que genera una mayor capacidad de producci\u00f3n y una mayor precisi\u00f3n. Alta eficiencia y ahorro energ\u00e9tico.<\/p>\n<p id=\"cs\">5. Se puede utilizar hasta 6 capas y obtener 7 tipos de tama\u00f1os de part\u00edculas, para completar el cribado de malla 12 ~ malla 325.<\/p>\n<p id=\"cs\">6. Se pueden completar varias formas de cribado compuesto y la criba puede tener hasta 12 capas, lo que aumenta el resultado.<\/p>\n<p id=\"cs\">7. S\u00f3lo se necesitan 3 minutos para reemplazar una pantalla.<\/p>\n<p id=\"cs\">8. El sistema tensor de la criba ayuda a mantener la tensi\u00f3n de la criba y la eficiencia de la criba.<\/p>\n<p id=\"cs\">9. Funcionamiento suave y silencioso, bajo nivel de ruido, completamente cerrado, sin polvo y respetuoso con el medio ambiente.<\/p>\n<p id=\"cs\">10. Estructura fuerte, operaci\u00f3n continua y baja tasa de fallas.<\/p>\n<\/div>\n<\/div>\n<\/div>\n<div class=\"del_screen\">\n<h5>Caracter\u00edsticas importantes:<\/h5>\n<div class=\"del_intropp\">\n<p id=\"cs\">1. Tecnolog\u00eda \u00fanica, la pantalla no tiene zona de visi\u00f3n gorda.<\/p>\n<p id=\"cs\">2. La pantalla siempre mantiene tensi\u00f3n para asegurarse de que la malla de la pantalla no se cegue y garantizar el efecto de detecci\u00f3n.<\/p>\n<p id=\"cs\">3. El material est\u00e1 completamente cubierto con la pantalla, sin desviaci\u00f3n.<\/p>\n<p id=\"cs\">4. La estructura de potencia elige piezas de alta calidad para garantizar la durabilidad. El dise\u00f1o de la estructura de potencia es ingenioso, conveniente para reemplazar la correa y el mantenimiento.<\/p>\n<p id=\"cs\">5. La tecnolog\u00eda de remachado y mecanizado CNC garantizan la precisi\u00f3n y uniformidad.<\/p>\n<\/div>\n<\/div>\n<div class=\"del_screen\">\n<div class=\"screenitem\">\n<div class=\"changpic\"><img decoding=\"async\" src=\"https:\/\/www.aarealmachine.com\/wp-content\/uploads\/2021\/06\/I2-1.jpg\" alt=\"\" \/><\/div>\n<div class=\"scr_text\">\n<p id=\"cs\">El dise\u00f1o de pantalla con tensi\u00f3n lateral facilita el reemplazo de la pantalla.<\/p>\n<\/div>\n<\/div>\n<div class=\"screenitem\">\n<div class=\"changpic\"><img decoding=\"async\" src=\"https:\/\/www.aarealmachine.com\/wp-content\/uploads\/2021\/06\/I1-1.jpg\" alt=\"\" \/><\/div>\n<div class=\"scr_text\">\n<p id=\"cs\">use bolas que reboten para limpiar la malla de la pantalla<\/p>\n<\/div>\n<\/div>\n<\/div>\n<\/div>\n<div id=\"index_3\" class=\"del_item\">\n<p>&nbsp;<\/p>\n<p><strong>Principio de funcionamiento:<\/strong><\/p>\n<div class=\"del_intropp\">\n<p id=\"cs\">\u00a0 \u00a0 \u00a0El movimiento giratorio completo extiende, estratifica y separa r\u00e1pidamente los materiales, y la rotaci\u00f3n horizontal y uniforme hace que cada \u00e1rea de la criba tenga una acci\u00f3n y eficiencia de cribado constante, lo que mejora la capacidad de procesamiento de la m\u00e1quina y logra una criba de gran capacidad y alta eficiencia.<\/p>\n<p id=\"cs\">\u00a0 \u00a0 \u00a0La carrera, la velocidad de rotaci\u00f3n y el \u00e1ngulo de inclinaci\u00f3n de la criba se pueden personalizar, y la carrera y la velocidad de rotaci\u00f3n se pueden optimizar en el sitio para mejorar el rendimiento de la criba para diferentes productos.<\/p>\n<p id=\"cs\">\u00a0 \u00a0 \u00a0El movimiento giratorio empuja las bolas que rebotan debajo de la pantalla para golpear continuamente la pantalla, de modo que las part\u00edculas acu\u00f1adas y las part\u00edculas de tama\u00f1o cercano sean expulsadas, manteniendo la pantalla limpia. La gran amplitud horizontal tambi\u00e9n mejora eficazmente el efecto de detecci\u00f3n de part\u00edculas de tama\u00f1o cercano. Seg\u00fan las diferentes aplicaciones, las personas pueden elegir bolas que rebotan de 50 mm, 40 mm o 30 mm.<\/p>\n<\/div>\n<\/div>\n<div id=\"index_4\" class=\"del_item\">\n<p>&nbsp;<\/p>\n<p><strong>Par\u00e1metros t\u00e9cnicos:<\/strong><\/p>\n<div class=\"del_intropp\">\n<p id=\"cs\"><b>1. Velocidad de rotaci\u00f3n:<\/b>\u00a0180~330 rpm y se puede ajustar con precisi\u00f3n<\/p>\n<p id=\"cs\"><b>2. Rango de pendiente de la pantalla:<\/b>\u00a03\u00b0~7\u00b0<\/p>\n<p id=\"cs\"><b>3. Productos:<\/b>\u00a0hasta 12 pantallas, \u00e1rea de selecci\u00f3n: 3~73,5 metros cuadrados, puede producir hasta siete productos<\/p>\n<p id=\"cs\"><b>4. Carrera ajustable:<\/b>\u00a015~50mm<\/p>\n<p id=\"cs\"><b>5. M\u00e1s dise\u00f1os:<\/b><\/p>\n<p id=\"cs\"><b>Pantalla contracorriente:\u00a0<\/b>El puerto de descarga est\u00e1 directamente debajo del puerto de alimentaci\u00f3n, lo cual es conveniente para la conexi\u00f3n del sistema.<\/p>\n<p id=\"cs\"><b>Pantalla compuesta:\u00a0<\/b>Se pueden combinar m\u00faltiples cribas con el mismo tama\u00f1o de malla en una m\u00e1quina tamizadora varias veces para completar el cribado con m\u00faltiples frecuencias al mismo tiempo.<\/p>\n<p id=\"cs\">\u00a0 \u00a0 \u00a0 Las pantallas pueden tener hasta 12 capas. Y una malla de pantalla puede tener hasta 6 compuestos, dos pantallas pueden tener hasta 4 compuestos, tres pantallas pueden tener hasta 4 compuestos y cuatro o cinco pantallas pueden tener doble composici\u00f3n, lo que hace que la salida sea m\u00e1s grande, para lograr el efecto de un filtro compuesto equivale a m\u00faltiples filtros ordinarios de una sola frecuencia.<\/p>\n<\/div>\n<div class=\"pro_table\">\n<table cellspacing=\"0\" cellpadding=\"0\">\n<tbody>\n<tr>\n<td>Capas<\/td>\n<td>Modelo<\/td>\n<td>\u00c1rea de cribado para una sola capa (m2)<\/td>\n<td>Potencia (kilovatios)<\/td>\n<td>Frecuencia (r\/min)<\/td>\n<td>Dimensi\u00f3n (mm)<\/td>\n<\/tr>\n<tr>\n<td rowspan=\"11\">1~12<\/td>\n<td>2AFF-1030<\/td>\n<td>3<\/td>\n<td>3<\/td>\n<td rowspan=\"11\">180~330<\/td>\n<td>3900*1700*(2000~3600)<\/td>\n<\/tr>\n<tr>\n<td>2AFF-1036<\/td>\n<td>3.6<\/td>\n<td>3<\/td>\n<td>4500*1700*(2000~3600)<\/td>\n<\/tr>\n<tr>\n<td>2AFF-1230<\/td>\n<td>3.6<\/td>\n<td>4<\/td>\n<td>3900*1900*(2000~3600)<\/td>\n<\/tr>\n<tr>\n<td>2AFF-1236<\/td>\n<td>4.3<\/td>\n<td>4<\/td>\n<td>4500*1900*(2000~3600)<\/td>\n<\/tr>\n<tr>\n<td>2AFF-1530<\/td>\n<td>4.5<\/td>\n<td>5.5<\/td>\n<td>3900*2200*(2000~3600)<\/td>\n<\/tr>\n<tr>\n<td>2AFF-1536<\/td>\n<td>5.4<\/td>\n<td>5.5<\/td>\n<td>4500*2200*(2000~3600)<\/td>\n<\/tr>\n<tr>\n<td>2AFF-1830<\/td>\n<td>\u00a0\u00a0\u00a05.4<\/td>\n<td>7.5<\/td>\n<td>3900*2500*(2000~3600)<\/td>\n<\/tr>\n<tr>\n<td>2AFF-1836<\/td>\n<td>\u00a0\u00a0\u00a06.48<\/td>\n<td>7.5<\/td>\n<td>4500*2500*(2000~3600)<\/td>\n<\/tr>\n<tr>\n<td>2AFF-2030<\/td>\n<td>6<\/td>\n<td>7.5<\/td>\n<td>3900*2700*(2000~3600)<\/td>\n<\/tr>\n<tr>\n<td>2AFF-2036<\/td>\n<td>7.2<\/td>\n<td>7.5<\/td>\n<td>4500*2700*(2000~3600)<\/td>\n<\/tr>\n<tr>\n<td>2AFF-2040<\/td>\n<td>8<\/td>\n<td>7.5<\/td>\n<td>5100*2700*(2000~3600)<\/td>\n<\/tr>\n<\/tbody>\n<\/table>\n<div class=\"del_intropp\">\n<p id=\"cs\"><b>Nota:<\/b>\u00a0Los datos anteriores son s\u00f3lo para referencia. Nuestra empresa se reserva el derecho de modificar.<\/p>\n<\/div>\n<div class=\"del_screen\">\n<h5>Detalles de nuestra pantalla giratoria<\/h5>\n<div class=\"screenitem\">\n<div class=\"changpic\"><img decoding=\"async\" src=\"https:\/\/www.aarealmachine.com\/wp-content\/uploads\/2021\/06\/d1.jpg\" alt=\"\" \/><\/div>\n<div class=\"scr_text\">\n<p id=\"cs\">Eje universal, puerta del puerto de descarga<\/p>\n<\/div>\n<\/div>\n<div class=\"screenitem\">\n<div class=\"changpic\"><img decoding=\"async\" src=\"https:\/\/www.aarealmachine.com\/wp-content\/uploads\/2021\/06\/d9.jpg\" alt=\"\" \/><\/div>\n<div class=\"scr_text\">\n<p id=\"cs\">Puerta de acceso, motor, correa trapezoidal<\/p>\n<\/div>\n<\/div>\n<div class=\"screenitem\">\n<div class=\"changpic\"><img decoding=\"async\" src=\"https:\/\/www.aarealmachine.com\/wp-content\/uploads\/2021\/06\/d7.jpg\" alt=\"\" \/><\/div>\n<div class=\"scr_text\">\n<p id=\"cs\">Plataforma de bolas, bolas, tira de sellado<\/p>\n<\/div>\n<\/div>\n<div class=\"screenitem\">\n<div class=\"changpic\"><img decoding=\"async\" src=\"https:\/\/www.aarealmachine.com\/wp-content\/uploads\/2021\/06\/d4.jpg\" alt=\"\" \/><\/div>\n<div class=\"scr_text\">\n<p id=\"cs\">Tira de sellado de goma<\/p>\n<\/div>\n<\/div>\n<div class=\"screenitem\">\n<div class=\"changpic\"><img decoding=\"async\" src=\"https:\/\/www.aarealmachine.com\/wp-content\/uploads\/2021\/06\/d5.jpg\" alt=\"\" \/><\/div>\n<div class=\"scr_text\">\n<p id=\"cs\">Pantalla de gancho<\/p>\n<p><img decoding=\"async\" src=\"https:\/\/www.aarealmachine.com\/wp-content\/uploads\/2021\/06\/d8.jpg\" alt=\"\" \/><\/p>\n<\/div>\n<div class=\"scr_text\">\n<p id=\"cs\">Excitante<\/p>\n<p>&nbsp;<\/p>\n<\/div>\n<\/div>\n<\/div>\n<\/div>\n<\/div>\n<div id=\"index_5\" class=\"del_item\">\n<p><strong>Solicitud:<\/strong><\/p>\n<div class=\"del_intropp\">\n<p id=\"cs\">El tamiz giratorio se usa ampliamente en diferentes aplicaciones en muchas industrias, como la industria qu\u00edmica, miner\u00eda, canteras, potasa, carb\u00f3n, arcilla, alimento para animales, caucho, vidrio, pellets de pl\u00e1stico, harina de madera, reciclaje de metales y productos qu\u00edmicos, cereales, guisantes, operaciones de soja, ma\u00edz, frijol, trigo, cebada, colza y descascarillado. Especialmente adecuado para los requisitos de cribado m\u00e1s exigentes, como arena de s\u00edlice, arena de fractura, apuntalante cer\u00e1mico, carb\u00f3n activado, fertilizante qu\u00edmico, piedra caliza, coque de petr\u00f3leo, gr\u00e1nulos de pl\u00e1stico, polvo de cloruro de polivinilo, sal, az\u00facar, etc.<\/p>\n<\/div>\n<div class=\"screenitem\">\n<div class=\"changpic\"><img decoding=\"async\" src=\"https:\/\/www.aarealmachine.com\/wp-content\/uploads\/2021\/07\/a1-10.jpg\" alt=\"\" \/><\/div>\n<\/div>\n<div class=\"screenitem\">\n<div class=\"changpic\"><img decoding=\"async\" src=\"https:\/\/www.aarealmachine.com\/wp-content\/uploads\/2021\/07\/a2-10.jpg\" alt=\"\" \/><\/div>\n<\/div>\n<\/div>","protected":false},"excerpt":{"rendered":"<p>\ufeff Introduction: \u00a0 \u00a0 \u00a0Our 2AFF model double-check gyratory sifter has a higher capacity than AF model single-deck machine. It has all the benefits of the AF model. It can be fed at single point or independently to each channel. And the screened fractions from each channel can be combined or kept in separate discharge [&hellip;]<\/p>\n","protected":false},"featured_media":3122,"template":"","meta":[],"product_brand":[],"product_cat":[24],"product_tag":[271,269,268,252,259,258,255,256,253,272,254,257,270,273],"class_list":{"0":"post-2191","1":"product","2":"type-product","3":"status-publish","4":"has-post-thumbnail","6":"product_cat-gyratory-screen","7":"product_tag-atlas-gyratory-sifter","8":"product_tag-bigmax-gyratory-sifter","9":"product_tag-gyramax-gyratory-sifter","10":"product_tag-gyratory-screen","11":"product_tag-gyratory-screen-separator","12":"product_tag-gyratory-screening-equipment","13":"product_tag-gyratory-screening-machine","14":"product_tag-gyratory-separator","15":"product_tag-gyratory-sifter","16":"product_tag-gyratory-sifter-for-sand","17":"product_tag-gyratory-vibrating-screen","18":"product_tag-rectangular-gyratory-screen","19":"product_tag-rectangular-sifter","20":"product_tag-sand-gyratory-sifter","22":"first","23":"instock","24":"shipping-taxable","25":"product-type-simple"},"_links":{"self":[{"href":"https:\/\/www.urmachinery.com\/es\/wp-json\/wp\/v2\/product\/2191","targetHints":{"allow":["GET"]}}],"collection":[{"href":"https:\/\/www.urmachinery.com\/es\/wp-json\/wp\/v2\/product"}],"about":[{"href":"https:\/\/www.urmachinery.com\/es\/wp-json\/wp\/v2\/types\/product"}],"wp:featuredmedia":[{"embeddable":true,"href":"https:\/\/www.urmachinery.com\/es\/wp-json\/wp\/v2\/media\/3122"}],"wp:attachment":[{"href":"https:\/\/www.urmachinery.com\/es\/wp-json\/wp\/v2\/media?parent=2191"}],"wp:term":[{"taxonomy":"product_brand","embeddable":true,"href":"https:\/\/www.urmachinery.com\/es\/wp-json\/wp\/v2\/product_brand?post=2191"},{"taxonomy":"product_cat","embeddable":true,"href":"https:\/\/www.urmachinery.com\/es\/wp-json\/wp\/v2\/product_cat?post=2191"},{"taxonomy":"product_tag","embeddable":true,"href":"https:\/\/www.urmachinery.com\/es\/wp-json\/wp\/v2\/product_tag?post=2191"}],"curies":[{"name":"wp","href":"https:\/\/api.w.org\/{rel}","templated":true}]}}