{"id":3016,"date":"2024-06-05T07:00:02","date_gmt":"2024-06-05T07:00:02","guid":{"rendered":"https:\/\/www.urmachinery.com\/?post_type=product&#038;p=3016"},"modified":"2024-06-07T05:54:14","modified_gmt":"2024-06-07T05:54:14","slug":"pantalla-vibratoria-potente","status":"publish","type":"product","link":"https:\/\/www.urmachinery.com\/es\/product\/powerful-vibrating-screen\/","title":{"rendered":"Potente criba vibratoria"},"content":{"rendered":"<div id=\"index_1\" class=\"del_item\">\n<div class=\"del_intro\">\n<div class=\"lcon\">\n<p><strong>Introducci\u00f3n:<\/strong><\/p>\n<div class=\"del_intropp\">\n<p>\u00a0Nuestra potente pantalla vibratoria AYGO no utiliza motor vibratorio sino que utiliza motores de uso general, manteniendo el agente vibratorio y el motor separados. Los pesos superiores e inferiores montados en la parte superior e inferior del agente vibratorio permiten el movimiento tridimensional (horizontal, vertical y oblicuo) y tratamientos seg\u00fan el material adecuadamente.<\/p>\n<p id=\"cs\">\u00a0 El ajuste \u00f3ptimo de las vibraciones y revoluciones es posible integrando el control inverter a la m\u00e1quina.<\/p>\n<p id=\"cs\">\u00a0 Nuestras tamizadoras vibratorias de la serie AYGO satisfacen la demanda del mercado de un tamizado m\u00e1s r\u00e1pido, m\u00e1s fiable y m\u00e1s preciso. La duplicaci\u00f3n de la amplitud permite alcanzar una capacidad de tamizado entre dos y cuatro veces superior a la de los tipos convencionales. Adem\u00e1s, el patr\u00f3n de vibraci\u00f3n se puede modificar en funci\u00f3n de los materiales.<\/p>\n<\/div>\n<\/div>\n<div class=\"rcon\">\n<div class=\"changpic\"><iframe class=\"lazy-loaded\" title=\"reproductor de v\u00eddeos de youtube\" src=\"https:\/\/www.youtube.com\/embed\/zSktYUQKSoM?si=6NgFq_b_bL2EMOdl\" width=\"560\" height=\"315\" frameborder=\"0\" allowfullscreen=\"allowfullscreen\" data-lazy-type=\"iframe\" data-src=\"https:\/\/www.youtube.com\/embed\/zSktYUQKSoM?si=6NgFq_b_bL2EMOdl\" data-mce-fragment=\"1\"><\/iframe><\/div>\n<\/div>\n<\/div>\n<\/div>\n<div id=\"index_2\" class=\"del_item\">\n<p><strong>Caracter\u00edsticas:<\/strong><\/p>\n<p id=\"cs\">1. La aceleraci\u00f3n longitudinal es el doble que la del tamiz rotatorio del producto original (en comparaci\u00f3n con el de nuestra empresa).<\/p>\n<p id=\"cs\">2. La capacidad de manipulaci\u00f3n es de 2 a 4 veces mayor que la del producto original (en comparaci\u00f3n con nuestra empresa). Los materiales que son dif\u00edciles de tamizar dif\u00edcilmente pueden obstruir la malla y el rendimiento tambi\u00e9n se duplica.<\/p>\n<p id=\"cs\">3. El ruido se reduce notablemente. Volumen peque\u00f1o, movimiento c\u00f3modo, sin necesidad de instalaci\u00f3n.<\/p>\n<p id=\"cs\">4. Con fuerza de vibraci\u00f3n m\u00e1s potente y estructura s\u00f3lida.<\/p>\n<p id=\"cs\">5. Es m\u00e1s c\u00f3modo reemplazar la malla de la pantalla.<\/p>\n<p id=\"cs\">6. Accionamiento por motor convencional. Tambi\u00e9n se encuentran disponibles accionamientos por motor a prueba de explosiones.<\/p>\n<\/div>\n<div id=\"index_3\" class=\"del_item\">\n<p><strong>Principio de funcionamiento:<\/strong><\/p>\n<p id=\"cs\">Los pesos superiores e inferiores montados en la parte superior e inferior del agente vibratorio permiten el movimiento tridimensional (horizontal, vertical y oblicuo) y tratamientos seg\u00fan el material de forma adecuada.<\/p>\n<p id=\"cs\">\u00a0Generalmente, las m\u00e1quinas vibran con la superficie de la pantalla como centro, y los pesos montados en ambos extremos del eje del agente vibratorio crean las vibraciones. La revoluci\u00f3n del peso superior genera vibraciones horizontales en la superficie de la pantalla y mueve los materiales alimentados al centro de la pantalla en la direcci\u00f3n de la revoluci\u00f3n. El peso inferior genera vibraciones verticales y mueve los materiales hacia la periferia. Estas vibraciones se combinan para generar movimientos tridimensionales especiales en la pantalla. El cambio de fase del peso superior en relaci\u00f3n con el peso inferior cambia el comportamiento vibratorio, creando as\u00ed el movimiento \u00f3ptimo para los materiales que se est\u00e1n tratando.<\/p>\n<\/div>\n<div id=\"index_4\" class=\"del_item\">\n<p><strong>Par\u00e1metros t\u00e9cnicos:<\/strong><\/p>\n<p><img fetchpriority=\"high\" decoding=\"async\" class=\"wp-image-1679 aligncenter\" src=\"https:\/\/www.aarealmachine.com\/wp-content\/uploads\/2023\/10\/Powerful-Vibrating-Screen-1024x725.jpg\" alt=\"Potente criba vibratoria\" width=\"800\" height=\"567\" \/><\/p>\n<div class=\"pro_table\">\n<table cellspacing=\"0\" cellpadding=\"0\">\n<tbody>\n<tr>\n<td width=\"81\"><strong>Di\u00e1metro (mm)<\/strong><\/td>\n<td width=\"81\">500<\/td>\n<td width=\"81\">800<\/td>\n<td width=\"81\">1000<\/td>\n<td width=\"81\">1200<\/td>\n<td width=\"81\">1500<\/td>\n<\/tr>\n<tr>\n<td width=\"81\"><strong>Motor (KW)<\/strong><\/td>\n<td width=\"81\">0.75<\/td>\n<td width=\"81\">1.5<\/td>\n<td width=\"81\">2.2<\/td>\n<td width=\"81\">3.7<\/td>\n<td width=\"81\">3.7<\/td>\n<\/tr>\n<tr>\n<td width=\"81\"><strong>N\u00famero de vibraci\u00f3n<\/strong><\/td>\n<td colspan=\"3\" width=\"243\">1800 (VPM)<\/td>\n<td width=\"81\">1500 (VPM)<\/td>\n<td width=\"81\">1200 (VPM)<\/td>\n<\/tr>\n<tr>\n<td width=\"81\"><strong>Material<\/strong><\/td>\n<td colspan=\"5\" width=\"406\">Polvo de contacto de la pieza: SUS304 Otros: galvanizado por inmersi\u00f3n en caliente sobre SS400<\/td>\n<\/tr>\n<\/tbody>\n<\/table>\n<p><img decoding=\"async\" class=\"aligncenter wp-image-1678\" src=\"https:\/\/www.aarealmachine.com\/wp-content\/uploads\/2023\/10\/Powerful-Vibrating-Screen-Drawing-1024x737.jpg\" alt=\"Dibujo de pantalla vibratoria potente\" width=\"800\" height=\"576\" \/><\/p>\n<table cellspacing=\"0\" cellpadding=\"0\">\n<tbody>\n<tr>\n<td width=\"98\"><strong>\u00a0<\/strong><strong>Modelo<\/strong><\/td>\n<td width=\"44\"><strong>A<\/strong><\/td>\n<td width=\"47\"><strong>B<\/strong><\/td>\n<td width=\"44\"><strong>C<\/strong><\/td>\n<td width=\"40\"><strong>D<\/strong><\/td>\n<td width=\"39\"><strong>mi<\/strong><\/td>\n<td width=\"40\"><strong>F<\/strong><\/td>\n<td width=\"36\"><strong>GRAMO<\/strong><\/td>\n<td width=\"38\"><strong>h<\/strong><\/td>\n<td width=\"45\"><strong>I<\/strong><\/td>\n<td width=\"47\"><strong>j<\/strong><\/td>\n<td width=\"37\"><strong>K<\/strong><\/td>\n<td width=\"51\"><strong>l<\/strong><\/td>\n<\/tr>\n<tr>\n<td rowspan=\"3\" width=\"98\">AYGO-500-1 AYGO-500-2 AYGO-500-3<\/td>\n<td rowspan=\"3\" width=\"44\">550<\/td>\n<td rowspan=\"3\" width=\"47\">100<\/td>\n<td rowspan=\"3\" width=\"44\">490<\/td>\n<td rowspan=\"3\" width=\"40\">375<\/td>\n<td rowspan=\"3\" width=\"39\">80<\/td>\n<td rowspan=\"3\" width=\"40\">80<\/td>\n<td rowspan=\"3\" width=\"36\">438<\/td>\n<td rowspan=\"3\" width=\"38\">542<\/td>\n<td width=\"45\">&#8212;<\/td>\n<td width=\"47\">&#8212;<\/td>\n<td rowspan=\"3\" width=\"37\">100<\/td>\n<td width=\"51\">723<\/td>\n<\/tr>\n<tr>\n<td width=\"45\">647<\/td>\n<td width=\"47\">&#8212;<\/td>\n<td width=\"51\">828<\/td>\n<\/tr>\n<tr>\n<td width=\"45\">647<\/td>\n<td width=\"47\">752<\/td>\n<td width=\"51\">933<\/td>\n<\/tr>\n<tr>\n<td rowspan=\"3\" width=\"98\">AYGO-800-1 AYGO-800-2 AYGO-800-3<\/td>\n<td rowspan=\"3\" width=\"44\">815<\/td>\n<td rowspan=\"3\" width=\"47\">150<\/td>\n<td rowspan=\"3\" width=\"44\">785<\/td>\n<td rowspan=\"3\" width=\"40\">575<\/td>\n<td rowspan=\"3\" width=\"39\">100<\/td>\n<td rowspan=\"3\" width=\"40\">100<\/td>\n<td rowspan=\"3\" width=\"36\">495<\/td>\n<td rowspan=\"3\" width=\"38\">638<\/td>\n<td width=\"45\">&#8212;<\/td>\n<td width=\"47\">&#8212;<\/td>\n<td rowspan=\"3\" width=\"37\">127<\/td>\n<td width=\"51\">929<\/td>\n<\/tr>\n<tr>\n<td width=\"45\">770<\/td>\n<td width=\"47\">&#8212;<\/td>\n<td width=\"51\">1061<\/td>\n<\/tr>\n<tr>\n<td width=\"45\">770<\/td>\n<td width=\"47\">902<\/td>\n<td width=\"51\">1193<\/td>\n<\/tr>\n<tr>\n<td rowspan=\"3\" width=\"98\">AYGO-1000-1 AYGO-1000-2 AYGO-1000-3<\/td>\n<td rowspan=\"3\" width=\"44\">815<\/td>\n<td rowspan=\"3\" width=\"47\">200<\/td>\n<td rowspan=\"3\" width=\"44\">917<\/td>\n<td rowspan=\"3\" width=\"40\">675<\/td>\n<td rowspan=\"3\" width=\"39\">160<\/td>\n<td rowspan=\"3\" width=\"40\">100<\/td>\n<td rowspan=\"3\" width=\"36\">508<\/td>\n<td rowspan=\"3\" width=\"38\">642<\/td>\n<td width=\"45\">&#8212;<\/td>\n<td width=\"47\">&#8212;<\/td>\n<td rowspan=\"3\" width=\"37\">125<\/td>\n<td width=\"51\">957<\/td>\n<\/tr>\n<tr>\n<td width=\"45\">774<\/td>\n<td width=\"47\">&#8212;<\/td>\n<td width=\"51\">1089<\/td>\n<\/tr>\n<tr>\n<td width=\"45\">774<\/td>\n<td width=\"47\">906<\/td>\n<td width=\"51\">1221<\/td>\n<\/tr>\n<tr>\n<td rowspan=\"3\" width=\"98\">AYGO-1200-1 AYGO-1200-2 AYGO-1200-3<\/td>\n<td rowspan=\"3\" width=\"44\">1030<\/td>\n<td rowspan=\"3\" width=\"47\">250<\/td>\n<td rowspan=\"3\" width=\"44\">1112<\/td>\n<td rowspan=\"3\" width=\"40\">780<\/td>\n<td rowspan=\"3\" width=\"39\">160<\/td>\n<td rowspan=\"3\" width=\"40\">160<\/td>\n<td rowspan=\"3\" width=\"36\">685<\/td>\n<td rowspan=\"3\" width=\"38\">865<\/td>\n<td width=\"45\">&#8212;<\/td>\n<td width=\"47\">&#8212;<\/td>\n<td rowspan=\"3\" width=\"37\">165<\/td>\n<td width=\"51\">1200<\/td>\n<\/tr>\n<tr>\n<td width=\"45\">1035<\/td>\n<td width=\"47\">&#8212;<\/td>\n<td width=\"51\">1370<\/td>\n<\/tr>\n<tr>\n<td width=\"45\">1035<\/td>\n<td width=\"47\">1205<\/td>\n<td width=\"51\">1540<\/td>\n<\/tr>\n<tr>\n<td rowspan=\"3\" width=\"98\">AYGO-1500-1 AYGO-1500-2 AYGO-1500-3<\/td>\n<td rowspan=\"3\" width=\"44\">1030<\/td>\n<td rowspan=\"3\" width=\"47\">250<\/td>\n<td rowspan=\"3\" width=\"44\">1395<\/td>\n<td rowspan=\"3\" width=\"40\">950<\/td>\n<td rowspan=\"3\" width=\"39\">200<\/td>\n<td rowspan=\"3\" width=\"40\">160<\/td>\n<td rowspan=\"3\" width=\"36\">685<\/td>\n<td rowspan=\"3\" width=\"38\">880<\/td>\n<td width=\"45\">&#8212;<\/td>\n<td width=\"47\">&#8212;<\/td>\n<td rowspan=\"3\" width=\"37\">155<\/td>\n<td width=\"51\">1236<\/td>\n<\/tr>\n<tr>\n<td width=\"45\">1040<\/td>\n<td width=\"47\">&#8212;<\/td>\n<td width=\"51\">1396<\/td>\n<\/tr>\n<tr>\n<td width=\"45\">1040<\/td>\n<td width=\"47\">1200<\/td>\n<td width=\"51\">1556<\/td>\n<\/tr>\n<\/tbody>\n<\/table>\n<\/div>\n<\/div>\n<div id=\"index_5\" class=\"del_item\">\n<p><strong>Solicitud:<\/strong><\/p>\n<p id=\"cs\">Referencia de capacidad de manejo:<\/p>\n<div class=\"pro_table\">\n<table cellspacing=\"0\" cellpadding=\"0\">\n<tbody>\n<tr>\n<td colspan=\"2\" width=\"139\"><strong>Nombre<\/strong><\/td>\n<td width=\"69\"><strong>Peso espec\u00edfico<\/strong><\/td>\n<td width=\"65\"><strong>Tama\u00f1o de part\u00edcula (malla)<\/strong><\/td>\n<td colspan=\"2\" width=\"184\"><strong>Tipo poderoso<\/strong><\/td>\n<td colspan=\"2\" width=\"168\"><strong>Tipo ordinario<\/strong><\/td>\n<td width=\"87\"><strong>Relaci\u00f3n de capacidad<\/strong><\/td>\n<\/tr>\n<tr>\n<td width=\"24\">1<\/td>\n<td width=\"115\">quimicos<\/td>\n<td width=\"69\">0.5<\/td>\n<td width=\"65\">400# 500#<\/td>\n<td width=\"107\">AYGO-600-2S<\/td>\n<td width=\"77\">36 kg\/h<\/td>\n<td width=\"89\">AY-600-2S<\/td>\n<td width=\"79\">10 kg\/h<\/td>\n<td width=\"87\">3.35<\/td>\n<\/tr>\n<tr>\n<td width=\"24\">2<\/td>\n<td width=\"115\">Resina<\/td>\n<td width=\"69\">0.9<\/td>\n<td width=\"65\">80#<\/td>\n<td width=\"107\">AYGO-1000-1S<\/td>\n<td width=\"77\">660 kg\/h<\/td>\n<td width=\"89\">AY-1000-1S<\/td>\n<td width=\"79\">283 kg\/h<\/td>\n<td width=\"87\">2.33<\/td>\n<\/tr>\n<tr>\n<td width=\"24\">3<\/td>\n<td width=\"115\">Siliciuro alcalino<\/td>\n<td width=\"69\">1.3<\/td>\n<td width=\"65\">60#<\/td>\n<td width=\"107\">AYGO-1000-1S<\/td>\n<td width=\"77\">970 kg\/h<\/td>\n<td width=\"89\">AY-1000-1S<\/td>\n<td width=\"79\">800 kg\/h<\/td>\n<td width=\"87\">1.21<\/td>\n<\/tr>\n<tr>\n<td width=\"24\">4<\/td>\n<td width=\"115\">\u00a0S\u00edlice<\/td>\n<td width=\"69\">0.9<\/td>\n<td width=\"65\">100#<\/td>\n<td width=\"107\">AYGO-1000-1S<\/td>\n<td width=\"77\">500 kg\/h<\/td>\n<td width=\"89\">AY-1000-1S<\/td>\n<td width=\"79\">280 kg\/h<\/td>\n<td width=\"87\">1.79<\/td>\n<\/tr>\n<tr>\n<td width=\"24\">5<\/td>\n<td width=\"115\">S\u00edlice procesada<\/td>\n<td width=\"69\">0.5<\/td>\n<td width=\"65\">100#<\/td>\n<td width=\"107\">AYGO-1000-1S<\/td>\n<td width=\"77\">32 kg\/h<\/td>\n<td width=\"89\">AY-1000-1S<\/td>\n<td width=\"79\">28 kg\/h<\/td>\n<td width=\"87\">2.74<\/td>\n<\/tr>\n<tr>\n<td width=\"24\">6<\/td>\n<td width=\"115\">Arena de s\u00edlice<\/td>\n<td width=\"69\">1.5<\/td>\n<td width=\"65\">35#<\/td>\n<td width=\"107\">AYGO-1000-1S<\/td>\n<td width=\"77\">2000 kg\/h<\/td>\n<td width=\"89\">AY-1000-1S<\/td>\n<td width=\"79\">1000 kg\/h<\/td>\n<td width=\"87\">2.00<\/td>\n<\/tr>\n<tr>\n<td width=\"24\">7<\/td>\n<td width=\"115\">Productos farmac\u00e9uticos<\/td>\n<td width=\"69\">0.6<\/td>\n<td width=\"65\">14# 50#<\/td>\n<td width=\"107\">AYGO-600-2S<\/td>\n<td width=\"77\">38 kg\/h<\/td>\n<td width=\"89\">AY-600-2S<\/td>\n<td width=\"79\">12 kg\/h<\/td>\n<td width=\"87\">3.35<\/td>\n<\/tr>\n<tr>\n<td width=\"24\">8<\/td>\n<td width=\"115\">Material abrasivo<\/td>\n<td width=\"69\">2.5<\/td>\n<td width=\"65\">32#<\/td>\n<td width=\"107\">AYGO-800-1S<\/td>\n<td width=\"77\">3700 kg\/h<\/td>\n<td width=\"89\">AY-800-1S<\/td>\n<td width=\"79\">560 kg\/h<\/td>\n<td width=\"87\">6.60<\/td>\n<\/tr>\n<\/tbody>\n<\/table>\n<\/div>\n<\/div>","protected":false},"excerpt":{"rendered":"<p>Introduction: \u00a0Our AYGO powerful vibrating screen does not use vibrating motor but instead use general-purpose motors, keeping the vibratory agent and motor separate.The upper and lower weights mounted to the top and bottom of the vibratory agent enable the three-dimensional movement (horizontal, verticle and oblique) and treatments according to the material properly. \u00a0 The optimal [&hellip;]<\/p>\n","protected":false},"featured_media":3126,"template":"","meta":[],"product_brand":[],"product_cat":[36],"product_tag":[1010,1008,1009,1011],"class_list":{"0":"post-3016","1":"product","2":"type-product","3":"status-publish","4":"has-post-thumbnail","6":"product_cat-round-separator","7":"product_tag-powder-vibrating-screen","8":"product_tag-powerful-vibrating-screen","9":"product_tag-powerful-vibrating-sieve","10":"product_tag-vibrating-screen-for-powder","12":"first","13":"instock","14":"shipping-taxable","15":"product-type-simple"},"_links":{"self":[{"href":"https:\/\/www.urmachinery.com\/es\/wp-json\/wp\/v2\/product\/3016","targetHints":{"allow":["GET"]}}],"collection":[{"href":"https:\/\/www.urmachinery.com\/es\/wp-json\/wp\/v2\/product"}],"about":[{"href":"https:\/\/www.urmachinery.com\/es\/wp-json\/wp\/v2\/types\/product"}],"wp:featuredmedia":[{"embeddable":true,"href":"https:\/\/www.urmachinery.com\/es\/wp-json\/wp\/v2\/media\/3126"}],"wp:attachment":[{"href":"https:\/\/www.urmachinery.com\/es\/wp-json\/wp\/v2\/media?parent=3016"}],"wp:term":[{"taxonomy":"product_brand","embeddable":true,"href":"https:\/\/www.urmachinery.com\/es\/wp-json\/wp\/v2\/product_brand?post=3016"},{"taxonomy":"product_cat","embeddable":true,"href":"https:\/\/www.urmachinery.com\/es\/wp-json\/wp\/v2\/product_cat?post=3016"},{"taxonomy":"product_tag","embeddable":true,"href":"https:\/\/www.urmachinery.com\/es\/wp-json\/wp\/v2\/product_tag?post=3016"}],"curies":[{"name":"wp","href":"https:\/\/api.w.org\/{rel}","templated":true}]}}