{"id":3193,"date":"2024-05-30T10:00:54","date_gmt":"2024-05-30T10:00:54","guid":{"rendered":"https:\/\/www.urmachinery.com\/?post_type=product&#038;p=3193"},"modified":"2024-06-07T06:38:27","modified_gmt":"2024-06-07T06:38:27","slug":"motor-vibratory-feeder","status":"publish","type":"product","link":"https:\/\/www.urmachinery.com\/es\/product\/motor-vibratory-feeder\/","title":{"rendered":"Alimentador vibratorio motorizado"},"content":{"rendered":"<p><iframe title=\"reproductor de v\u00eddeos de youtube\" src=\"https:\/\/www.youtube.com\/embed\/dba3NqZZwwA?si=pgZgDQz0o93tKTVI\" width=\"560\" height=\"315\" frameborder=\"0\" allowfullscreen=\"allowfullscreen\"><\/iframe><\/p>\n<div id=\"index_1\" class=\"del_item\">\n<div class=\"del_intro\">\n<div class=\"lcon\">\n<p><strong>Introducci\u00f3n:<\/strong><\/p>\n<div class=\"del_intropp\">\n<p id=\"cs\">\u00a0 ZG series motor vibrating feeder is a new type and energy saving general feeding equipment. This machine adopts new type vibration motor as the excitation source.<\/p>\n<p id=\"cs\">\u00a0 There are many advantages such as simple compact structure, easy to use and maintenance, continuous and uniform feeding, small trough wear, long service life a and so on.<\/p>\n<p id=\"cs\">\u00a0 Esta m\u00e1quina a menudo se combina con un transportador vibratorio, una criba vibratoria, un elevador de cangilones, una trituradora, etc.<\/p>\n<p id=\"cs\">\u00a0 It is used in automatic distribution, quantitative packaging, automatic control of the technological process, which is the ideal feeding equipment of metallurgy, mining, electricity, building materials, chemicals, machinery and other industries.<\/p>\n<\/div>\n<\/div>\n<div class=\"rcon\">\n<div class=\"changpic\"><\/div>\n<\/div>\n<\/div>\n<\/div>\n<div id=\"index_2\" class=\"del_item\">\n<p><strong>Caracter\u00edsticas:<\/strong><\/p>\n<div class=\"del_intropp\">\n<p id=\"cs\">El alimentador vibratorio se utiliza ampliamente en metalurgia, minas de carb\u00f3n, beneficio, materiales de construcci\u00f3n, industrias qu\u00edmicas, abrasivas y otras industrias en equipos combinados de trituraci\u00f3n y cribado.<\/p>\n<\/div>\n<p>El alimentador vibratorio se utiliza en el proceso de producci\u00f3n para distribuir materiales en bloques, granos y polvo de manera uniforme, continua o cuantitativa desde el almac\u00e9n de almacenamiento o la tolva hasta el equipo receptor. Puede ajustar la cantidad de alimentaci\u00f3n de forma continua y realizar el control centralizado y el control autom\u00e1tico del proceso de producci\u00f3n. Puede alimentar cintas transportadoras, elevadores de cangilones, equipos de cribado, trituradoras, pulverizadores, etc., as\u00ed como procesamiento por lotes autom\u00e1tico, envasado cuantitativo, etc., y puede utilizar procesos de control autom\u00e1tico para lograr la automatizaci\u00f3n de los procesos de producci\u00f3n.<\/p>\n<p id=\"cs\">\u00a0 The vibrating feeder has the advantages of simple structure, convenient operation, no need of lubrication and small power consumption, and it can evenly adjust the ore feeding amount. Therefore, it has been widely applied. It is generally used for loose materials. According to the equipment performance requirements, the design shall be configured to minimize the pressure of the material on the trough body. According to the manufacturer&#8217;s requirements, the effective discharge opening of the silo shall not be greater than a quarter of the width of the groove, and the flow speed of the material shall be controlled at 6-18 m\/min. For materials with a large feeding amount, a ore blocking plate at a sufficient height should be set at the bottom of the silo. In order not to affect the performance of the feeder, the blocking plate shall not be fixed on the trough body. In order to enable the bin to be discharged smoothly, the inclination angle of the rear wall of the silo is preferably designed to be 55~65 degrees.<\/p>\n<\/div>\n<div id=\"index_3\" class=\"del_item\">\n<p>&nbsp;<\/p>\n<p><strong>Principio de funcionamiento:<\/strong><\/p>\n<div class=\"del_intropp\">\n<p id=\"cs\">El alimentador vibratorio serie ZG es impulsado por un nuevo tipo de motor de vibraci\u00f3n, que hace que el cuerpo del tamiz realice un movimiento alternativo lineal peri\u00f3dico a lo largo de la direcci\u00f3n de la ranura para lograr una alimentaci\u00f3n uniforme y cuantitativa. El alimentador de vibraci\u00f3n serie ZG se compone de un cuerpo de material, un motor de vibraci\u00f3n y un dispositivo de amortiguaci\u00f3n de vibraciones.<\/p>\n<p id=\"cs\"><strong>Installation, Commissioning, Use and Maintenance of Motor Vibrating Feeder:<\/strong><\/p>\n<p id=\"cs\">(1) When using a vibrating feeder for batching and dosing, in order to ensure uniform and stable feeding and prevent material from flowing, it should be installed horizontally. For continuous feeding of general materials, it can be installed down 10\u00b0. For viscous materials and materials with large water content, it can be installed down 15\u00b0.<\/p>\n<p id=\"cs\">(2) Can be tilted down 15\u00b0 for installation.<\/p>\n<p id=\"cs\">(3) After installation, the feeder should have a 20mm running clearance, the horizontal should be horizontal, and the suspension device should be flexible connected.<\/p>\n<p id=\"cs\">(4) Before empty commissioning, all bolts should be tightened once, especially the anchor bolts of the vibration motor, which should be re-tightened once for 3~5 hours of continuous operation.<\/p>\n<p id=\"cs\">(5) When commissioning, the two vibration motors must rotate in opposite directions.<\/p>\n<p id=\"cs\">(6) During the operation of the feeder, the stability of the amplitude, current and noise should be checked frequently. Stop it in time if any abnormality is found.<\/p>\n<p id=\"cs\">(7) Lubricate the motor bearings every 2 months, and lubricate once a month during high temperature seasons.<\/p>\n<\/div>\n<\/div>\n<div id=\"index_4\" class=\"del_item\">\n<p>&nbsp;<\/p>\n<p><strong>Par\u00e1metros t\u00e9cnicos:<\/strong><\/p>\n<div class=\"del_intropp\">\n<div class=\"pro_table\">\n<table cellspacing=\"0\" cellpadding=\"0\">\n<tbody>\n<tr>\n<td width=\"63\"><strong>Modelo<\/strong><\/td>\n<td width=\"85\"><strong>Feed Material Size (mm)<\/strong><\/td>\n<td width=\"45\"><strong>Capacidad (t\/h)<\/strong><\/td>\n<td width=\"69\"><strong>Modelo de fuente de autovibraci\u00f3n<\/strong><\/td>\n<td width=\"64\"><strong>Modelo de motor de vibraci\u00f3n<\/strong><\/td>\n<td width=\"39\"><strong>Potencia (kilovatios)<\/strong><\/td>\n<td width=\"50\"><strong>Vibrating Frequency (Hz)<\/strong><\/td>\n<td width=\"50\"><strong>Doble amplitud (mm)<\/strong><\/td>\n<td width=\"39\"><strong>Exciting Force (KN)<\/strong><\/td>\n<td width=\"40\"><strong>Ref. Weight (Kg)<\/strong><\/td>\n<td width=\"86\"><strong>Punto \u00fanico<\/strong>\u00a0<strong>Carga din\u00e1mica<\/strong>\u00a0<strong>(Kg)<\/strong><\/td>\n<\/tr>\n<tr>\n<td width=\"63\">ZG-35-90<\/td>\n<td width=\"85\">0-60<\/td>\n<td width=\"45\">25<\/td>\n<td width=\"69\">WLZD-2*2.5-4<\/td>\n<td width=\"64\">YZO-2.5-4<\/td>\n<td width=\"39\">0.25*2<\/td>\n<td width=\"50\">25<\/td>\n<td width=\"50\">2-4<\/td>\n<td width=\"39\">2.5*2<\/td>\n<td width=\"40\">174<\/td>\n<td width=\"86\">30<\/td>\n<\/tr>\n<tr>\n<td width=\"63\">ZG-45-90<\/td>\n<td width=\"85\">0-60<\/td>\n<td width=\"45\">30<\/td>\n<td width=\"69\">WLZD-2*5-4<\/td>\n<td width=\"64\">YZO-5-4<\/td>\n<td width=\"39\">0.4*2<\/td>\n<td width=\"50\">25<\/td>\n<td width=\"50\">2-4<\/td>\n<td width=\"39\">5*2<\/td>\n<td width=\"40\">184<\/td>\n<td width=\"86\">30<\/td>\n<\/tr>\n<tr>\n<td width=\"63\">ZG-45-90<\/td>\n<td width=\"85\">0-100<\/td>\n<td width=\"45\">50<\/td>\n<td width=\"69\">WLZD-2*5-4<\/td>\n<td width=\"64\">YZO-5-4<\/td>\n<td width=\"39\">0.4*2<\/td>\n<td width=\"50\">25<\/td>\n<td width=\"50\">2-4<\/td>\n<td width=\"39\">5*2<\/td>\n<td width=\"40\">235<\/td>\n<td width=\"86\">38<\/td>\n<\/tr>\n<tr>\n<td width=\"63\">ZG-70-100<\/td>\n<td width=\"85\">0-150<\/td>\n<td width=\"45\">100<\/td>\n<td width=\"69\">WLZD-2*8-4<\/td>\n<td width=\"64\">YZO-8-4<\/td>\n<td width=\"39\">0.75*2<\/td>\n<td width=\"50\">25<\/td>\n<td width=\"50\">2-4<\/td>\n<td width=\"39\">8*2<\/td>\n<td width=\"40\">342<\/td>\n<td width=\"86\">50<\/td>\n<\/tr>\n<tr>\n<td width=\"63\">ZG-80-120<\/td>\n<td width=\"85\">0-150<\/td>\n<td width=\"45\">200<\/td>\n<td width=\"69\">WLZD-2*17-4<\/td>\n<td width=\"64\">YZO-17-4<\/td>\n<td width=\"39\">0.75*2<\/td>\n<td width=\"50\">25<\/td>\n<td width=\"50\">2-4<\/td>\n<td width=\"39\">17*2<\/td>\n<td width=\"40\">372<\/td>\n<td width=\"86\">60<\/td>\n<\/tr>\n<tr>\n<td width=\"63\">ZG-90-150<\/td>\n<td width=\"85\">0-150<\/td>\n<td width=\"45\">300<\/td>\n<td width=\"69\"><\/td>\n<td width=\"64\">YZO-20-4<\/td>\n<td width=\"39\">2.0*2<\/td>\n<td width=\"50\">25<\/td>\n<td width=\"50\">4-6<\/td>\n<td width=\"39\">20*2<\/td>\n<td width=\"40\">606<\/td>\n<td width=\"86\">80<\/td>\n<\/tr>\n<tr>\n<td width=\"63\">ZG-95-150<\/td>\n<td width=\"85\">0-150<\/td>\n<td width=\"45\">400<\/td>\n<td width=\"69\"><\/td>\n<td width=\"64\">YZO-20-4<\/td>\n<td width=\"39\">2.0*2<\/td>\n<td width=\"50\">25<\/td>\n<td width=\"50\">4-6<\/td>\n<td width=\"39\">20*2<\/td>\n<td width=\"40\">646<\/td>\n<td width=\"86\">85<\/td>\n<\/tr>\n<tr>\n<td width=\"63\">ZG-140-180<\/td>\n<td width=\"85\">0-150<\/td>\n<td width=\"45\">750<\/td>\n<td width=\"69\"><\/td>\n<td width=\"64\">YZO-30-4<\/td>\n<td width=\"39\">2.5*2<\/td>\n<td width=\"50\">25<\/td>\n<td width=\"50\">4-6<\/td>\n<td width=\"39\">30*2<\/td>\n<td width=\"40\">1030<\/td>\n<td width=\"86\">180<\/td>\n<\/tr>\n<tr>\n<td width=\"63\">ZG-160-180<\/td>\n<td width=\"85\">0-150<\/td>\n<td width=\"45\">1000<\/td>\n<td width=\"69\"><\/td>\n<td width=\"64\">YZO-50-4<\/td>\n<td width=\"39\">3.7*2<\/td>\n<td width=\"50\">25<\/td>\n<td width=\"50\">4-6<\/td>\n<td width=\"39\">50*2<\/td>\n<td width=\"40\">1156<\/td>\n<td width=\"86\">200<\/td>\n<\/tr>\n<\/tbody>\n<\/table>\n<\/div>\n<\/div>\n<\/div>\n<div id=\"index_5\" class=\"del_item\">\n<p>&nbsp;<\/p>\n<p><strong>Solicitud:<\/strong><\/p>\n<div class=\"del_intropp\">\n<p id=\"cs\">\u00a0 The vibrating feeder is often matched with vibrating conveyor, vibrating screen, bucket elevator, crusher etc..<\/p>\n<p id=\"cs\">\u00a0 It is used in automatic distribution, quantitative packaging, automatic control of the technological process, which is the ideal feeding equipment of metallurgy, mining, electricity, building materials, chemicals, machinery and other industries.<\/p>\n<\/div>\n<\/div>","protected":false},"excerpt":{"rendered":"<p>Introduction: \u00a0 ZG series motor vibrating feeder is a new type and energy saving general feeding equipment. This machine adopts new type vibration motor as the excitation source. \u00a0 There are many advantages such as simple compact structure, easy to use and maintenance, continuous and uniform feeding, small trough wear, long service life a and [&hellip;]<\/p>\n","protected":false},"featured_media":3194,"template":"","meta":[],"product_brand":[],"product_cat":[42],"product_tag":[1260,1261,1262,1250,1251,1252],"class_list":{"0":"post-3193","1":"product","2":"type-product","3":"status-publish","4":"has-post-thumbnail","6":"product_cat-vibratory-feeder","7":"product_tag-motor-vibrating-feeder","8":"product_tag-motor-vibratory-feeder","9":"product_tag-vibrating-feeder-manufacturer","10":"product_tag-vibratory-feeder","11":"product_tag-vibratory-feeder-manufacturer","12":"product_tag-vibratory-feeder-supplier","14":"first","15":"instock","16":"shipping-taxable","17":"product-type-simple"},"_links":{"self":[{"href":"https:\/\/www.urmachinery.com\/es\/wp-json\/wp\/v2\/product\/3193","targetHints":{"allow":["GET"]}}],"collection":[{"href":"https:\/\/www.urmachinery.com\/es\/wp-json\/wp\/v2\/product"}],"about":[{"href":"https:\/\/www.urmachinery.com\/es\/wp-json\/wp\/v2\/types\/product"}],"wp:featuredmedia":[{"embeddable":true,"href":"https:\/\/www.urmachinery.com\/es\/wp-json\/wp\/v2\/media\/3194"}],"wp:attachment":[{"href":"https:\/\/www.urmachinery.com\/es\/wp-json\/wp\/v2\/media?parent=3193"}],"wp:term":[{"taxonomy":"product_brand","embeddable":true,"href":"https:\/\/www.urmachinery.com\/es\/wp-json\/wp\/v2\/product_brand?post=3193"},{"taxonomy":"product_cat","embeddable":true,"href":"https:\/\/www.urmachinery.com\/es\/wp-json\/wp\/v2\/product_cat?post=3193"},{"taxonomy":"product_tag","embeddable":true,"href":"https:\/\/www.urmachinery.com\/es\/wp-json\/wp\/v2\/product_tag?post=3193"}],"curies":[{"name":"wp","href":"https:\/\/api.w.org\/{rel}","templated":true}]}}